{"id":10276,"date":"2024-04-29T15:35:15","date_gmt":"2024-04-29T13:35:15","guid":{"rendered":"https:\/\/www.graaaf.com\/startseite-v4\/"},"modified":"2026-01-22T13:00:42","modified_gmt":"2026-01-22T12:00:42","slug":"homepage-v4","status":"publish","type":"page","link":"https:\/\/www.graaaf.com\/de\/","title":{"rendered":"Homepage"},"content":{"rendered":"<div class=\"wpb-content-wrapper\">[vc_row thb_full_width=&#8221;true&#8221; thb_row_padding=&#8221;true&#8221; thb_column_padding=&#8221;true&#8221; full_height=&#8221;yes&#8221; el_class=&#8221;home-starfield&#8221;][vc_column css=&#8221;.vc_custom_1543413602279{margin-bottom: 0px !important;padding-bottom: 0px !important;}&#8221;][vc_raw_html]PGxpbmsgcmVsPSJzdHlsZXNoZWV0IiBtZWRpYT0ic2NyZWVuIiBocmVmPSJodHRwczovL3d3dy5ncmFhYWYuY29tL3Rlc3RzL3BhcnRpY2xlc18xX3NlbGYtY29udGFpbmVkL2Nzcy9zdHlsZS5jc3MiPgoKPCEtLSBzY3JpcHRzIC0tPgo8c2NyaXB0IHNyYz0iaHR0cHM6Ly93d3cuZ3JhYWFmLmNvbS90ZXN0cy9wYXJ0aWNsZXNfMV9zZWxmLWNvbnRhaW5lZC9wYXJ0aWNsZXMuanMiPjwvc2NyaXB0Pgo8c2NyaXB0IHNyYz0iaHR0cHM6Ly93d3cuZ3JhYWFmLmNvbS90ZXN0cy9wYXJ0aWNsZXNfMV9zZWxmLWNvbnRhaW5lZC9qcy9hcHAuanMiPjwvc2NyaXB0PgoKCgo8IS0tIHBhcnRpY2xlcy5qcyBjb250YWluZXIgLS0+CjxkaXYgY2xhc3M9ImFhX3NlYyI+Cgk8ZGl2IGNsYXNzPSJhYV90ZXh0Ij4KPGltZyBzcmM9Imh0dHBzOi8vd3d3LmdyYWFhZi5jb20vdGVzdHMvcGFydGljbGVzXzFfc2VsZi1jb250YWluZWQvaW1hZ2VzL2JlY29tZS12aXNpYmxlLW9ubGluZS1tb2JpbGUucG5nIiBjbGFzcz0idmlzaWJsZS1tb2JpbGUiPgogICAgPGltZyBzcmM9Imh0dHBzOi8vd3d3LmdyYWFhZi5jb20vdGVzdHMvcGFydGljbGVzXzFfc2VsZi1jb250YWluZWQvaW1hZ2VzL2JlY29tZS12aXNpYmxlLW9ubGluZS5wbmciIGNsYXNzPSJoaWRkZW4tbW9iaWxlIj4KCTwvZGl2Pgo8L2Rpdj4KCjxkaXYgaWQ9InBhcnRpY2xlcy1qcyI+PC9kaXY+Cg==[\/vc_raw_html][\/vc_column][\/vc_row][vc_row thb_full_width=&#8221;true&#8221; css=&#8221;.vc_custom_1557388772963{margin-top: -4em !important;padding-top: 10vh !important;padding-bottom: 10vh !important;}&#8221;][vc_column width=&#8221;1\/4&#8243;][\/vc_column][vc_column width=&#8221;1\/2&#8243; css=&#8221;.vc_custom_1557388549430{padding-top: 8vh !important;padding-right: 8vh !important;padding-bottom: 8vh !important;padding-left: 8vh !important;background-color: #00fbce !important;}&#8221; el_class=&#8221;home-intro-box&#8221;][vc_column_text]\n<h2 style=\"text-align: left;\"><span style=\"color: #ffffff;\">Salut!<\/span><br \/>\n<span style=\"color: #271184;\">Wir sind eine Agentur f\u00fcr digitales Marketing mit Sitz in Basel, Schweiz.<\/span><\/h2>\n<p>Wir sind klein und wendig. Bei Bedarf k\u00f6nnen wir aber auch gr\u00f6\u00dfere Projekte bew\u00e4ltigen, indem wir auf unser Expertennetzwerk zur\u00fcckgreifen.<\/p>\n<p><span class=\"arrow-blue\" style=\"color: #ffffff;\"><a href=\"https:\/\/www.graaaf.com\/de\/agentur\/\">Mehr lesen<\/a><\/span>[\/vc_column_text][\/vc_column][vc_column width=&#8221;1\/4&#8243;][\/vc_column][\/vc_row][vc_row thb_full_width=&#8221;true&#8221; thb_column_padding=&#8221;true&#8221; css=&#8221;.vc_custom_1543417131603{padding-top: 10em !important;padding-bottom: 10em !important;}&#8221; el_class=&#8221;box-services&#8221;][vc_column][vc_column_text]\n<h2 style=\"text-align: center;\">Unsere Dienstleistungen<\/h2>\n[\/vc_column_text][vc_row_inner][vc_column_inner width=&#8221;1\/3&#8243;]\t<div id=\"thb-fancy-box-6a01c05377e88\" class=\"thb-fancy-box  fancy-dark fancy-style1  thb-top-left    has-link\">\n\t\t\t\t<a href=\"https:\/\/www.graaaf.com\/services\/google-ads\/\" class=\"thb-fancy-link\n\t\t\t\t\t\t\t\" target=\"_self\">\n\t\t\t\t\t\t\t<div class=\"thb-animated-arrow circular arrow-right\"><svg xmlns=\"http:\/\/www.w3.org\/2000\/svg\" xmlns:xlink=\"http:\/\/www.w3.org\/1999\/xlink\" x=\"0px\" y=\"0px\"\n\t width=\"30px\" height=\"18px\" viewBox=\"0 0 30 18\" enable-background=\"new 0 0 30 18\" xml:space=\"preserve\">\n<path class=\"handle\" d=\"M2.511,9.007l7.185-7.221c0.407-0.409,0.407-1.071,0-1.48s-1.068-0.409-1.476,0L0.306,8.259\n\tc-0.408,0.41-0.408,1.072,0,1.481l7.914,7.952c0.407,0.408,1.068,0.408,1.476,0s0.407-1.07,0-1.479L2.511,9.007z\"\/>\n<path class=\"bar\" fill-rule=\"evenodd\" clip-rule=\"evenodd\" d=\"M30,9c0,0.553-0.447,1-1,1H1c-0.551,0-1-0.447-1-1c0-0.552,0.449-1,1-1h28.002\n\tC29.554,8,30,8.448,30,9z\"\/>\n<\/svg>\n<\/div>\n\t\t\t\t\t<\/a>\n\t\t\t\t<div class=\"thb-fancy-image-container\n\t\t\">\n\t\t\t<div class=\"thb-fancy-image\">\n\t\t\t\t\t\t\t<\/div>\n\t\t<\/div>\n\t\t\t\t<div class=\"thb-fancy-hover\"><\/div>\n\t\t\t\t<div class=\"thb-fancy-content\n\t\t\">\n\t\t\t\t\t\t<div class=\"thb-fancy-text-content\">\n\t\t\t\t\n<h3>Google-Anzeigen<\/h3>\n<p>M\u00fcssen Sie online schnell sichtbar werden? Google Adwords-Kampagnen sind ein leistungsf\u00e4higes Instrument, um Ihre Website bei Ihrem Publikum bekannt zu machen.<\/p>\t\t\t<\/div>\n\t\t<\/div>\n\t\t<style>\n\t\t\t#thb-fancy-box-6a01c05377e88,\n\t\t\t#thb-fancy-box-6a01c05377e88.fancy-style5 .thb-fancy-image-container,\n\t\t\t#thb-fancy-box-6a01c05377e88 .atvImg-container,\n\t\t\t#thb-fancy-box-6a01c05377e88 .atvImg-layers {\n\t\t\t\tmin-height: 350px;\n\t\t\t}\n\t\t\t\t\t\t\t\t\t\t\t\t\t\t\t#thb-fancy-box-6a01c05377e88 .thb-fancy-hover {\n\t\t\t\t\t\tbackground:rgba(0,253,233,0.08);background:linear-gradient( -135deg,rgba(0,242,251,0.16),rgba(0,253,233,0.08) );\t\t\t\t\t}\n\t\t\t\t\t\t\t\t\t\t\t\t\t\t\t<\/style>\n\t<\/div>\n\n\t[\/vc_column_inner][vc_column_inner width=&#8221;1\/3&#8243;]\t<div id=\"thb-fancy-box-6a01c053785f0\" class=\"thb-fancy-box  fancy-dark fancy-style1  thb-top-left    has-link\">\n\t\t\t\t<a href=\"https:\/\/www.graaaf.com\/services\/facebook-advertising\/\" class=\"thb-fancy-link\n\t\t\t\t\t\t\t\" target=\"_self\">\n\t\t\t\t\t\t\t<div class=\"thb-animated-arrow circular arrow-right\"><svg xmlns=\"http:\/\/www.w3.org\/2000\/svg\" xmlns:xlink=\"http:\/\/www.w3.org\/1999\/xlink\" x=\"0px\" y=\"0px\"\n\t width=\"30px\" height=\"18px\" viewBox=\"0 0 30 18\" enable-background=\"new 0 0 30 18\" xml:space=\"preserve\">\n<path class=\"handle\" d=\"M2.511,9.007l7.185-7.221c0.407-0.409,0.407-1.071,0-1.48s-1.068-0.409-1.476,0L0.306,8.259\n\tc-0.408,0.41-0.408,1.072,0,1.481l7.914,7.952c0.407,0.408,1.068,0.408,1.476,0s0.407-1.07,0-1.479L2.511,9.007z\"\/>\n<path class=\"bar\" fill-rule=\"evenodd\" clip-rule=\"evenodd\" d=\"M30,9c0,0.553-0.447,1-1,1H1c-0.551,0-1-0.447-1-1c0-0.552,0.449-1,1-1h28.002\n\tC29.554,8,30,8.448,30,9z\"\/>\n<\/svg>\n<\/div>\n\t\t\t\t\t<\/a>\n\t\t\t\t<div class=\"thb-fancy-image-container\n\t\t\">\n\t\t\t<div class=\"thb-fancy-image\">\n\t\t\t\t\t\t\t<\/div>\n\t\t<\/div>\n\t\t\t\t<div class=\"thb-fancy-hover\"><\/div>\n\t\t\t\t<div class=\"thb-fancy-content\n\t\t\">\n\t\t\t\t\t\t<div class=\"thb-fancy-text-content\">\n\t\t\t\t\n<h3>Facebook-Werbung<\/h3>\n<p>Haben Sie Probleme, in den sozialen Netzwerken sichtbar zu sein? Facebook-Werbung kann eine gute L\u00f6sung sein, um ein gezieltes Publikum zu erreichen.<\/p>\t\t\t<\/div>\n\t\t<\/div>\n\t\t<style>\n\t\t\t#thb-fancy-box-6a01c053785f0,\n\t\t\t#thb-fancy-box-6a01c053785f0.fancy-style5 .thb-fancy-image-container,\n\t\t\t#thb-fancy-box-6a01c053785f0 .atvImg-container,\n\t\t\t#thb-fancy-box-6a01c053785f0 .atvImg-layers {\n\t\t\t\tmin-height: 350px;\n\t\t\t}\n\t\t\t\t\t\t\t\t\t\t\t\t\t\t\t#thb-fancy-box-6a01c053785f0 .thb-fancy-hover {\n\t\t\t\t\t\tbackground:rgba(0,253,233,0.08);background:linear-gradient( -135deg,rgba(0,242,251,0.16),rgba(0,253,233,0.08) );\t\t\t\t\t}\n\t\t\t\t\t\t\t\t\t\t\t\t\t\t\t<\/style>\n\t<\/div>\n\n\t[\/vc_column_inner][vc_column_inner width=&#8221;1\/3&#8243;]\t<div id=\"thb-fancy-box-6a01c05378726\" class=\"thb-fancy-box  fancy-dark fancy-style1  thb-top-left    has-link\">\n\t\t\t\t<a href=\"https:\/\/www.graaaf.com\/services\/search-engine-optimization-seo\/\" class=\"thb-fancy-link\n\t\t\t\t\t\t\t\" target=\"_self\">\n\t\t\t\t\t\t\t<div class=\"thb-animated-arrow circular arrow-right\"><svg xmlns=\"http:\/\/www.w3.org\/2000\/svg\" xmlns:xlink=\"http:\/\/www.w3.org\/1999\/xlink\" x=\"0px\" y=\"0px\"\n\t width=\"30px\" height=\"18px\" viewBox=\"0 0 30 18\" enable-background=\"new 0 0 30 18\" xml:space=\"preserve\">\n<path class=\"handle\" d=\"M2.511,9.007l7.185-7.221c0.407-0.409,0.407-1.071,0-1.48s-1.068-0.409-1.476,0L0.306,8.259\n\tc-0.408,0.41-0.408,1.072,0,1.481l7.914,7.952c0.407,0.408,1.068,0.408,1.476,0s0.407-1.07,0-1.479L2.511,9.007z\"\/>\n<path class=\"bar\" fill-rule=\"evenodd\" clip-rule=\"evenodd\" d=\"M30,9c0,0.553-0.447,1-1,1H1c-0.551,0-1-0.447-1-1c0-0.552,0.449-1,1-1h28.002\n\tC29.554,8,30,8.448,30,9z\"\/>\n<\/svg>\n<\/div>\n\t\t\t\t\t<\/a>\n\t\t\t\t<div class=\"thb-fancy-image-container\n\t\t\">\n\t\t\t<div class=\"thb-fancy-image\">\n\t\t\t\t\t\t\t<\/div>\n\t\t<\/div>\n\t\t\t\t<div class=\"thb-fancy-hover\"><\/div>\n\t\t\t\t<div class=\"thb-fancy-content\n\t\t\">\n\t\t\t\t\t\t<div class=\"thb-fancy-text-content\">\n\t\t\t\t\n<h3>Optimierung der Suchmaschine<\/h3>\n<p>M\u00f6chten Sie in den organischen Suchergebnissen von Google ganz nach oben gelangen?<\/p>\t\t\t<\/div>\n\t\t<\/div>\n\t\t<style>\n\t\t\t#thb-fancy-box-6a01c05378726,\n\t\t\t#thb-fancy-box-6a01c05378726.fancy-style5 .thb-fancy-image-container,\n\t\t\t#thb-fancy-box-6a01c05378726 .atvImg-container,\n\t\t\t#thb-fancy-box-6a01c05378726 .atvImg-layers {\n\t\t\t\tmin-height: 350px;\n\t\t\t}\n\t\t\t\t\t\t\t\t\t\t\t\t\t\t\t#thb-fancy-box-6a01c05378726 .thb-fancy-hover {\n\t\t\t\t\t\tbackground:rgba(0,253,233,0.08);background:linear-gradient( -135deg,rgba(0,242,251,0.16),rgba(0,253,233,0.08) );\t\t\t\t\t}\n\t\t\t\t\t\t\t\t\t\t\t\t\t\t\t<\/style>\n\t<\/div>\n\n\t[\/vc_column_inner][\/vc_row_inner][\/vc_column][\/vc_row][vc_row thb_full_width=&#8221;true&#8221; thb_row_padding=&#8221;true&#8221; thb_column_padding=&#8221;true&#8221; parallax=&#8221;content-moving-fade&#8221; css=&#8221;.vc_custom_1535038962939{padding-top: 200px !important;padding-bottom: 200px !important;background-color: rgba(0,251,206,0.1) !important;*background-color: rgb(0,251,206) !important;}&#8221; el_class=&#8221;box-clients&#8221;][vc_column][vc_row_inner][vc_column_inner][vc_column_text animation=&#8221;animation fade-in&#8221;]\n<h3>Unsere Kunden<\/h3>\n[\/vc_column_text][\/vc_column_inner][\/vc_row_inner][vc_row_inner][vc_column_inner el_class=&#8221;box-clients-list&#8221; width=&#8221;1\/3&#8243;][vc_column_text]G-Star[\/vc_column_text][vc_column_text]EuroAirport[\/vc_column_text][vc_column_text]Universit\u00e9 de Gen\u00e8ve[\/vc_column_text][vc_column_text]Verkehrsbetriebe Luzern[\/vc_column_text][vc_column_text]<a href=\"https:\/\/www.graaaf.com\/de\/projects\/digitale-kommunikation-und-gemeinschaftsbildung\/\">Museomix <\/a><a href=\"https:\/\/www.graaaf.com\/de\/projects\/digitale-kommunikation-und-gemeinschaftsbildung\/\"><img loading=\"lazy\" decoding=\"async\" class=\"alignnone wp-image-8155\" src=\"https:\/\/www.graaaf.com\/wordpress\/wp-content\/uploads\/2018\/08\/invader-arrow-light.png\" alt=\"Pfeil nach rechts\" width=\"16\" height=\"11\"><\/a>[\/vc_column_text][vc_column_text]<a href=\"https:\/\/www.graaaf.com\/de\/projects\/eine-crowdfunding-plattform-fuer-eine-schweizer-ngo\/\">Terre des hommes <\/a><a href=\"https:\/\/www.graaaf.com\/de\/projects\/eine-crowdfunding-plattform-fuer-eine-schweizer-ngo\/\"><img loading=\"lazy\" decoding=\"async\" class=\"alignnone wp-image-8155\" src=\"https:\/\/www.graaaf.com\/wordpress\/wp-content\/uploads\/2018\/08\/invader-arrow-light.png\" alt=\"Pfeil nach rechts\" width=\"16\" height=\"11\"><\/a>[\/vc_column_text][vc_column_text]Kookut[\/vc_column_text][\/vc_column_inner][vc_column_inner el_class=&#8221;box-clients-list&#8221; width=&#8221;1\/3&#8243; offset=&#8221;vc_hidden-xs&#8221;][vc_column_text]Roxy Theater[\/vc_column_text][vc_column_text]Fluxdock[\/vc_column_text][vc_column_text]Indiz[\/vc_column_text][vc_column_text css=&#8221;&#8221;]<a href=\"https:\/\/www.graaaf.com\/de\/projects\/woocommerce-und-shopify-kombinieren\/\">Kyburz Made <\/a> <a href=\"https:\/\/www.graaaf.com\/de\/projects\/woocommerce-und-shopify-kombinieren\/\"><img loading=\"lazy\" decoding=\"async\" class=\"alignnone wp-image-8155\" src=\"https:\/\/www.graaaf.com\/wordpress\/wp-content\/uploads\/2018\/08\/invader-arrow-light.png\" alt=\"Pfeil nach rechts\" width=\"16\" height=\"11\"><\/a>[\/vc_column_text][vc_column_text]Equilibre Nuithonie[\/vc_column_text][vc_column_text]Mietsh\u00e4user Syndikat[\/vc_column_text][vc_column_text]Reactis[\/vc_column_text][\/vc_column_inner][vc_column_inner el_class=&#8221;box-clients-list&#8221; width=&#8221;1\/3&#8243;][vc_column_text]<a href=\"https:\/\/www.graaaf.com\/de\/projects\/ein-individueller-3d-uhrenkonfigurator\/\">Initium <\/a><a href=\"https:\/\/www.graaaf.com\/de\/projects\/online-marketing-fuer-uhrmacherkurse\/\"><img loading=\"lazy\" decoding=\"async\" class=\"alignnone wp-image-8155\" src=\"https:\/\/www.graaaf.com\/wordpress\/wp-content\/uploads\/2018\/08\/invader-arrow-light.png\" alt=\"Pfeil nach rechts\" width=\"16\" height=\"11\"><\/a>[\/vc_column_text][vc_column_text css=&#8221;&#8221;]<a href=\"https:\/\/www.graaaf.com\/de\/projects\/medtech-pharma-website-design-basel\/\">EqVita AG<\/a> <a href=\"https:\/\/www.graaaf.com\/de\/projects\/medtech-pharma-website-design-basel\/\"><img loading=\"lazy\" decoding=\"async\" class=\"alignnone wp-image-8155\" src=\"https:\/\/www.graaaf.com\/wordpress\/wp-content\/uploads\/2018\/08\/invader-arrow-light.png\" alt=\"Pfeil nach rechts\" width=\"16\" height=\"11\"><\/a>[\/vc_column_text][vc_column_text]Lowrider Teeshirt[\/vc_column_text][vc_column_text]<a href=\"https:\/\/www.graaaf.com\/de\/projects\/werbefilm-fuer-unternehmen\/\">Center for Human Drug Research <\/a><a href=\"https:\/\/www.graaaf.com\/de\/projects\/werbefilm-fuer-unternehmen\/\"><img loading=\"lazy\" decoding=\"async\" class=\"alignnone wp-image-8155\" src=\"https:\/\/www.graaaf.com\/wordpress\/wp-content\/uploads\/2018\/08\/invader-arrow-light.png\" alt=\"Pfeil nach rechts\" width=\"16\" height=\"11\"><\/a>[\/vc_column_text][vc_column_text]Tetra Pack[\/vc_column_text][vc_column_text]REI Solar Investments[\/vc_column_text][vc_column_text]United Security Providers[\/vc_column_text][\/vc_column_inner][\/vc_row_inner][\/vc_column][\/vc_row]\n<\/div>","protected":false},"excerpt":{"rendered":"<p>[vc_row thb_full_width=&#8221;true&#8221; thb_row_padding=&#8221;true&#8221; thb_column_padding=&#8221;true&#8221; full_height=&#8221;yes&#8221; el_class=&#8221;home-starfield&#8221;][vc_column css=&#8221;.vc_custom_1543413602279{margin-bottom: 0px !important;padding-bottom: 0px !important;}&#8221;][vc_raw_html]PGxpbmsgcmVsPSJzdHlsZXNoZWV0IiBtZWRpYT0ic2NyZWVuIiBocmVmPSJodHRwczovL3d3dy5ncmFhYWYuY29tL3Rlc3RzL3BhcnRpY2xlc18xX3NlbGYtY29udGFpbmVkL2Nzcy9zdHlsZS5jc3MiPgoKPCEtLSBzY3JpcHRzIC0tPgo8c2NyaXB0IHNyYz0iaHR0cHM6Ly93d3cuZ3JhYWFmLmNvbS90ZXN0cy9wYXJ0aWNsZXNfMV9zZWxmLWNvbnRhaW5lZC9wYXJ0aWNsZXMuanMiPjwvc2NyaXB0Pgo8c2NyaXB0IHNyYz0iaHR0cHM6Ly93d3cuZ3JhYWFmLmNvbS90ZXN0cy9wYXJ0aWNsZXNfMV9zZWxmLWNvbnRhaW5lZC9qcy9hcHAuanMiPjwvc2NyaXB0PgoKCgo8IS0tIHBhcnRpY2xlcy5qcyBjb250YWluZXIgLS0+CjxkaXYgY2xhc3M9ImFhX3NlYyI+Cgk8ZGl2IGNsYXNzPSJhYV90ZXh0Ij4KPGltZyBzcmM9Imh0dHBzOi8vd3d3LmdyYWFhZi5jb20vdGVzdHMvcGFydGljbGVzXzFfc2VsZi1jb250YWluZWQvaW1hZ2VzL2JlY29tZS12aXNpYmxlLW9ubGluZS1tb2JpbGUucG5nIiBjbGFzcz0idmlzaWJsZS1tb2JpbGUiPgogICAgPGltZyBzcmM9Imh0dHBzOi8vd3d3LmdyYWFhZi5jb20vdGVzdHMvcGFydGljbGVzXzFfc2VsZi1jb250YWluZWQvaW1hZ2VzL2JlY29tZS12aXNpYmxlLW9ubGluZS5wbmciIGNsYXNzPSJoaWRkZW4tbW9iaWxlIj4KCTwvZGl2Pgo8L2Rpdj4KCjxkaXYgaWQ9InBhcnRpY2xlcy1qcyI+PC9kaXY+Cg==[\/vc_raw_html][\/vc_column][\/vc_row][vc_row thb_full_width=&#8221;true&#8221; css=&#8221;.vc_custom_1557388772963{margin-top: -4em !important;padding-top: 10vh !important;padding-bottom: 10vh !important;}&#8221;][vc_column width=&#8221;1\/4&#8243;][\/vc_column][vc_column width=&#8221;1\/2&#8243; css=&#8221;.vc_custom_1557388549430{padding-top: 8vh !important;padding-right: 8vh !important;padding-bottom: 8vh !important;padding-left: 8vh !important;background-color: #00fbce !important;}&#8221; el_class=&#8221;home-intro-box&#8221;][vc_column_text] Salut! Wir sind eine Agentur f\u00fcr digitales Marketing mit Sitz in Basel, Schweiz. Wir sind klein und wendig. Bei Bedarf k\u00f6nnen wir&hellip;<\/p>\n","protected":false},"author":1,"featured_media":10235,"parent":0,"menu_order":0,"comment_status":"closed","ping_status":"closed","template":"","meta":{"_acf_changed":false,"footnotes":""},"class_list":["post-10276","page","type-page","status-publish","has-post-thumbnail","hentry"],"acf":[],"yoast_head":"<!-- This site is optimized with the Yoast SEO plugin v27.5 - https:\/\/yoast.com\/product\/yoast-seo-wordpress\/ -->\n<title>Digital Marketing Agentur - Werden Sie online sichtbar - Graaaf<\/title>\n<meta name=\"description\" content=\"Wir sind Experten f\u00fcr Online-Marketing. Wir k\u00f6nnen Ihnen helfen, Ihr Gesch\u00e4ft auszubauen und die Konversionsrate Ihrer Website zu erh\u00f6hen. Wir sind eine Agentur f\u00fcr digitales Marketing.\" \/>\n<meta name=\"robots\" content=\"index, follow, max-snippet:-1, max-image-preview:large, max-video-preview:-1\" \/>\n<link rel=\"canonical\" href=\"https:\/\/www.graaaf.com\/de\/\" \/>\n<meta property=\"og:locale\" content=\"de_DE\" \/>\n<meta property=\"og:type\" content=\"article\" \/>\n<meta property=\"og:title\" content=\"Digital Marketing Agentur - Werden Sie online sichtbar - Graaaf\" \/>\n<meta property=\"og:description\" content=\"Wir sind Experten f\u00fcr Online-Marketing. Wir k\u00f6nnen Ihnen helfen, Ihr Gesch\u00e4ft auszubauen und die Konversionsrate Ihrer Website zu erh\u00f6hen. Wir sind eine Agentur f\u00fcr digitales Marketing.\" \/>\n<meta property=\"og:url\" content=\"https:\/\/www.graaaf.com\/de\/\" \/>\n<meta property=\"og:site_name\" content=\"Graaaf\" \/>\n<meta property=\"article:publisher\" content=\"https:\/\/www.facebook.com\/graaafcom\" \/>\n<meta property=\"article:modified_time\" content=\"2026-01-22T12:00:42+00:00\" \/>\n<meta property=\"og:image\" content=\"https:\/\/www.graaaf.com\/wordpress\/wp-content\/uploads\/2024\/03\/header-google-ads.jpg\" \/>\n\t<meta property=\"og:image:width\" content=\"1442\" \/>\n\t<meta property=\"og:image:height\" content=\"807\" \/>\n\t<meta property=\"og:image:type\" content=\"image\/jpeg\" \/>\n<meta name=\"twitter:card\" content=\"summary_large_image\" \/>\n<script type=\"application\/ld+json\" class=\"yoast-schema-graph\">{\"@context\":\"https:\\\/\\\/schema.org\",\"@graph\":[{\"@type\":\"WebPage\",\"@id\":\"https:\\\/\\\/www.graaaf.com\\\/de\\\/\",\"url\":\"https:\\\/\\\/www.graaaf.com\\\/de\\\/\",\"name\":\"Digital Marketing Agentur - Werden Sie online sichtbar - Graaaf\",\"isPartOf\":{\"@id\":\"https:\\\/\\\/www.graaaf.com\\\/de\\\/#website\"},\"primaryImageOfPage\":{\"@id\":\"https:\\\/\\\/www.graaaf.com\\\/de\\\/#primaryimage\"},\"image\":{\"@id\":\"https:\\\/\\\/www.graaaf.com\\\/de\\\/#primaryimage\"},\"thumbnailUrl\":\"https:\\\/\\\/www.graaaf.com\\\/wordpress\\\/wp-content\\\/uploads\\\/2024\\\/03\\\/header-google-ads.jpg\",\"datePublished\":\"2024-04-29T13:35:15+00:00\",\"dateModified\":\"2026-01-22T12:00:42+00:00\",\"description\":\"Wir sind Experten f\u00fcr Online-Marketing. Wir k\u00f6nnen Ihnen helfen, Ihr Gesch\u00e4ft auszubauen und die Konversionsrate Ihrer Website zu erh\u00f6hen. Wir sind eine Agentur f\u00fcr digitales Marketing.\",\"breadcrumb\":{\"@id\":\"https:\\\/\\\/www.graaaf.com\\\/de\\\/#breadcrumb\"},\"inLanguage\":\"de-CH\",\"potentialAction\":[{\"@type\":\"ReadAction\",\"target\":[\"https:\\\/\\\/www.graaaf.com\\\/de\\\/\"]}]},{\"@type\":\"ImageObject\",\"inLanguage\":\"de-CH\",\"@id\":\"https:\\\/\\\/www.graaaf.com\\\/de\\\/#primaryimage\",\"url\":\"https:\\\/\\\/www.graaaf.com\\\/wordpress\\\/wp-content\\\/uploads\\\/2024\\\/03\\\/header-google-ads.jpg\",\"contentUrl\":\"https:\\\/\\\/www.graaaf.com\\\/wordpress\\\/wp-content\\\/uploads\\\/2024\\\/03\\\/header-google-ads.jpg\",\"width\":1442,\"height\":807},{\"@type\":\"BreadcrumbList\",\"@id\":\"https:\\\/\\\/www.graaaf.com\\\/de\\\/#breadcrumb\",\"itemListElement\":[{\"@type\":\"ListItem\",\"position\":1,\"name\":\"Home\",\"item\":\"https:\\\/\\\/www.graaaf.com\\\/de\\\/homepage-v4\\\/\"},{\"@type\":\"ListItem\",\"position\":2,\"name\":\"Homepage\"}]},{\"@type\":\"WebSite\",\"@id\":\"https:\\\/\\\/www.graaaf.com\\\/de\\\/#website\",\"url\":\"https:\\\/\\\/www.graaaf.com\\\/de\\\/\",\"name\":\"GRAAAF\",\"description\":\"A digital marketing and communication agency\",\"publisher\":{\"@id\":\"https:\\\/\\\/www.graaaf.com\\\/de\\\/#organization\"},\"potentialAction\":[{\"@type\":\"SearchAction\",\"target\":{\"@type\":\"EntryPoint\",\"urlTemplate\":\"https:\\\/\\\/www.graaaf.com\\\/de\\\/?s={search_term_string}\"},\"query-input\":{\"@type\":\"PropertyValueSpecification\",\"valueRequired\":true,\"valueName\":\"search_term_string\"}}],\"inLanguage\":\"de-CH\"},{\"@type\":\"Organization\",\"@id\":\"https:\\\/\\\/www.graaaf.com\\\/de\\\/#organization\",\"name\":\"GRAAAF\",\"url\":\"https:\\\/\\\/www.graaaf.com\\\/de\\\/\",\"logo\":{\"@type\":\"ImageObject\",\"inLanguage\":\"de-CH\",\"@id\":\"https:\\\/\\\/www.graaaf.com\\\/de\\\/#\\\/schema\\\/logo\\\/image\\\/\",\"url\":\"https:\\\/\\\/www.graaaf.com\\\/wordpress\\\/wp-content\\\/uploads\\\/2018\\\/05\\\/logo-website-graaaf-2018-positif.png\",\"contentUrl\":\"https:\\\/\\\/www.graaaf.com\\\/wordpress\\\/wp-content\\\/uploads\\\/2018\\\/05\\\/logo-website-graaaf-2018-positif.png\",\"width\":341,\"height\":66,\"caption\":\"GRAAAF\"},\"image\":{\"@id\":\"https:\\\/\\\/www.graaaf.com\\\/de\\\/#\\\/schema\\\/logo\\\/image\\\/\"},\"sameAs\":[\"https:\\\/\\\/www.facebook.com\\\/graaafcom\",\"https:\\\/\\\/www.linkedin.com\\\/company\\\/graaaf\\\/\"]}]}<\/script>\n<!-- \/ Yoast SEO plugin. -->","yoast_head_json":{"title":"Digital Marketing Agentur - Werden Sie online sichtbar - Graaaf","description":"Wir sind Experten f\u00fcr Online-Marketing. Wir k\u00f6nnen Ihnen helfen, Ihr Gesch\u00e4ft auszubauen und die Konversionsrate Ihrer Website zu erh\u00f6hen. Wir sind eine Agentur f\u00fcr digitales Marketing.","robots":{"index":"index","follow":"follow","max-snippet":"max-snippet:-1","max-image-preview":"max-image-preview:large","max-video-preview":"max-video-preview:-1"},"canonical":"https:\/\/www.graaaf.com\/de\/","og_locale":"de_DE","og_type":"article","og_title":"Digital Marketing Agentur - Werden Sie online sichtbar - Graaaf","og_description":"Wir sind Experten f\u00fcr Online-Marketing. Wir k\u00f6nnen Ihnen helfen, Ihr Gesch\u00e4ft auszubauen und die Konversionsrate Ihrer Website zu erh\u00f6hen. Wir sind eine Agentur f\u00fcr digitales Marketing.","og_url":"https:\/\/www.graaaf.com\/de\/","og_site_name":"Graaaf","article_publisher":"https:\/\/www.facebook.com\/graaafcom","article_modified_time":"2026-01-22T12:00:42+00:00","og_image":[{"width":1442,"height":807,"url":"https:\/\/www.graaaf.com\/wordpress\/wp-content\/uploads\/2024\/03\/header-google-ads.jpg","type":"image\/jpeg"}],"twitter_card":"summary_large_image","schema":{"@context":"https:\/\/schema.org","@graph":[{"@type":"WebPage","@id":"https:\/\/www.graaaf.com\/de\/","url":"https:\/\/www.graaaf.com\/de\/","name":"Digital Marketing Agentur - Werden Sie online sichtbar - Graaaf","isPartOf":{"@id":"https:\/\/www.graaaf.com\/de\/#website"},"primaryImageOfPage":{"@id":"https:\/\/www.graaaf.com\/de\/#primaryimage"},"image":{"@id":"https:\/\/www.graaaf.com\/de\/#primaryimage"},"thumbnailUrl":"https:\/\/www.graaaf.com\/wordpress\/wp-content\/uploads\/2024\/03\/header-google-ads.jpg","datePublished":"2024-04-29T13:35:15+00:00","dateModified":"2026-01-22T12:00:42+00:00","description":"Wir sind Experten f\u00fcr Online-Marketing. Wir k\u00f6nnen Ihnen helfen, Ihr Gesch\u00e4ft auszubauen und die Konversionsrate Ihrer Website zu erh\u00f6hen. Wir sind eine Agentur f\u00fcr digitales Marketing.","breadcrumb":{"@id":"https:\/\/www.graaaf.com\/de\/#breadcrumb"},"inLanguage":"de-CH","potentialAction":[{"@type":"ReadAction","target":["https:\/\/www.graaaf.com\/de\/"]}]},{"@type":"ImageObject","inLanguage":"de-CH","@id":"https:\/\/www.graaaf.com\/de\/#primaryimage","url":"https:\/\/www.graaaf.com\/wordpress\/wp-content\/uploads\/2024\/03\/header-google-ads.jpg","contentUrl":"https:\/\/www.graaaf.com\/wordpress\/wp-content\/uploads\/2024\/03\/header-google-ads.jpg","width":1442,"height":807},{"@type":"BreadcrumbList","@id":"https:\/\/www.graaaf.com\/de\/#breadcrumb","itemListElement":[{"@type":"ListItem","position":1,"name":"Home","item":"https:\/\/www.graaaf.com\/de\/homepage-v4\/"},{"@type":"ListItem","position":2,"name":"Homepage"}]},{"@type":"WebSite","@id":"https:\/\/www.graaaf.com\/de\/#website","url":"https:\/\/www.graaaf.com\/de\/","name":"GRAAAF","description":"A digital marketing and communication agency","publisher":{"@id":"https:\/\/www.graaaf.com\/de\/#organization"},"potentialAction":[{"@type":"SearchAction","target":{"@type":"EntryPoint","urlTemplate":"https:\/\/www.graaaf.com\/de\/?s={search_term_string}"},"query-input":{"@type":"PropertyValueSpecification","valueRequired":true,"valueName":"search_term_string"}}],"inLanguage":"de-CH"},{"@type":"Organization","@id":"https:\/\/www.graaaf.com\/de\/#organization","name":"GRAAAF","url":"https:\/\/www.graaaf.com\/de\/","logo":{"@type":"ImageObject","inLanguage":"de-CH","@id":"https:\/\/www.graaaf.com\/de\/#\/schema\/logo\/image\/","url":"https:\/\/www.graaaf.com\/wordpress\/wp-content\/uploads\/2018\/05\/logo-website-graaaf-2018-positif.png","contentUrl":"https:\/\/www.graaaf.com\/wordpress\/wp-content\/uploads\/2018\/05\/logo-website-graaaf-2018-positif.png","width":341,"height":66,"caption":"GRAAAF"},"image":{"@id":"https:\/\/www.graaaf.com\/de\/#\/schema\/logo\/image\/"},"sameAs":["https:\/\/www.facebook.com\/graaafcom","https:\/\/www.linkedin.com\/company\/graaaf\/"]}]}},"_links":{"self":[{"href":"https:\/\/www.graaaf.com\/de\/wp-json\/wp\/v2\/pages\/10276","targetHints":{"allow":["GET"]}}],"collection":[{"href":"https:\/\/www.graaaf.com\/de\/wp-json\/wp\/v2\/pages"}],"about":[{"href":"https:\/\/www.graaaf.com\/de\/wp-json\/wp\/v2\/types\/page"}],"author":[{"embeddable":true,"href":"https:\/\/www.graaaf.com\/de\/wp-json\/wp\/v2\/users\/1"}],"replies":[{"embeddable":true,"href":"https:\/\/www.graaaf.com\/de\/wp-json\/wp\/v2\/comments?post=10276"}],"version-history":[{"count":0,"href":"https:\/\/www.graaaf.com\/de\/wp-json\/wp\/v2\/pages\/10276\/revisions"}],"wp:featuredmedia":[{"embeddable":true,"href":"https:\/\/www.graaaf.com\/de\/wp-json\/wp\/v2\/media\/10235"}],"wp:attachment":[{"href":"https:\/\/www.graaaf.com\/de\/wp-json\/wp\/v2\/media?parent=10276"}],"curies":[{"name":"wp","href":"https:\/\/api.w.org\/{rel}","templated":true}]}}