{"id":10287,"date":"2024-04-29T15:40:26","date_gmt":"2024-04-29T13:40:26","guid":{"rendered":"https:\/\/www.graaaf.com\/agentur\/"},"modified":"2026-01-28T14:21:33","modified_gmt":"2026-01-28T13:21:33","slug":"agency","status":"publish","type":"page","link":"https:\/\/www.graaaf.com\/de\/agency\/","title":{"rendered":"Agentur"},"content":{"rendered":"<div class=\"wpb-content-wrapper\">[vc_row thb_full_width=&#8221;true&#8221; thb_column_padding=&#8221;true&#8221; el_class=&#8221;portfolio-heading&#8221;][vc_column][vc_row_inner][vc_column_inner width=&#8221;1\/6&#8243;][\/vc_column_inner][vc_column_inner width=&#8221;2\/3&#8243;][vc_column_text]\n<h1>GRAAAF<\/h1>\n<h2>Agile Agentur f\u00fcr digitales Marketing<\/h2>\n<h3>Wir sind klein und wendig. Aber wir k\u00f6nnen bei Bedarf auch gr\u00f6\u00dfere Projekte bew\u00e4ltigen, indem wir auf unser Expertennetzwerk zur\u00fcckgreifen.<\/h3>\n[\/vc_column_text][\/vc_column_inner][vc_column_inner width=&#8221;1\/6&#8243;][\/vc_column_inner][\/vc_row_inner][\/vc_column][\/vc_row][vc_row][vc_column width=&#8221;1\/6&#8243;][\/vc_column][vc_column width=&#8221;2\/3&#8243;][vc_column_text]Seit unserer Gr\u00fcndung im Jahr 2015 helfen wir Organisationen, online sichtbar zu werden. Wir k\u00f6nnen Ihnen helfen, eine Strategie zu entwerfen, Landing Pages zu gestalten oder Google Ads-Kampagnen zu implementieren.<\/p>\n<p>Yann, der Gr\u00fcnder, verf\u00fcgt \u00fcber mehr als 15 Jahre Erfahrung im Bereich der digitalen Kommunikation und des Projektmanagements.<\/p>\n<p>Wir sind ein vollst\u00e4ndig ferngesteuertes Unternehmen.[\/vc_column_text][\/vc_column][vc_column width=&#8221;1\/6&#8243;][\/vc_column][\/vc_row][vc_row thb_full_width=&#8221;true&#8221; css=&#8221;.vc_custom_1539262606315{padding-top: 10vh !important;padding-bottom: 10vh !important;background-color: #ffffff !important;}&#8221;][vc_column][vc_row_inner][vc_column_inner width=&#8221;1\/3&#8243;]\t<div class=\"thb-counter counter-style1 thb-side left\" id=\"thb-counter-69ed09a241275\" data-separator=\"true\" data-format=\"(,ddd).dd\">\n\t\t\t\t\t<div class=\"counter-container\">\n\t\t\t\t\t\t\t\t<div class=\"h1\" data-count=\"0\" data-speed=\"2000\">0<\/div>\n\t\t\t\t\t\t\t<\/div>\n\t\t\t<h6>Festes B\u00fcro<\/h6>\n\t\t\t\t\t\t\t\t\t\t<style>\n\t\t\t#thb-counter-69ed09a241275 .odometer.odometer-auto-theme.odometer-animating-up .odometer-ribbon-inner,\n\t\t\t#thb-counter-69ed09a241275 .odometer.odometer-theme-minimal.odometer-animating-up .odometer-ribbon-inner {\n\t\t\t\ttransition: transform 2s;\n\t\t\t}\n\t\t\t\t\t\t\t\t\t\t\t\t\t\t<\/style>\n\t<\/div>\n\t[\/vc_column_inner][vc_column_inner width=&#8221;1\/3&#8243;]\t<div class=\"thb-counter counter-style1 thb-side left\" id=\"thb-counter-69ed09a241303\" data-separator=\"true\" data-format=\"(,ddd).dd\">\n\t\t\t\t\t<div class=\"counter-container\">\n\t\t\t\t\t\t\t\t<div class=\"h1\" data-count=\"40+\" data-speed=\"2000\">0<\/div>\n\t\t\t\t\t\t\t<\/div>\n\t\t\t<h6>Kunden geholfen<\/h6>\n\t\t\t\t\t\t\t\t\t\t<style>\n\t\t\t#thb-counter-69ed09a241303 .odometer.odometer-auto-theme.odometer-animating-up .odometer-ribbon-inner,\n\t\t\t#thb-counter-69ed09a241303 .odometer.odometer-theme-minimal.odometer-animating-up .odometer-ribbon-inner {\n\t\t\t\ttransition: transform 2s;\n\t\t\t}\n\t\t\t\t\t\t\t\t\t\t\t\t\t\t<\/style>\n\t<\/div>\n\t[\/vc_column_inner][vc_column_inner width=&#8221;1\/3&#8243;]\t<div class=\"thb-counter counter-style1 thb-side left\" id=\"thb-counter-69ed09a241353\" data-separator=\"\" data-format=\"(,ddd).dd\">\n\t\t\t\t\t<div class=\"counter-container\">\n\t\t\t\t\t\t\t\t<div class=\"h1\" data-count=\"2015\" data-speed=\"2000\">0<\/div>\n\t\t\t\t\t\t\t<\/div>\n\t\t\t<h6>Gegr\u00fcndet in<\/h6>\n\t\t\t\t\t\t\t\t\t\t<style>\n\t\t\t#thb-counter-69ed09a241353 .odometer.odometer-auto-theme.odometer-animating-up .odometer-ribbon-inner,\n\t\t\t#thb-counter-69ed09a241353 .odometer.odometer-theme-minimal.odometer-animating-up .odometer-ribbon-inner {\n\t\t\t\ttransition: transform 2s;\n\t\t\t}\n\t\t\t\t\t\t\t\t\t\t\t\t\t\t<\/style>\n\t<\/div>\n\t[\/vc_column_inner][\/vc_row_inner][\/vc_column][\/vc_row][vc_row][vc_column][vc_empty_space][vc_empty_space][\/vc_column][\/vc_row][vc_row thb_full_width=&#8221;true&#8221; thb_column_padding=&#8221;true&#8221; full_height=&#8221;yes&#8221;][vc_column][vc_row_inner][vc_column_inner width=&#8221;1\/6&#8243;][\/vc_column_inner][vc_column_inner width=&#8221;2\/3&#8243;][vc_column_text]\n<h2>Team<\/h2>\n[\/vc_column_text][\/vc_column_inner][vc_column_inner width=&#8221;1\/6&#8243;][\/vc_column_inner][\/vc_row_inner][vc_row_inner][vc_column_inner width=&#8221;1\/6&#8243;][\/vc_column_inner][vc_column_inner width=&#8221;1\/3&#8243;][vc_column_text css=&#8221;&#8221;]<img loading=\"lazy\" decoding=\"async\" class=\"alignnone wp-image-8501 size-full\" src=\"https:\/\/www.graaaf.com\/wordpress\/wp-content\/uploads\/2018\/10\/yann-portrait-e1539267167232.jpg\" alt=\"\" width=\"531\" height=\"531\" srcset=\"https:\/\/www.graaaf.com\/wordpress\/wp-content\/uploads\/2018\/10\/yann-portrait-e1539267167232.jpg 531w, https:\/\/www.graaaf.com\/wordpress\/wp-content\/uploads\/2018\/10\/yann-portrait-e1539267167232-150x150.jpg 150w, https:\/\/www.graaaf.com\/wordpress\/wp-content\/uploads\/2018\/10\/yann-portrait-e1539267167232-300x300.jpg 300w, https:\/\/www.graaaf.com\/wordpress\/wp-content\/uploads\/2018\/10\/yann-portrait-e1539267167232-200x200.jpg 200w, https:\/\/www.graaaf.com\/wordpress\/wp-content\/uploads\/2018\/10\/yann-portrait-e1539267167232-100x100.jpg 100w, https:\/\/www.graaaf.com\/wordpress\/wp-content\/uploads\/2018\/10\/yann-portrait-e1539267167232-380x380.jpg 380w, https:\/\/www.graaaf.com\/wordpress\/wp-content\/uploads\/2018\/10\/yann-portrait-e1539267167232-20x20.jpg 20w, https:\/\/www.graaaf.com\/wordpress\/wp-content\/uploads\/2018\/10\/yann-portrait-e1539267167232-190x190.jpg 190w\" sizes=\"auto, (max-width: 531px) 100vw, 531px\" \/><\/p>\n<h4>Yann Graf<\/h4>\n<p>Gr\u00fcnder + Berater f\u00fcr digitales Marketing<br \/>\n<a href=\"tel:+41615019511\">+41 61 501 95 11<\/a><br \/>\n<a href=\"mailto:yann@graaaf.com\">hello@graaaf.com<\/a><br \/>\n<a href=\"https:\/\/www.linkedin.com\/in\/yanngraf\/\">Linkedin<\/a>[\/vc_column_text][\/vc_column_inner][vc_column_inner width=&#8221;1\/3&#8243;][vc_raw_html]PGxpbmsgcmVsPSJzdHlsZXNoZWV0IiBtZWRpYT0ic2NyZWVuIiBocmVmPSJodHRwczovL3d3dy5ncmFhYWYuY29tL3Rlc3RzL3BhcnRpY2xlc18xX3NlbGYtY29udGFpbmVkLWFib3V0L2Nzcy9zdHlsZS5jc3MiPgoKPCEtLSBzY3JpcHRzIC0tPgo8c2NyaXB0IHNyYz0iaHR0cHM6Ly93d3cuZ3JhYWFmLmNvbS90ZXN0cy9wYXJ0aWNsZXNfMV9zZWxmLWNvbnRhaW5lZC1hYm91dC9wYXJ0aWNsZXMuanMiPjwvc2NyaXB0Pgo8c2NyaXB0IHNyYz0iaHR0cHM6Ly93d3cuZ3JhYWFmLmNvbS90ZXN0cy9wYXJ0aWNsZXNfMV9zZWxmLWNvbnRhaW5lZC1hYm91dC9qcy9hcHAuanMiPjwvc2NyaXB0PgoKCgo8IS0tIHBhcnRpY2xlcy5qcyBjb250YWluZXIgLS0+Cgo8ZGl2IGlkPSJwYXJ0aWNsZXMtanMiPjwvZGl2Pgo=[\/vc_raw_html][vc_column_text]\n<h4>Ein Netzwerk von Experten<\/h4>\n<p>Designer und Illustratoren<br \/>\nSpezialisten f\u00fcr digitales Marketing<br \/>\nWeb-Entwickler<br \/>\nWerbetexter &amp; \u00dcbersetzer[\/vc_column_text][\/vc_column_inner][vc_column_inner width=&#8221;1\/6&#8243;][\/vc_column_inner][\/vc_row_inner][\/vc_column][\/vc_row][vc_row disable_element=&#8221;yes&#8221;][vc_column width=&#8221;1\/6&#8243;][\/vc_column][vc_column width=&#8221;2\/3&#8243;][vc_column_text]\n<h2>Soziale Auswirkungen<\/h2>\n<h3>Kohlenstoff-Emission<\/h3>\n<ul>\n<li>Wir fahren mit dem Fahrrad und benutzen so oft wie m\u00f6glich den Zug. So etwas wie einen Dienstwagen gibt es nicht.<\/li>\n<li>Die verbleibenden Kohlenstoffemissionen kompensieren wir mit MyClimate.<\/li>\n<\/ul>\n<h3>Soziale Auswirkungen<\/h3>\n<ul>\n<li>Unser Bankkonto wird von der Alternative Bank verwaltet. Wir haben uns f\u00fcr ihren Service aufgrund der hohen ethischen Standards und ihrer sozialen Mission entschieden.<\/li>\n<\/ul>\n[\/vc_column_text][\/vc_column][vc_column width=&#8221;1\/6&#8243;][\/vc_column][\/vc_row][vc_row thb_full_width=&#8221;true&#8221; css=&#8221;.vc_custom_1539263331417{padding-top: 10vh !important;padding-bottom: 10vh !important;background-color: #eafefa !important;}&#8221;][vc_column][vc_row_inner][vc_column_inner width=&#8221;1\/6&#8243;][\/vc_column_inner][vc_column_inner width=&#8221;2\/3&#8243;][vc_column_text css=&#8221;&#8221;]\n<h2 style=\"text-align: left;\">Wie k\u00f6nnen wir Ihnen heute helfen?<\/h2>\n[\/vc_column_text][vc_raw_html css=&#8221;&#8221;]PHNjcmlwdCBjaGFyc2V0PSJ1dGYtOCIgdHlwZT0idGV4dC9qYXZhc2NyaXB0IiBzcmM9Ii8vanMtZXUxLmhzZm9ybXMubmV0L2Zvcm1zL2VtYmVkL3YyLmpzIj48L3NjcmlwdD48c2NyaXB0Pmhic3B0LmZvcm1zLmNyZWF0ZSh7CiAgICByZWdpb246ICJldTEiLAogICAgcG9ydGFsSWQ6ICIxNDUxMTc5OTgiLAogICAgZm9ybUlkOiAiMzk3MmFiNGEtYTYxZS00NDgyLWFlYjUtNjQ2OTAxMGUxYTEyIgogIH0pOwo8L3NjcmlwdD4=[\/vc_raw_html][vc_column_text css=&#8221;&#8221;][\/vc_column_text][\/vc_column_inner][vc_column_inner width=&#8221;1\/6&#8243;][\/vc_column_inner][\/vc_row_inner][\/vc_column][\/vc_row]\n<\/div>","protected":false},"excerpt":{"rendered":"<p>[vc_row thb_full_width=&#8221;true&#8221; thb_column_padding=&#8221;true&#8221; el_class=&#8221;portfolio-heading&#8221;][vc_column][vc_row_inner][vc_column_inner width=&#8221;1\/6&#8243;][\/vc_column_inner][vc_column_inner width=&#8221;2\/3&#8243;][vc_column_text] GRAAAF Agile Agentur f\u00fcr digitales Marketing Wir sind klein und wendig. Aber wir k\u00f6nnen bei Bedarf auch gr\u00f6\u00dfere Projekte bew\u00e4ltigen, indem wir auf unser Expertennetzwerk zur\u00fcckgreifen. [\/vc_column_text][\/vc_column_inner][vc_column_inner width=&#8221;1\/6&#8243;][\/vc_column_inner][\/vc_row_inner][\/vc_column][\/vc_row][vc_row][vc_column width=&#8221;1\/6&#8243;][\/vc_column][vc_column width=&#8221;2\/3&#8243;][vc_column_text]Seit unserer Gr\u00fcndung im Jahr 2015 helfen wir Organisationen, online sichtbar zu werden. Wir k\u00f6nnen Ihnen helfen, eine Strategie zu&hellip;<\/p>\n","protected":false},"author":1,"featured_media":0,"parent":0,"menu_order":2,"comment_status":"closed","ping_status":"closed","template":"","meta":{"_acf_changed":false,"footnotes":""},"class_list":["post-10287","page","type-page","status-publish","hentry"],"acf":[],"yoast_head":"<!-- This site is optimized with the Yoast SEO plugin v27.4 - https:\/\/yoast.com\/product\/yoast-seo-wordpress\/ -->\n<title>\u00dcber Yann Graf - Ein kreativer digitaler Projektmanager<\/title>\n<meta name=\"description\" content=\"Derzeit arbeite ich als Agile Product Owner bei G-Star.com. Ich bin der digitale Projektmanager, der f\u00fcr die Einf\u00fchrung der responsiven Website zust\u00e4ndig ist.\" \/>\n<meta name=\"robots\" content=\"index, follow, max-snippet:-1, max-image-preview:large, max-video-preview:-1\" \/>\n<link rel=\"canonical\" href=\"https:\/\/www.graaaf.com\/de\/agency\/\" \/>\n<meta property=\"og:locale\" content=\"de_DE\" \/>\n<meta property=\"og:type\" content=\"article\" \/>\n<meta property=\"og:title\" content=\"\u00dcber Yann Graf - Ein kreativer digitaler Projektmanager\" \/>\n<meta property=\"og:description\" content=\"Derzeit arbeite ich als Agile Product Owner bei G-Star.com. Ich bin der digitale Projektmanager, der f\u00fcr die Einf\u00fchrung der responsiven Website zust\u00e4ndig ist.\" \/>\n<meta property=\"og:url\" content=\"https:\/\/www.graaaf.com\/de\/agency\/\" \/>\n<meta property=\"og:site_name\" content=\"Graaaf\" \/>\n<meta property=\"article:publisher\" content=\"https:\/\/www.facebook.com\/graaafcom\" \/>\n<meta property=\"article:modified_time\" content=\"2026-01-28T13:21:33+00:00\" \/>\n<meta property=\"og:image\" content=\"https:\/\/www.graaaf.com\/wordpress\/wp-content\/uploads\/2018\/10\/yann-portrait-e1539267167232.jpg\" \/>\n\t<meta property=\"og:image:width\" content=\"531\" \/>\n\t<meta property=\"og:image:height\" content=\"531\" \/>\n\t<meta property=\"og:image:type\" content=\"image\/jpeg\" \/>\n<meta name=\"twitter:card\" content=\"summary_large_image\" \/>\n<script type=\"application\/ld+json\" class=\"yoast-schema-graph\">{\"@context\":\"https:\\\/\\\/schema.org\",\"@graph\":[{\"@type\":\"WebPage\",\"@id\":\"https:\\\/\\\/www.graaaf.com\\\/de\\\/agency\\\/\",\"url\":\"https:\\\/\\\/www.graaaf.com\\\/de\\\/agency\\\/\",\"name\":\"\u00dcber Yann Graf - Ein kreativer digitaler Projektmanager\",\"isPartOf\":{\"@id\":\"https:\\\/\\\/www.graaaf.com\\\/de\\\/#website\"},\"primaryImageOfPage\":{\"@id\":\"https:\\\/\\\/www.graaaf.com\\\/de\\\/agency\\\/#primaryimage\"},\"image\":{\"@id\":\"https:\\\/\\\/www.graaaf.com\\\/de\\\/agency\\\/#primaryimage\"},\"thumbnailUrl\":\"https:\\\/\\\/www.graaaf.com\\\/wordpress\\\/wp-content\\\/uploads\\\/2018\\\/10\\\/yann-portrait-e1539267167232.jpg\",\"datePublished\":\"2024-04-29T13:40:26+00:00\",\"dateModified\":\"2026-01-28T13:21:33+00:00\",\"description\":\"Derzeit arbeite ich als Agile Product Owner bei G-Star.com. Ich bin der digitale Projektmanager, der f\u00fcr die Einf\u00fchrung der responsiven Website zust\u00e4ndig ist.\",\"breadcrumb\":{\"@id\":\"https:\\\/\\\/www.graaaf.com\\\/de\\\/agency\\\/#breadcrumb\"},\"inLanguage\":\"de-CH\",\"potentialAction\":[{\"@type\":\"ReadAction\",\"target\":[\"https:\\\/\\\/www.graaaf.com\\\/de\\\/agency\\\/\"]}]},{\"@type\":\"ImageObject\",\"inLanguage\":\"de-CH\",\"@id\":\"https:\\\/\\\/www.graaaf.com\\\/de\\\/agency\\\/#primaryimage\",\"url\":\"https:\\\/\\\/www.graaaf.com\\\/wordpress\\\/wp-content\\\/uploads\\\/2018\\\/10\\\/yann-portrait-e1539267167232.jpg\",\"contentUrl\":\"https:\\\/\\\/www.graaaf.com\\\/wordpress\\\/wp-content\\\/uploads\\\/2018\\\/10\\\/yann-portrait-e1539267167232.jpg\"},{\"@type\":\"BreadcrumbList\",\"@id\":\"https:\\\/\\\/www.graaaf.com\\\/de\\\/agency\\\/#breadcrumb\",\"itemListElement\":[{\"@type\":\"ListItem\",\"position\":1,\"name\":\"Home\",\"item\":\"https:\\\/\\\/www.graaaf.com\\\/de\\\/homepage-v4\\\/\"},{\"@type\":\"ListItem\",\"position\":2,\"name\":\"Agentur\"}]},{\"@type\":\"WebSite\",\"@id\":\"https:\\\/\\\/www.graaaf.com\\\/de\\\/#website\",\"url\":\"https:\\\/\\\/www.graaaf.com\\\/de\\\/\",\"name\":\"GRAAAF\",\"description\":\"A digital marketing and communication agency\",\"publisher\":{\"@id\":\"https:\\\/\\\/www.graaaf.com\\\/de\\\/#organization\"},\"potentialAction\":[{\"@type\":\"SearchAction\",\"target\":{\"@type\":\"EntryPoint\",\"urlTemplate\":\"https:\\\/\\\/www.graaaf.com\\\/de\\\/?s={search_term_string}\"},\"query-input\":{\"@type\":\"PropertyValueSpecification\",\"valueRequired\":true,\"valueName\":\"search_term_string\"}}],\"inLanguage\":\"de-CH\"},{\"@type\":\"Organization\",\"@id\":\"https:\\\/\\\/www.graaaf.com\\\/de\\\/#organization\",\"name\":\"GRAAAF\",\"url\":\"https:\\\/\\\/www.graaaf.com\\\/de\\\/\",\"logo\":{\"@type\":\"ImageObject\",\"inLanguage\":\"de-CH\",\"@id\":\"https:\\\/\\\/www.graaaf.com\\\/de\\\/#\\\/schema\\\/logo\\\/image\\\/\",\"url\":\"https:\\\/\\\/www.graaaf.com\\\/wordpress\\\/wp-content\\\/uploads\\\/2018\\\/05\\\/logo-website-graaaf-2018-positif.png\",\"contentUrl\":\"https:\\\/\\\/www.graaaf.com\\\/wordpress\\\/wp-content\\\/uploads\\\/2018\\\/05\\\/logo-website-graaaf-2018-positif.png\",\"width\":341,\"height\":66,\"caption\":\"GRAAAF\"},\"image\":{\"@id\":\"https:\\\/\\\/www.graaaf.com\\\/de\\\/#\\\/schema\\\/logo\\\/image\\\/\"},\"sameAs\":[\"https:\\\/\\\/www.facebook.com\\\/graaafcom\",\"https:\\\/\\\/www.linkedin.com\\\/company\\\/graaaf\\\/\"]}]}<\/script>\n<!-- \/ Yoast SEO plugin. -->","yoast_head_json":{"title":"\u00dcber Yann Graf - Ein kreativer digitaler Projektmanager","description":"Derzeit arbeite ich als Agile Product Owner bei G-Star.com. Ich bin der digitale Projektmanager, der f\u00fcr die Einf\u00fchrung der responsiven Website zust\u00e4ndig ist.","robots":{"index":"index","follow":"follow","max-snippet":"max-snippet:-1","max-image-preview":"max-image-preview:large","max-video-preview":"max-video-preview:-1"},"canonical":"https:\/\/www.graaaf.com\/de\/agency\/","og_locale":"de_DE","og_type":"article","og_title":"\u00dcber Yann Graf - Ein kreativer digitaler Projektmanager","og_description":"Derzeit arbeite ich als Agile Product Owner bei G-Star.com. Ich bin der digitale Projektmanager, der f\u00fcr die Einf\u00fchrung der responsiven Website zust\u00e4ndig ist.","og_url":"https:\/\/www.graaaf.com\/de\/agency\/","og_site_name":"Graaaf","article_publisher":"https:\/\/www.facebook.com\/graaafcom","article_modified_time":"2026-01-28T13:21:33+00:00","og_image":[{"width":531,"height":531,"url":"https:\/\/www.graaaf.com\/wordpress\/wp-content\/uploads\/2018\/10\/yann-portrait-e1539267167232.jpg","type":"image\/jpeg"}],"twitter_card":"summary_large_image","schema":{"@context":"https:\/\/schema.org","@graph":[{"@type":"WebPage","@id":"https:\/\/www.graaaf.com\/de\/agency\/","url":"https:\/\/www.graaaf.com\/de\/agency\/","name":"\u00dcber Yann Graf - Ein kreativer digitaler Projektmanager","isPartOf":{"@id":"https:\/\/www.graaaf.com\/de\/#website"},"primaryImageOfPage":{"@id":"https:\/\/www.graaaf.com\/de\/agency\/#primaryimage"},"image":{"@id":"https:\/\/www.graaaf.com\/de\/agency\/#primaryimage"},"thumbnailUrl":"https:\/\/www.graaaf.com\/wordpress\/wp-content\/uploads\/2018\/10\/yann-portrait-e1539267167232.jpg","datePublished":"2024-04-29T13:40:26+00:00","dateModified":"2026-01-28T13:21:33+00:00","description":"Derzeit arbeite ich als Agile Product Owner bei G-Star.com. Ich bin der digitale Projektmanager, der f\u00fcr die Einf\u00fchrung der responsiven Website zust\u00e4ndig ist.","breadcrumb":{"@id":"https:\/\/www.graaaf.com\/de\/agency\/#breadcrumb"},"inLanguage":"de-CH","potentialAction":[{"@type":"ReadAction","target":["https:\/\/www.graaaf.com\/de\/agency\/"]}]},{"@type":"ImageObject","inLanguage":"de-CH","@id":"https:\/\/www.graaaf.com\/de\/agency\/#primaryimage","url":"https:\/\/www.graaaf.com\/wordpress\/wp-content\/uploads\/2018\/10\/yann-portrait-e1539267167232.jpg","contentUrl":"https:\/\/www.graaaf.com\/wordpress\/wp-content\/uploads\/2018\/10\/yann-portrait-e1539267167232.jpg"},{"@type":"BreadcrumbList","@id":"https:\/\/www.graaaf.com\/de\/agency\/#breadcrumb","itemListElement":[{"@type":"ListItem","position":1,"name":"Home","item":"https:\/\/www.graaaf.com\/de\/homepage-v4\/"},{"@type":"ListItem","position":2,"name":"Agentur"}]},{"@type":"WebSite","@id":"https:\/\/www.graaaf.com\/de\/#website","url":"https:\/\/www.graaaf.com\/de\/","name":"GRAAAF","description":"A digital marketing and communication agency","publisher":{"@id":"https:\/\/www.graaaf.com\/de\/#organization"},"potentialAction":[{"@type":"SearchAction","target":{"@type":"EntryPoint","urlTemplate":"https:\/\/www.graaaf.com\/de\/?s={search_term_string}"},"query-input":{"@type":"PropertyValueSpecification","valueRequired":true,"valueName":"search_term_string"}}],"inLanguage":"de-CH"},{"@type":"Organization","@id":"https:\/\/www.graaaf.com\/de\/#organization","name":"GRAAAF","url":"https:\/\/www.graaaf.com\/de\/","logo":{"@type":"ImageObject","inLanguage":"de-CH","@id":"https:\/\/www.graaaf.com\/de\/#\/schema\/logo\/image\/","url":"https:\/\/www.graaaf.com\/wordpress\/wp-content\/uploads\/2018\/05\/logo-website-graaaf-2018-positif.png","contentUrl":"https:\/\/www.graaaf.com\/wordpress\/wp-content\/uploads\/2018\/05\/logo-website-graaaf-2018-positif.png","width":341,"height":66,"caption":"GRAAAF"},"image":{"@id":"https:\/\/www.graaaf.com\/de\/#\/schema\/logo\/image\/"},"sameAs":["https:\/\/www.facebook.com\/graaafcom","https:\/\/www.linkedin.com\/company\/graaaf\/"]}]}},"_links":{"self":[{"href":"https:\/\/www.graaaf.com\/de\/wp-json\/wp\/v2\/pages\/10287","targetHints":{"allow":["GET"]}}],"collection":[{"href":"https:\/\/www.graaaf.com\/de\/wp-json\/wp\/v2\/pages"}],"about":[{"href":"https:\/\/www.graaaf.com\/de\/wp-json\/wp\/v2\/types\/page"}],"author":[{"embeddable":true,"href":"https:\/\/www.graaaf.com\/de\/wp-json\/wp\/v2\/users\/1"}],"replies":[{"embeddable":true,"href":"https:\/\/www.graaaf.com\/de\/wp-json\/wp\/v2\/comments?post=10287"}],"version-history":[{"count":0,"href":"https:\/\/www.graaaf.com\/de\/wp-json\/wp\/v2\/pages\/10287\/revisions"}],"wp:attachment":[{"href":"https:\/\/www.graaaf.com\/de\/wp-json\/wp\/v2\/media?parent=10287"}],"curies":[{"name":"wp","href":"https:\/\/api.w.org\/{rel}","templated":true}]}}