{"id":10308,"date":"2024-04-29T15:54:17","date_gmt":"2024-04-29T13:54:17","guid":{"rendered":"https:\/\/www.graaaf.com\/projekte\/"},"modified":"2026-03-16T16:31:19","modified_gmt":"2026-03-16T15:31:19","slug":"projects","status":"publish","type":"page","link":"https:\/\/www.graaaf.com\/de\/projects\/","title":{"rendered":"Projekte"},"content":{"rendered":"<div class=\"wpb-content-wrapper\">[vc_row thb_full_width=&#8221;true&#8221; thb_column_padding=&#8221;true&#8221; el_class=&#8221;portfolio-heading&#8221;][vc_column][vc_row_inner][vc_column_inner][vc_column_text]\n<h1 style=\"text-align: left;\">Projekte<\/h1>\n<h2 style=\"text-align: left;\">Einige der Projekte, an denen wir gearbeitet haben<\/h2>\n[\/vc_column_text][vc_empty_space][vc_empty_space][vc_column_text css=&#8221;&#8221; el_class=&#8221;portfolio-project-list&#8221;]\n<ul>\n<li><a href=\"https:\/\/www.graaaf.com\/de\/projects\/skalieren-eines-marktplatzes-mit-programmatic-seo\/\">Skalierung eines Marktplatzes mit programmatischer SEO <span class=\"brand\">Lumo Houses<\/span><\/a><\/li>\n<li><a href=\"https:\/\/www.graaaf.com\/de\/projects\/website-solar-installation-basel\/\">Website f\u00fcr Solaranlagen <span class=\"brand\">REI Solar<\/span><\/a><\/li>\n<li><a href=\"https:\/\/www.graaaf.com\/de\/projects\/medtech-pharma-website-design-basel\/\">Technische Website f\u00fcr ein Medizintechnik-Startup <span class=\"brand\">EqVita AG<\/span><\/a><\/li>\n<li><a href=\"https:\/\/www.graaaf.com\/de\/projects\/woocommerce-und-shopify-kombinieren\/\">WooCommerce und Shopify kombinieren <span class=\"brand\">Kambium Kyburz<\/span><\/a><\/li>\n<li><a href=\"https:\/\/www.graaaf.com\/de\/projects\/ein-individueller-3d-uhrenkonfigurator\/\">Ein massgeschneiderter 3D-Uhrenkonfigurator <span class=\"brand\">Initium<\/span><\/a><\/li>\n<li><a href=\"https:\/\/www.graaaf.com\/de\/projects\/digitale-kommunikation-und-gemeinschaftsbildung\/\">F\u00f6rdern Sie eine starke Online-Community <span class=\"brand\">Museomix<\/span><\/a><\/li>\n<li><a href=\"https:\/\/www.graaaf.com\/de\/projects\/online-marketing-fuer-uhrmacherkurse\/\">Online-Marketing f\u00fcr Uhrmacherkurse <span class=\"brand\">Initium<\/span><\/a><\/li>\n<li><a href=\"https:\/\/www.graaaf.com\/de\/projects\/ein-hotel-mit-einer-leistungsstarken-digitalen-praesenz\/\">Hotel mit einer leistungsstarken digitalen Pr\u00e4senz <span class=\"brand\">Au fil de l&#8217;Eau<\/span><\/a><\/li>\n<li><a href=\"https:\/\/www.graaaf.com\/de\/projects\/pruefung-der-digitalen-praesenz-von-schweizer-theatern\/\">Bericht \u00fcber den Stand der Digitalisierung bei Schweizer Theatern <span class=\"brand\">Personnal<\/span><\/a><\/li>\n<li><a href=\"https:\/\/www.graaaf.com\/de\/projects\/eine-crowdfunding-plattform-fuer-eine-schweizer-ngo\/\">Crowd-Fundraising-Plattform f\u00fcr eine Schweizer NGO <span class=\"brand\">Terre des hommes<\/span><\/a><\/li>\n<li><a href=\"https:\/\/www.graaaf.com\/de\/projects\/werbefilm-fuer-unternehmen\/\">Unternehmensvideo f\u00fcr ein Arzneimittelforschungsinstitut <span class=\"brand\">CHDR<\/span><\/a><\/li>\n<li><a href=\"https:\/\/www.graaaf.com\/de\/projects\/video-podcast-zum-thema-nachhaltigkeit\/\">Video-Podcast-Startup zu Nachhaltigkeitsthemen <span class=\"brand\">Caf\u00e9 Vert TV<\/span><\/a><\/li>\n<\/ul>\n[\/vc_column_text][\/vc_column_inner][\/vc_row_inner][\/vc_column][\/vc_row][vc_row thb_full_width=&#8221;true&#8221; css=&#8221;.vc_custom_1539253205367{padding-top: 10vh !important;padding-bottom: 10vh !important;background-color: #f9f9f9 !important;}&#8221; el_class=&#8221;portfolio-project-list&#8221;][vc_column][\/vc_column][\/vc_row][vc_row thb_full_width=&#8221;true&#8221; css=&#8221;.vc_custom_1726759405573{padding-top: 10vh !important;padding-bottom: 10vh !important;background-color: #00fbce !important;}&#8221; el_class=&#8221;portfolio-project-list&#8221;][vc_column width=&#8221;1\/6&#8243;][\/vc_column][vc_column width=&#8221;2\/3&#8243;]\t<div id=\"thb-testimonials-69ecf4f745a5e\" class=\"thb-testimonials thb-testimonial-style7 thb-carousel style7   \" data-columns=\"1\" data-pagination=\"true\" data-navigation=\"false\"\n\t\t\t\t\t\t data-autoplay=\"\" data-autoplay-speed=\"4000\" data-fade=\"true\" data-adaptive=\"false\">\n\t\t\t<div class=\"small-12  columns\">\n\t\t\t\t\t\t\t<div class=\"thb-testimonial \">\n\t\t\t\t\t\t\t\t\t\t\t\t\t\t\t\t\t\t\t\t\t\t\t\t<blockquote><p>Ein gro\u00dfer Schritt nach vorn, der zu einem gro\u00dfen Teil unserem Chief CTO Yann Graf zu verdanken ist, der dieses Projekt intern mit Meisterhand geleitet hat.<\/p>\n<\/blockquote>\n\t\t\t\t\t\t\t\t\t\t\t\t\t\t\t\t\t\t\t\t<div class=\"testimonial-author\">\n\t\t\t\t\t\t\t\t\t\t\t\t\t\t\t\t\t<cite>Mathieu Gigandet<\/cite>\n\t\t\t\t\t\t\t\t\t\t\t\t\t\t\t\t<span class=\"title\">CEO von Initium Watches<\/span>\n\t\t\t\t\t\t\t<\/div>\n\t\t\t\t\t\t\t\t\t\t\t<\/div>\n\t\t\t<\/div>\n\n\t\t<div class=\"small-12  columns\">\n\t\t\t\t\t\t\t<div class=\"thb-testimonial \">\n\t\t\t\t\t\t\t\t\t\t\t\t\t\t\t\t\t\t\t\t\t\t\t\t<blockquote><p>GRAAAF hat uns bei unserer digitalen Strategie geholfen und wir k\u00f6nnen uns immer auf ihr Fachwissen und ihre Erfahrung verlassen, um uns schnell zu helfen. Wenn Sie Hilfe beim Online-Marketing ben\u00f6tigen, suchen Sie nicht weiter. Sehr empfehlenswert!  <\/p>\n<\/blockquote>\n\t\t\t\t\t\t\t\t\t\t\t\t\t\t\t\t\t\t\t\t<div class=\"testimonial-author\">\n\t\t\t\t\t\t\t\t\t\t\t\t\t\t\t\t\t<cite>Ren\u00e9 de Ruijter<\/cite>\n\t\t\t\t\t\t\t\t\t\t\t\t\t\t\t\t<span class=\"title\">Gr\u00fcnder von Hatrabbits<\/span>\n\t\t\t\t\t\t\t<\/div>\n\t\t\t\t\t\t\t\t\t\t\t<\/div>\n\t\t\t<\/div>\n\n\t\t<div class=\"small-12  columns\">\n\t\t\t\t\t\t\t<div class=\"thb-testimonial \">\n\t\t\t\t\t\t\t\t\t\t\t\t\t\t\t\t\t\t\t\t\t\t\t\t<blockquote><p>Es ist ein gro\u00dfes Vergn\u00fcgen, mit Yann zu arbeiten! Sowohl f\u00fcr das digitale Marketing als auch f\u00fcr die visuelle Identit\u00e4t der Website meines Unternehmens hat er immer ein offenes Ohr und gibt fachkundigen Rat! Ich kann ihn nur empfehlen!  <\/p>\n<\/blockquote>\n\t\t\t\t\t\t\t\t\t\t\t\t\t\t\t\t\t\t\t\t<div class=\"testimonial-author\">\n\t\t\t\t\t\t\t\t\t\t\t\t\t\t\t\t\t<cite>Rapha\u00ebl Gubinelli<\/cite>\n\t\t\t\t\t\t\t\t\t\t\t\t\t\t\t\t<span class=\"title\">CEO von Erregi<\/span>\n\t\t\t\t\t\t\t<\/div>\n\t\t\t\t\t\t\t\t\t\t\t<\/div>\n\t\t\t<\/div>\n\n\t\t<\/div>\n\t[\/vc_column][vc_column width=&#8221;1\/6&#8243;][\/vc_column][\/vc_row][vc_section full_width=&#8221;stretch_row&#8221; css=&#8221;.vc_custom_1726761733249{padding-top: 100px !important;background-position: center !important;background-repeat: no-repeat !important;background-size: cover !important;}&#8221;][vc_row thb_row_padding=&#8221;true&#8221; css=&#8221;.vc_custom_1725893797777{margin-top: 0px !important;margin-bottom: 0px !important;padding-top: 0px !important;padding-right: 0px !important;padding-bottom: 0px !important;padding-left: 0px !important;}&#8221;][vc_column css=&#8221;.vc_custom_1725887639384{margin-top: 0px !important;margin-right: 0px !important;margin-bottom: 0px !important;margin-left: 0px !important;border-top-width: 0px !important;border-right-width: 0px !important;border-bottom-width: 0px !important;border-left-width: 0px !important;padding-top: 0px !important;padding-right: 0px !important;padding-bottom: 0px !important;padding-left: 0px !important;}&#8221;][vc_column_text css=&#8221;&#8221;]\n<h2 style=\"text-align: left;\">Mehr Projekte<\/h2>\n[\/vc_column_text][\/vc_column][\/vc_row][vc_row thb_row_padding=&#8221;true&#8221; css=&#8221;.vc_custom_1726761518071{margin-top: 0px !important;margin-bottom: 150px !important;padding-top: 0px !important;padding-right: 0px !important;padding-bottom: 0px !important;padding-left: 0px !important;}&#8221;][vc_column width=&#8221;1\/3&#8243; css=&#8221;.vc_custom_1726761381566{margin-top: 0px !important;margin-right: 20px !important;margin-bottom: 0px !important;margin-left: 0px !important;border-top-width: 1px !important;border-right-width: 1px !important;border-bottom-width: 1px !important;border-left-width: 1px !important;padding-top: 30px !important;padding-right: 30px !important;padding-bottom: 30px !important;padding-left: 30px !important;border-left-style: solid !important;border-right-style: solid !important;border-top-style: solid !important;border-bottom-style: solid !important;border-color: #0a0a0a !important;}&#8221;][vc_column_text css=&#8221;&#8221;]\n<h3 style=\"text-align: left;\">Immobilien<\/h3>\n<p style=\"text-align: left;\">Erstellen Sie programmatische Seiten und Inhalte mit hoher Autorit\u00e4t, um relevanten Suchverkehr zu f\u00f6rdern.<\/p>\n[\/vc_column_text][vc_column_text css=&#8221;&#8221;]\n<h2>2 mio<\/h2>\n<p>erzeugte Eindr\u00fccke[\/vc_column_text][\/vc_column][vc_column width=&#8221;1\/3&#8243; css=&#8221;.vc_custom_1726761476948{border-top-width: 1px !important;border-right-width: 1px !important;border-bottom-width: 1px !important;border-left-width: 1px !important;padding-top: 30px !important;padding-right: 30px !important;padding-bottom: 30px !important;padding-left: 30px !important;border-left-style: solid !important;border-right-style: solid !important;border-top-style: solid !important;border-bottom-style: solid !important;border-color: #140651 !important;}&#8221;][vc_column_text css=&#8221;&#8221;]\n<h3 style=\"text-align: left;\">Sektor Unterhaltung<\/h3>\n<p style=\"text-align: left;\">Verbesserte die Datenstruktur und die interne Verlinkung einer komplexen Website.<\/p>\n[\/vc_column_text][vc_column_text css=&#8221;&#8221;]\n<h2>3x<\/h2>\n<p>Organischer Verkehr[\/vc_column_text][\/vc_column][vc_column width=&#8221;1\/3&#8243; css=&#8221;.vc_custom_1726761497648{border-top-width: 1px !important;border-right-width: 1px !important;border-bottom-width: 1px !important;border-left-width: 1px !important;padding-top: 30px !important;padding-right: 30px !important;padding-bottom: 30px !important;padding-left: 30px !important;border-left-style: solid !important;border-right-style: solid !important;border-top-style: solid !important;border-bottom-style: solid !important;border-color: #140651 !important;}&#8221;][vc_column_text css=&#8221;&#8221;]\n<h3 style=\"text-align: left;\">Coaching<\/h3>\n<p style=\"text-align: left;\">Erh\u00f6hung der Ladezeit einer Website durch Optimierung der Geschwindigkeit. Abgeschlossen mit einer Keyword-Recherche. <\/p>\n[\/vc_column_text][vc_column_text css=&#8221;&#8221;]\n<h2>100%<\/h2>\n<p>Leistungsbewertung[\/vc_column_text][\/vc_column][\/vc_row][\/vc_section][vc_row thb_full_width=&#8221;true&#8221; thb_row_padding=&#8221;true&#8221; thb_column_padding=&#8221;true&#8221; parallax=&#8221;content-moving-fade&#8221; css=&#8221;.vc_custom_1726763115992{padding-top: 200px !important;padding-bottom: 200px !important;}&#8221; el_class=&#8221;box-clients&#8221;][vc_column][vc_row_inner][vc_column_inner][vc_column_text animation=&#8221;animation fade-in&#8221;]\n<h3>Unsere Kunden<\/h3>\n[\/vc_column_text][\/vc_column_inner][\/vc_row_inner][vc_row_inner][vc_column_inner el_class=&#8221;box-clients-list&#8221; width=&#8221;1\/3&#8243;][vc_column_text]G-Star[\/vc_column_text][vc_column_text]EuroAirport[\/vc_column_text][vc_column_text]Universit\u00e9 de Gen\u00e8ve[\/vc_column_text][vc_column_text]Verkehrsbetriebe Luzern[\/vc_column_text][vc_column_text]<a href=\"https:\/\/www.graaaf.com\/de\/projects\/digitale-kommunikation-und-gemeinschaftsbildung\/\">Museomix <\/a><a href=\"https:\/\/www.graaaf.com\/de\/projects\/digitale-kommunikation-und-gemeinschaftsbildung\/\"><img loading=\"lazy\" decoding=\"async\" class=\"alignnone wp-image-8155\" src=\"https:\/\/www.graaaf.com\/wordpress\/wp-content\/uploads\/2018\/08\/invader-arrow-light.png\" alt=\"Pfeil nach rechts\" width=\"16\" height=\"11\"><\/a>[\/vc_column_text][vc_column_text]<a href=\"https:\/\/www.graaaf.com\/de\/projects\/eine-crowdfunding-plattform-fuer-eine-schweizer-ngo\/\">Terre des hommes <\/a><a href=\"https:\/\/www.graaaf.com\/de\/projects\/eine-crowdfunding-plattform-fuer-eine-schweizer-ngo\/\"><img loading=\"lazy\" decoding=\"async\" class=\"alignnone wp-image-8155\" src=\"https:\/\/www.graaaf.com\/wordpress\/wp-content\/uploads\/2018\/08\/invader-arrow-light.png\" alt=\"Pfeil nach rechts\" width=\"16\" height=\"11\"><\/a>[\/vc_column_text][vc_column_text]Kookut[\/vc_column_text][\/vc_column_inner][vc_column_inner el_class=&#8221;box-clients-list&#8221; width=&#8221;1\/3&#8243; offset=&#8221;vc_hidden-xs&#8221;][vc_column_text]Roxy Theater[\/vc_column_text][vc_column_text]Fluxdock[\/vc_column_text][vc_column_text]Indiz[\/vc_column_text][vc_column_text]Kyburz Made[\/vc_column_text][vc_column_text]Equilibre Nuithonie[\/vc_column_text][vc_column_text]Mietsh\u00e4user Syndikat[\/vc_column_text][vc_column_text]Reactis[\/vc_column_text][\/vc_column_inner][vc_column_inner el_class=&#8221;box-clients-list&#8221; width=&#8221;1\/3&#8243;][vc_column_text]<a href=\"https:\/\/www.graaaf.com\/de\/projects\/ein-individueller-3d-uhrenkonfigurator\/\">Initium <\/a><a href=\"https:\/\/www.graaaf.com\/de\/projects\/online-marketing-fuer-uhrmacherkurse\/\"><img loading=\"lazy\" decoding=\"async\" class=\"alignnone wp-image-8155\" src=\"https:\/\/www.graaaf.com\/wordpress\/wp-content\/uploads\/2018\/08\/invader-arrow-light.png\" alt=\"Pfeil nach rechts\" width=\"16\" height=\"11\"><\/a>[\/vc_column_text][vc_column_text]Web Essentials[\/vc_column_text][vc_column_text]Lowrider Teeshirt[\/vc_column_text][vc_column_text]<a href=\"https:\/\/www.graaaf.com\/de\/projects\/werbefilm-fuer-unternehmen\/\">Center for Human Drug Research <\/a><a href=\"https:\/\/www.graaaf.com\/de\/projects\/werbefilm-fuer-unternehmen\/\"><img loading=\"lazy\" decoding=\"async\" class=\"alignnone wp-image-8155\" src=\"https:\/\/www.graaaf.com\/wordpress\/wp-content\/uploads\/2018\/08\/invader-arrow-light.png\" alt=\"Pfeil nach rechts\" width=\"16\" height=\"11\"><\/a>[\/vc_column_text][vc_column_text]Tetra Pack[\/vc_column_text][vc_column_text]REI Solar Investments[\/vc_column_text][vc_column_text]United Security Providers[\/vc_column_text][\/vc_column_inner][\/vc_row_inner][\/vc_column][\/vc_row][vc_section el_id=&#8221;leadform&#8221; css=&#8221;.vc_custom_1725982561652{background-color: #e8fffb !important;}&#8221;][vc_row css=&#8221;.vc_custom_1725982709935{padding-top: 10vh !important;padding-bottom: 6vh !important;}&#8221;][vc_column width=&#8221;1\/6&#8243;][\/vc_column][vc_column width=&#8221;2\/3&#8243;][vc_column_text css=&#8221;&#8221;]\n<h2>Holen Sie sich unsere weiteren Fallstudien<\/h2>\n<p>Wir k\u00f6nnen nicht alle unsere Projekte \u00f6ffentlich zeigen. Aber wir k\u00f6nnen sie per E-Mail weiterleiten ;)[\/vc_column_text][vc_btn title=&#8221;Holen Sie sich die Fallstudien&#8221; shape=&#8221;square&#8221; color=&#8221;info&#8221; size=&#8221;lg&#8221; css=&#8221;&#8221; link=&#8221;url:https%3A%2F%2Fwww.graaaf.com%2Fde%2Fcontact%2F|title:Contact|&#8221;][\/vc_column][vc_column width=&#8221;1\/6&#8243;][\/vc_column][\/vc_row][\/vc_section]\n<\/div>","protected":false},"excerpt":{"rendered":"<p>[vc_row thb_full_width=&#8221;true&#8221; thb_column_padding=&#8221;true&#8221; el_class=&#8221;portfolio-heading&#8221;][vc_column][vc_row_inner][vc_column_inner][vc_column_text] Projekte Einige der Projekte, an denen wir gearbeitet haben [\/vc_column_text][vc_empty_space][vc_empty_space][vc_column_text css=&#8221;&#8221; el_class=&#8221;portfolio-project-list&#8221;] Skalierung eines Marktplatzes mit programmatischer SEO Lumo Houses Website f\u00fcr Solaranlagen REI Solar Technische Website f\u00fcr ein Medizintechnik-Startup EqVita AG WooCommerce und Shopify kombinieren Kambium Kyburz Ein massgeschneiderter 3D-Uhrenkonfigurator Initium F\u00f6rdern Sie eine starke Online-Community Museomix Online-Marketing f\u00fcr Uhrmacherkurse&hellip;<\/p>\n","protected":false},"author":1,"featured_media":0,"parent":0,"menu_order":3,"comment_status":"closed","ping_status":"closed","template":"","meta":{"_acf_changed":false,"footnotes":""},"class_list":["post-10308","page","type-page","status-publish","hentry"],"acf":[],"yoast_head":"<!-- This site is optimized with the Yoast SEO plugin v27.4 - https:\/\/yoast.com\/product\/yoast-seo-wordpress\/ -->\n<title>Arbeit &amp; Portfolio - Yann Graf - Berater f\u00fcr digitale Strategie<\/title>\n<meta name=\"description\" content=\"Analysieren Ihrer Customer Journey, Definieren einer Informationsarchitektur Schnelles Erstellen eines Prototyps Ihrer Idee oder Kampagne, um sie zu testen\" \/>\n<meta name=\"robots\" content=\"index, follow, max-snippet:-1, max-image-preview:large, max-video-preview:-1\" \/>\n<link rel=\"canonical\" href=\"https:\/\/www.graaaf.com\/de\/projects\/\" \/>\n<meta property=\"og:locale\" content=\"de_DE\" \/>\n<meta property=\"og:type\" content=\"article\" \/>\n<meta property=\"og:title\" content=\"Arbeit &amp; Portfolio - Yann Graf - Berater f\u00fcr digitale Strategie\" \/>\n<meta property=\"og:description\" content=\"Analysieren Ihrer Customer Journey, Definieren einer Informationsarchitektur Schnelles Erstellen eines Prototyps Ihrer Idee oder Kampagne, um sie zu testen\" \/>\n<meta property=\"og:url\" content=\"https:\/\/www.graaaf.com\/de\/projects\/\" \/>\n<meta property=\"og:site_name\" content=\"Graaaf\" \/>\n<meta property=\"article:publisher\" content=\"https:\/\/www.facebook.com\/graaafcom\" \/>\n<meta property=\"article:modified_time\" content=\"2026-03-16T15:31:19+00:00\" \/>\n<meta property=\"og:image\" content=\"https:\/\/www.graaaf.com\/wordpress\/wp-content\/uploads\/2018\/08\/invader-arrow-light.png\" \/>\n\t<meta property=\"og:image:width\" content=\"88\" \/>\n\t<meta property=\"og:image:height\" content=\"60\" \/>\n\t<meta property=\"og:image:type\" content=\"image\/png\" \/>\n<meta name=\"twitter:card\" content=\"summary_large_image\" \/>\n<script type=\"application\/ld+json\" class=\"yoast-schema-graph\">{\"@context\":\"https:\\\/\\\/schema.org\",\"@graph\":[{\"@type\":\"WebPage\",\"@id\":\"https:\\\/\\\/www.graaaf.com\\\/de\\\/projects\\\/\",\"url\":\"https:\\\/\\\/www.graaaf.com\\\/de\\\/projects\\\/\",\"name\":\"Arbeit & Portfolio - Yann Graf - Berater f\u00fcr digitale Strategie\",\"isPartOf\":{\"@id\":\"https:\\\/\\\/www.graaaf.com\\\/de\\\/#website\"},\"primaryImageOfPage\":{\"@id\":\"https:\\\/\\\/www.graaaf.com\\\/de\\\/projects\\\/#primaryimage\"},\"image\":{\"@id\":\"https:\\\/\\\/www.graaaf.com\\\/de\\\/projects\\\/#primaryimage\"},\"thumbnailUrl\":\"https:\\\/\\\/www.graaaf.com\\\/wordpress\\\/wp-content\\\/uploads\\\/2018\\\/08\\\/invader-arrow-light.png\",\"datePublished\":\"2024-04-29T13:54:17+00:00\",\"dateModified\":\"2026-03-16T15:31:19+00:00\",\"description\":\"Analysieren Ihrer Customer Journey, Definieren einer Informationsarchitektur Schnelles Erstellen eines Prototyps Ihrer Idee oder Kampagne, um sie zu testen\",\"breadcrumb\":{\"@id\":\"https:\\\/\\\/www.graaaf.com\\\/de\\\/projects\\\/#breadcrumb\"},\"inLanguage\":\"de-CH\",\"potentialAction\":[{\"@type\":\"ReadAction\",\"target\":[\"https:\\\/\\\/www.graaaf.com\\\/de\\\/projects\\\/\"]}]},{\"@type\":\"ImageObject\",\"inLanguage\":\"de-CH\",\"@id\":\"https:\\\/\\\/www.graaaf.com\\\/de\\\/projects\\\/#primaryimage\",\"url\":\"https:\\\/\\\/www.graaaf.com\\\/wordpress\\\/wp-content\\\/uploads\\\/2018\\\/08\\\/invader-arrow-light.png\",\"contentUrl\":\"https:\\\/\\\/www.graaaf.com\\\/wordpress\\\/wp-content\\\/uploads\\\/2018\\\/08\\\/invader-arrow-light.png\"},{\"@type\":\"BreadcrumbList\",\"@id\":\"https:\\\/\\\/www.graaaf.com\\\/de\\\/projects\\\/#breadcrumb\",\"itemListElement\":[{\"@type\":\"ListItem\",\"position\":1,\"name\":\"Home\",\"item\":\"https:\\\/\\\/www.graaaf.com\\\/de\\\/homepage-v4\\\/\"},{\"@type\":\"ListItem\",\"position\":2,\"name\":\"Projekte\"}]},{\"@type\":\"WebSite\",\"@id\":\"https:\\\/\\\/www.graaaf.com\\\/de\\\/#website\",\"url\":\"https:\\\/\\\/www.graaaf.com\\\/de\\\/\",\"name\":\"GRAAAF\",\"description\":\"A digital marketing and communication agency\",\"publisher\":{\"@id\":\"https:\\\/\\\/www.graaaf.com\\\/de\\\/#organization\"},\"potentialAction\":[{\"@type\":\"SearchAction\",\"target\":{\"@type\":\"EntryPoint\",\"urlTemplate\":\"https:\\\/\\\/www.graaaf.com\\\/de\\\/?s={search_term_string}\"},\"query-input\":{\"@type\":\"PropertyValueSpecification\",\"valueRequired\":true,\"valueName\":\"search_term_string\"}}],\"inLanguage\":\"de-CH\"},{\"@type\":\"Organization\",\"@id\":\"https:\\\/\\\/www.graaaf.com\\\/de\\\/#organization\",\"name\":\"GRAAAF\",\"url\":\"https:\\\/\\\/www.graaaf.com\\\/de\\\/\",\"logo\":{\"@type\":\"ImageObject\",\"inLanguage\":\"de-CH\",\"@id\":\"https:\\\/\\\/www.graaaf.com\\\/de\\\/#\\\/schema\\\/logo\\\/image\\\/\",\"url\":\"https:\\\/\\\/www.graaaf.com\\\/wordpress\\\/wp-content\\\/uploads\\\/2018\\\/05\\\/logo-website-graaaf-2018-positif.png\",\"contentUrl\":\"https:\\\/\\\/www.graaaf.com\\\/wordpress\\\/wp-content\\\/uploads\\\/2018\\\/05\\\/logo-website-graaaf-2018-positif.png\",\"width\":341,\"height\":66,\"caption\":\"GRAAAF\"},\"image\":{\"@id\":\"https:\\\/\\\/www.graaaf.com\\\/de\\\/#\\\/schema\\\/logo\\\/image\\\/\"},\"sameAs\":[\"https:\\\/\\\/www.facebook.com\\\/graaafcom\",\"https:\\\/\\\/www.linkedin.com\\\/company\\\/graaaf\\\/\"]}]}<\/script>\n<!-- \/ Yoast SEO plugin. -->","yoast_head_json":{"title":"Arbeit & Portfolio - Yann Graf - Berater f\u00fcr digitale Strategie","description":"Analysieren Ihrer Customer Journey, Definieren einer Informationsarchitektur Schnelles Erstellen eines Prototyps Ihrer Idee oder Kampagne, um sie zu testen","robots":{"index":"index","follow":"follow","max-snippet":"max-snippet:-1","max-image-preview":"max-image-preview:large","max-video-preview":"max-video-preview:-1"},"canonical":"https:\/\/www.graaaf.com\/de\/projects\/","og_locale":"de_DE","og_type":"article","og_title":"Arbeit & Portfolio - Yann Graf - Berater f\u00fcr digitale Strategie","og_description":"Analysieren Ihrer Customer Journey, Definieren einer Informationsarchitektur Schnelles Erstellen eines Prototyps Ihrer Idee oder Kampagne, um sie zu testen","og_url":"https:\/\/www.graaaf.com\/de\/projects\/","og_site_name":"Graaaf","article_publisher":"https:\/\/www.facebook.com\/graaafcom","article_modified_time":"2026-03-16T15:31:19+00:00","og_image":[{"width":88,"height":60,"url":"https:\/\/www.graaaf.com\/wordpress\/wp-content\/uploads\/2018\/08\/invader-arrow-light.png","type":"image\/png"}],"twitter_card":"summary_large_image","schema":{"@context":"https:\/\/schema.org","@graph":[{"@type":"WebPage","@id":"https:\/\/www.graaaf.com\/de\/projects\/","url":"https:\/\/www.graaaf.com\/de\/projects\/","name":"Arbeit & Portfolio - Yann Graf - Berater f\u00fcr digitale Strategie","isPartOf":{"@id":"https:\/\/www.graaaf.com\/de\/#website"},"primaryImageOfPage":{"@id":"https:\/\/www.graaaf.com\/de\/projects\/#primaryimage"},"image":{"@id":"https:\/\/www.graaaf.com\/de\/projects\/#primaryimage"},"thumbnailUrl":"https:\/\/www.graaaf.com\/wordpress\/wp-content\/uploads\/2018\/08\/invader-arrow-light.png","datePublished":"2024-04-29T13:54:17+00:00","dateModified":"2026-03-16T15:31:19+00:00","description":"Analysieren Ihrer Customer Journey, Definieren einer Informationsarchitektur Schnelles Erstellen eines Prototyps Ihrer Idee oder Kampagne, um sie zu testen","breadcrumb":{"@id":"https:\/\/www.graaaf.com\/de\/projects\/#breadcrumb"},"inLanguage":"de-CH","potentialAction":[{"@type":"ReadAction","target":["https:\/\/www.graaaf.com\/de\/projects\/"]}]},{"@type":"ImageObject","inLanguage":"de-CH","@id":"https:\/\/www.graaaf.com\/de\/projects\/#primaryimage","url":"https:\/\/www.graaaf.com\/wordpress\/wp-content\/uploads\/2018\/08\/invader-arrow-light.png","contentUrl":"https:\/\/www.graaaf.com\/wordpress\/wp-content\/uploads\/2018\/08\/invader-arrow-light.png"},{"@type":"BreadcrumbList","@id":"https:\/\/www.graaaf.com\/de\/projects\/#breadcrumb","itemListElement":[{"@type":"ListItem","position":1,"name":"Home","item":"https:\/\/www.graaaf.com\/de\/homepage-v4\/"},{"@type":"ListItem","position":2,"name":"Projekte"}]},{"@type":"WebSite","@id":"https:\/\/www.graaaf.com\/de\/#website","url":"https:\/\/www.graaaf.com\/de\/","name":"GRAAAF","description":"A digital marketing and communication agency","publisher":{"@id":"https:\/\/www.graaaf.com\/de\/#organization"},"potentialAction":[{"@type":"SearchAction","target":{"@type":"EntryPoint","urlTemplate":"https:\/\/www.graaaf.com\/de\/?s={search_term_string}"},"query-input":{"@type":"PropertyValueSpecification","valueRequired":true,"valueName":"search_term_string"}}],"inLanguage":"de-CH"},{"@type":"Organization","@id":"https:\/\/www.graaaf.com\/de\/#organization","name":"GRAAAF","url":"https:\/\/www.graaaf.com\/de\/","logo":{"@type":"ImageObject","inLanguage":"de-CH","@id":"https:\/\/www.graaaf.com\/de\/#\/schema\/logo\/image\/","url":"https:\/\/www.graaaf.com\/wordpress\/wp-content\/uploads\/2018\/05\/logo-website-graaaf-2018-positif.png","contentUrl":"https:\/\/www.graaaf.com\/wordpress\/wp-content\/uploads\/2018\/05\/logo-website-graaaf-2018-positif.png","width":341,"height":66,"caption":"GRAAAF"},"image":{"@id":"https:\/\/www.graaaf.com\/de\/#\/schema\/logo\/image\/"},"sameAs":["https:\/\/www.facebook.com\/graaafcom","https:\/\/www.linkedin.com\/company\/graaaf\/"]}]}},"_links":{"self":[{"href":"https:\/\/www.graaaf.com\/de\/wp-json\/wp\/v2\/pages\/10308","targetHints":{"allow":["GET"]}}],"collection":[{"href":"https:\/\/www.graaaf.com\/de\/wp-json\/wp\/v2\/pages"}],"about":[{"href":"https:\/\/www.graaaf.com\/de\/wp-json\/wp\/v2\/types\/page"}],"author":[{"embeddable":true,"href":"https:\/\/www.graaaf.com\/de\/wp-json\/wp\/v2\/users\/1"}],"replies":[{"embeddable":true,"href":"https:\/\/www.graaaf.com\/de\/wp-json\/wp\/v2\/comments?post=10308"}],"version-history":[{"count":0,"href":"https:\/\/www.graaaf.com\/de\/wp-json\/wp\/v2\/pages\/10308\/revisions"}],"wp:attachment":[{"href":"https:\/\/www.graaaf.com\/de\/wp-json\/wp\/v2\/media?parent=10308"}],"curies":[{"name":"wp","href":"https:\/\/api.w.org\/{rel}","templated":true}]}}