{"id":10326,"date":"2024-04-29T15:59:00","date_gmt":"2024-04-29T13:59:00","guid":{"rendered":"https:\/\/www.graaaf.com\/dienstleistungen\/digital-analytics\/"},"modified":"2024-08-06T18:44:41","modified_gmt":"2024-08-06T16:44:41","slug":"digital-analytics","status":"publish","type":"page","link":"https:\/\/www.graaaf.com\/de\/dienstleistungen\/digital-analytics\/","title":{"rendered":"Digital Analytics"},"content":{"rendered":"<div class=\"wpb-content-wrapper\">[vc_row thb_full_width=&#8221;true&#8221; thb_column_padding=&#8221;true&#8221; thb_scroll_bottom=&#8221;true&#8221; thb_scroll_bottom_style=&#8221;style3&#8243; css=&#8221;.vc_custom_1557392735091{background-color: #f9f9f9 !important;}&#8221; el_class=&#8221;services-heading&#8221;][vc_column][vc_row_inner content_placement=&#8221;middle&#8221;][vc_column_inner width=&#8221;1\/2&#8243;][vc_column_text]\n<h1>Digital Analytics<\/h1>\n<h2>Erhalten Sie Einblicke und verstehen Sie den Traffic auf Ihrer Website.<\/h2>\n[\/vc_column_text][\/vc_column_inner][vc_column_inner width=&#8221;1\/2&#8243;][vc_single_image image=&#8221;8171&#8243; img_size=&#8221;large&#8221; css_animation=&#8221;fadeIn&#8221;][\/vc_column_inner][\/vc_row_inner][\/vc_column][\/vc_row][vc_section css=&#8221;.vc_custom_1557393896732{padding-top: 10vh !important;padding-bottom: 10vh !important;}&#8221;][vc_row thb_full_width=&#8221;true&#8221; thb_column_padding=&#8221;true&#8221; css=&#8221;.vc_custom_1557392506034{background-color: #ffffff !important;}&#8221;][vc_column offset=&#8221;vc_hidden-xs&#8221;][vc_row_inner][vc_column_inner width=&#8221;1\/4&#8243;][\/vc_column_inner][vc_column_inner width=&#8221;1\/2&#8243;][vc_column_text]\n<p style=\"text-align: center;\">Wenn Sie Ihren Traffic verstehen, erhalten Sie die entscheidenden Daten, die Sie zur Optimierung Ihrer Online-Pr\u00e4senz ben\u00f6tigen. Wir k\u00f6nnen Ihnen helfen zu analysieren, welche Seite oder welcher Kanal verbessert werden muss.<\/p>\n[\/vc_column_text][\/vc_column_inner][vc_column_inner width=&#8221;1\/4&#8243;][\/vc_column_inner][\/vc_row_inner][vc_empty_space][vc_row_inner content_placement=&#8221;middle&#8221;][vc_column_inner width=&#8221;1\/6&#8243;][\/vc_column_inner][vc_column_inner width=&#8221;2\/6&#8243;][vc_column_text]\n<h2 style=\"text-align: right;\">Umsetzbares Wissen<\/h2>\n<p style=\"text-align: right;\">Wir k\u00f6nnen Ihnen bei der Einrichtung einer pr\u00e4zisen Conversion- und Ereignisverfolgung f\u00fcr Ihre Website helfen. Wir k\u00f6nnen Ihnen auch bei der Entscheidung helfen, welche KPIs f\u00fcr Ihr Unternehmen am wichtigsten sind.<\/p>\n[\/vc_column_text][\/vc_column_inner][vc_column_inner width=&#8221;1\/3&#8243;][vc_icon icon_fontawesome=&#8221;fa fa-pie-chart&#8221; color=&#8221;custom&#8221; background_style=&#8221;boxed&#8221; background_color=&#8221;custom&#8221; size=&#8221;lg&#8221; css_animation=&#8221;zoomIn&#8221; custom_color=&#8221;#00fbce&#8221;][\/vc_column_inner][vc_column_inner width=&#8221;1\/6&#8243;][\/vc_column_inner][\/vc_row_inner][vc_empty_space][vc_row_inner content_placement=&#8221;middle&#8221;][vc_column_inner width=&#8221;1\/6&#8243;][\/vc_column_inner][vc_column_inner width=&#8221;1\/3&#8243;][vc_icon icon_fontawesome=&#8221;fa fa-exchange&#8221; color=&#8221;custom&#8221; background_style=&#8221;boxed&#8221; background_color=&#8221;custom&#8221; size=&#8221;lg&#8221; align=&#8221;right&#8221; css_animation=&#8221;fadeIn&#8221; custom_color=&#8221;#00fbce&#8221;][\/vc_column_inner][vc_column_inner width=&#8221;2\/6&#8243;][vc_column_text]\n<h2>Technische Umsetzung<\/h2>\n<p> Domain\u00fcbergreifendes Tracking, benutzerdefinierte Javascript-Implementierung, gefilterte Ansicht und Segmentierung sind alles Dinge, bei denen wir Ihnen helfen k\u00f6nnen.[\/vc_column_text][\/vc_column_inner][vc_column_inner width=&#8221;1\/6&#8243;][\/vc_column_inner][\/vc_row_inner][\/vc_column][\/vc_row][vc_row thb_full_width=&#8221;true&#8221; thb_column_padding=&#8221;true&#8221; css=&#8221;.vc_custom_1557392348505{background-color: #ffffff !important;}&#8221;][vc_column offset=&#8221;vc_hidden-lg vc_hidden-md vc_hidden-sm&#8221;][vc_row_inner][vc_column_inner][vc_column_text]\n<p style=\"text-align: left;\">Wenn Sie Ihren Traffic verstehen, erhalten Sie die entscheidenden Daten, die Sie zur Optimierung Ihrer Online-Pr\u00e4senz ben\u00f6tigen. Wir k\u00f6nnen Ihnen helfen zu analysieren, welche Seite oder welcher Kanal verbessert werden muss.<\/p>\n[\/vc_column_text][\/vc_column_inner][\/vc_row_inner][vc_empty_space][vc_row_inner content_placement=&#8221;middle&#8221;][vc_column_inner width=&#8221;1\/4&#8243; offset=&#8221;vc_col-xs-2&#8243;][vc_icon icon_fontawesome=&#8221;fa fa-pie-chart&#8221; color=&#8221;custom&#8221; background_style=&#8221;boxed&#8221; background_color=&#8221;custom&#8221; size=&#8221;lg&#8221; align=&#8221;right&#8221; css_animation=&#8221;fadeIn&#8221; custom_color=&#8221;#00fbce&#8221;][\/vc_column_inner][vc_column_inner width=&#8221;3\/4&#8243; offset=&#8221;vc_col-xs-10&#8243;][vc_column_text]\n<h2 style=\"text-align: left;\">Umsetzbares Wissen<\/h2>\n<p style=\"text-align: left;\">Wir k\u00f6nnen Ihnen bei der Einrichtung einer pr\u00e4zisen Conversion- und Ereignisverfolgung f\u00fcr Ihre Website helfen. Wir k\u00f6nnen Ihnen auch bei der Entscheidung helfen, welche KPIs f\u00fcr Ihr Unternehmen am wichtigsten sind.<\/p>\n[\/vc_column_text][\/vc_column_inner][\/vc_row_inner][vc_empty_space][vc_row_inner content_placement=&#8221;middle&#8221;][vc_column_inner width=&#8221;1\/4&#8243; offset=&#8221;vc_col-xs-2&#8243;][vc_icon icon_fontawesome=&#8221;fa fa-exchange&#8221; color=&#8221;custom&#8221; background_style=&#8221;boxed&#8221; background_color=&#8221;custom&#8221; size=&#8221;lg&#8221; align=&#8221;right&#8221; css_animation=&#8221;fadeIn&#8221; custom_color=&#8221;#00fbce&#8221;][\/vc_column_inner][vc_column_inner width=&#8221;3\/4&#8243; offset=&#8221;vc_col-xs-10&#8243;][vc_column_text]\n<h2>Technische Umsetzung<\/h2>\n<p> Domain\u00fcbergreifendes Tracking, benutzerdefinierte Javascript-Implementierung, gefilterte Ansicht und Segmentierung sind alles Dinge, bei denen wir Ihnen helfen k\u00f6nnen.[\/vc_column_text][\/vc_column_inner][\/vc_row_inner][\/vc_column][\/vc_row][\/vc_section][vc_row thb_full_width=&#8221;true&#8221; thb_column_padding=&#8221;true&#8221; css=&#8221;.vc_custom_1536328256451{padding-top: 10vh !important;padding-bottom: 10vh !important;background-color: #f9f9f9 !important;}&#8221;][vc_column width=&#8221;1\/6&#8243;][\/vc_column][vc_column width=&#8221;2\/3&#8243;][vc_column_text]\n<h2 style=\"text-align: center;\">Fallstudien<\/h2>\n[\/vc_column_text]\t\t<section class=\"thb-portfolio masonry row regular-padding thb-portfolio-style-style4 thb-true-aspect-  mfp-gallery\" data-loadmore=\"#loadmore-160\" data-filter=\"thb-filter-160\" data-layoutmode=\"packery\" data-thb-animation=\"thb-animate-from-bottom\" data-security=\"9c1e8fdac0\">\n\t\t<div class=\"columns type-portfolio style4 small-12 large-6  portfolio-id-10333-69d6ebfea8740 post-10333 portfolio status-publish has-post-thumbnail hentry tag-cat-digital-analytics-de tag-cat-digital-strategy-de\" id=\"portfolio-10333\">\n\t<div class=\"portfolio-holder\">\n\t\t<div class=\"thb-portfolio-image\">\n\t\t\t\t\t\t<img loading=\"lazy\" decoding=\"async\" width=\"760\" height=\"700\" src=\"https:\/\/www.graaaf.com\/wordpress\/wp-content\/uploads\/2018\/06\/thumbnails_2018_2-digital-stage-760x700.jpg\" class=\"attachment-revolution-square-x2 size-revolution-square-x2 wp-post-image\" alt=\"\" srcset=\"https:\/\/www.graaaf.com\/wordpress\/wp-content\/uploads\/2018\/06\/thumbnails_2018_2-digital-stage-760x700.jpg 760w, https:\/\/www.graaaf.com\/wordpress\/wp-content\/uploads\/2018\/06\/thumbnails_2018_2-digital-stage-380x350.jpg 380w, https:\/\/www.graaaf.com\/wordpress\/wp-content\/uploads\/2018\/06\/thumbnails_2018_2-digital-stage-20x18.jpg 20w\" sizes=\"auto, (max-width: 760px) 100vw, 760px\" \/>\t\t\t<div class=\"thb-portfolio-hover\"><\/div>\n\t\t<\/div>\n\t\t<a href=\"https:\/\/www.graaaf.com\/de\/projects\/pruefung-der-digitalen-praesenz-von-schweizer-theatern\/\" class=\"thb-portfolio-link\"><\/a>\n\t\t<div class=\"thb-portfolio-content\">\n\t\t\t<h5>Pr\u00fcfung der digitalen Pr\u00e4senz von Schweizer Theatern<\/h5>\n\t\t\t\t\t\t<svg xmlns=\"http:\/\/www.w3.org\/2000\/svg\" xmlns:xlink=\"http:\/\/www.w3.org\/1999\/xlink\" x=\"0px\" y=\"0px\"\n\t width=\"30px\" height=\"18px\" viewBox=\"0 0 30 18\" enable-background=\"new 0 0 30 18\" xml:space=\"preserve\">\n<path class=\"handle\" d=\"M20.305,16.212c-0.407,0.409-0.407,1.071,0,1.479s1.068,0.408,1.476,0l7.914-7.952c0.408-0.409,0.408-1.071,0-1.481\n\tl-7.914-7.952c-0.407-0.409-1.068-0.409-1.476,0s-0.407,1.071,0,1.48l7.185,7.221L20.305,16.212z\"\/>\n<path class=\"bar\" fill-rule=\"evenodd\" clip-rule=\"evenodd\" d=\"M1,8h28.001c0.551,0,1,0.448,1,1c0,0.553-0.449,1-1,1H1c-0.553,0-1-0.447-1-1\n\tC0,8.448,0.447,8,1,8z\"\/>\n<\/svg>\n\t\t<\/div>\n\t<\/div>\n\t\t<style>\n\t\t.portfolio-id-10333-69d6ebfea8740.style4 .thb-portfolio-hover {\n\t\t\tbackground:rgba(39,17,132,0.07);background:linear-gradient( 0deg,rgba(39,17,132,0.2),rgba(39,17,132,0.07) );\t\t}\n\t<\/style>\n\t<\/div>\n<div class=\"columns type-portfolio style4 small-12 large-6  portfolio-id-10329-69d6ebfeaad20 post-10329 portfolio status-publish has-post-thumbnail hentry tag-cat-digital-analytics-de tag-cat-facebook-advertising-de tag-cat-seo-de\" id=\"portfolio-10329\">\n\t<div class=\"portfolio-holder\">\n\t\t<div class=\"thb-portfolio-image\">\n\t\t\t\t\t\t<img loading=\"lazy\" decoding=\"async\" width=\"760\" height=\"700\" src=\"https:\/\/www.graaaf.com\/wordpress\/wp-content\/uploads\/2018\/05\/thumbnails_2018_2-aufil-760x700.jpg\" class=\"attachment-revolution-square-x2 size-revolution-square-x2 wp-post-image\" alt=\"\" srcset=\"https:\/\/www.graaaf.com\/wordpress\/wp-content\/uploads\/2018\/05\/thumbnails_2018_2-aufil-760x700.jpg 760w, https:\/\/www.graaaf.com\/wordpress\/wp-content\/uploads\/2018\/05\/thumbnails_2018_2-aufil-380x350.jpg 380w, https:\/\/www.graaaf.com\/wordpress\/wp-content\/uploads\/2018\/05\/thumbnails_2018_2-aufil-20x18.jpg 20w\" sizes=\"auto, (max-width: 760px) 100vw, 760px\" \/>\t\t\t<div class=\"thb-portfolio-hover\"><\/div>\n\t\t<\/div>\n\t\t<a href=\"https:\/\/www.graaaf.com\/de\/projects\/unified-performing-online-presence\/\" class=\"thb-portfolio-link\"><\/a>\n\t\t<div class=\"thb-portfolio-content\">\n\t\t\t<h5>Ein Hotel mit einer leistungsstarken digitalen Pr\u00e4senz<\/h5>\n\t\t\t\t\t\t<svg xmlns=\"http:\/\/www.w3.org\/2000\/svg\" xmlns:xlink=\"http:\/\/www.w3.org\/1999\/xlink\" x=\"0px\" y=\"0px\"\n\t width=\"30px\" height=\"18px\" viewBox=\"0 0 30 18\" enable-background=\"new 0 0 30 18\" xml:space=\"preserve\">\n<path class=\"handle\" d=\"M20.305,16.212c-0.407,0.409-0.407,1.071,0,1.479s1.068,0.408,1.476,0l7.914-7.952c0.408-0.409,0.408-1.071,0-1.481\n\tl-7.914-7.952c-0.407-0.409-1.068-0.409-1.476,0s-0.407,1.071,0,1.48l7.185,7.221L20.305,16.212z\"\/>\n<path class=\"bar\" fill-rule=\"evenodd\" clip-rule=\"evenodd\" d=\"M1,8h28.001c0.551,0,1,0.448,1,1c0,0.553-0.449,1-1,1H1c-0.553,0-1-0.447-1-1\n\tC0,8.448,0.447,8,1,8z\"\/>\n<\/svg>\n\t\t<\/div>\n\t<\/div>\n\t\t<style>\n\t\t.portfolio-id-10329-69d6ebfeaad20.style4 .thb-portfolio-hover {\n\t\t\tbackground:rgba(255,255,255,0.21);background:linear-gradient( 0deg,rgba(39,17,132,0.43),rgba(255,255,255,0.21) );\t\t}\n\t<\/style>\n\t<\/div>\n\t<\/section>\n\t\n\t[\/vc_column][vc_column width=&#8221;1\/6&#8243;][\/vc_column][\/vc_row][vc_row thb_full_width=&#8221;true&#8221; css=&#8221;.vc_custom_1536933423882{padding-top: 10vh !important;padding-bottom: 10vh !important;background-color: #00fbce !important;}&#8221;][vc_column width=&#8221;1\/6&#8243;][\/vc_column][vc_column width=&#8221;2\/3&#8243;][vc_column_text]\n<p style=\"text-align: center;\"><strong>Vielleicht sind Sie auch an unseren anderen Dienstleistungen interessiert?<\/strong><\/p>\n<p style=\"text-align: center;\"><a href=\"https:\/\/www.graaaf.com\/de\/dienstleistungen\/digitale-strategie\/\">Digitale Strategie<\/a> oder <a href=\"https:\/\/www.graaaf.com\/de\/dienstleistungen\/google-anzeigen\/\">Google Ads.<\/a><\/p>\n[\/vc_column_text][\/vc_column][vc_column width=&#8221;1\/6&#8243;][\/vc_column][\/vc_row]\n<\/div>","protected":false},"excerpt":{"rendered":"<p>[vc_row thb_full_width=&#8221;true&#8221; thb_column_padding=&#8221;true&#8221; thb_scroll_bottom=&#8221;true&#8221; thb_scroll_bottom_style=&#8221;style3&#8243; css=&#8221;.vc_custom_1557392735091{background-color: #f9f9f9 !important;}&#8221; el_class=&#8221;services-heading&#8221;][vc_column][vc_row_inner content_placement=&#8221;middle&#8221;][vc_column_inner width=&#8221;1\/2&#8243;][vc_column_text] Digital Analytics Erhalten Sie Einblicke und verstehen Sie den Traffic auf Ihrer Website. [\/vc_column_text][\/vc_column_inner][vc_column_inner width=&#8221;1\/2&#8243;][vc_single_image image=&#8221;8171&#8243; img_size=&#8221;large&#8221; css_animation=&#8221;fadeIn&#8221;][\/vc_column_inner][\/vc_row_inner][\/vc_column][\/vc_row][vc_section css=&#8221;.vc_custom_1557393896732{padding-top: 10vh !important;padding-bottom: 10vh !important;}&#8221;][vc_row thb_full_width=&#8221;true&#8221; thb_column_padding=&#8221;true&#8221; css=&#8221;.vc_custom_1557392506034{background-color: #ffffff !important;}&#8221;][vc_column offset=&#8221;vc_hidden-xs&#8221;][vc_row_inner][vc_column_inner width=&#8221;1\/4&#8243;][\/vc_column_inner][vc_column_inner width=&#8221;1\/2&#8243;][vc_column_text] Wenn Sie Ihren Traffic verstehen, erhalten Sie die entscheidenden Daten, die Sie zur&hellip;<\/p>\n","protected":false},"author":1,"featured_media":0,"parent":10271,"menu_order":5,"comment_status":"closed","ping_status":"closed","template":"","meta":{"_acf_changed":false,"footnotes":""},"class_list":["post-10326","page","type-page","status-publish","hentry"],"acf":[],"yoast_head":"<!-- This site is optimized with the Yoast SEO plugin v27.3 - https:\/\/yoast.com\/product\/yoast-seo-wordpress\/ -->\n<title>Digital Analytics - Verstehen Sie Ihren Traffic - Graaaf<\/title>\n<meta name=\"description\" content=\"Erhalten Sie Einblicke und verstehen Sie den Traffic auf Ihrer Website. Wenn Sie Ihren Traffic verstehen, erhalten Sie wichtige Daten zur Optimierung Ihrer Online-Pr\u00e4senz.\" \/>\n<meta name=\"robots\" content=\"index, follow, max-snippet:-1, max-image-preview:large, max-video-preview:-1\" \/>\n<link rel=\"canonical\" href=\"https:\/\/www.graaaf.com\/de\/dienstleistungen\/digital-analytics\/\" \/>\n<meta property=\"og:locale\" content=\"de_DE\" \/>\n<meta property=\"og:type\" content=\"article\" \/>\n<meta property=\"og:title\" content=\"Digital Analytics - Verstehen Sie Ihren Traffic - Graaaf\" \/>\n<meta property=\"og:description\" content=\"Erhalten Sie Einblicke und verstehen Sie den Traffic auf Ihrer Website. Wenn Sie Ihren Traffic verstehen, erhalten Sie wichtige Daten zur Optimierung Ihrer Online-Pr\u00e4senz.\" \/>\n<meta property=\"og:url\" content=\"https:\/\/www.graaaf.com\/de\/dienstleistungen\/digital-analytics\/\" \/>\n<meta property=\"og:site_name\" content=\"Graaaf\" \/>\n<meta property=\"article:publisher\" content=\"https:\/\/www.facebook.com\/graaafcom\" \/>\n<meta property=\"article:modified_time\" content=\"2024-08-06T16:44:41+00:00\" \/>\n<meta property=\"og:image\" content=\"https:\/\/www.graaaf.com\/wordpress\/wp-content\/uploads\/2024\/03\/header-google-ads-2x-1-scaled.jpg\" \/>\n\t<meta property=\"og:image:width\" content=\"2560\" \/>\n\t<meta property=\"og:image:height\" content=\"1431\" \/>\n\t<meta property=\"og:image:type\" content=\"image\/jpeg\" \/>\n<meta name=\"twitter:card\" content=\"summary_large_image\" \/>\n<script type=\"application\/ld+json\" class=\"yoast-schema-graph\">{\"@context\":\"https:\\\/\\\/schema.org\",\"@graph\":[{\"@type\":\"WebPage\",\"@id\":\"https:\\\/\\\/www.graaaf.com\\\/de\\\/dienstleistungen\\\/digital-analytics\\\/\",\"url\":\"https:\\\/\\\/www.graaaf.com\\\/de\\\/dienstleistungen\\\/digital-analytics\\\/\",\"name\":\"Digital Analytics - Verstehen Sie Ihren Traffic - Graaaf\",\"isPartOf\":{\"@id\":\"https:\\\/\\\/www.graaaf.com\\\/de\\\/#website\"},\"datePublished\":\"2024-04-29T13:59:00+00:00\",\"dateModified\":\"2024-08-06T16:44:41+00:00\",\"description\":\"Erhalten Sie Einblicke und verstehen Sie den Traffic auf Ihrer Website. Wenn Sie Ihren Traffic verstehen, erhalten Sie wichtige Daten zur Optimierung Ihrer Online-Pr\u00e4senz.\",\"breadcrumb\":{\"@id\":\"https:\\\/\\\/www.graaaf.com\\\/de\\\/dienstleistungen\\\/digital-analytics\\\/#breadcrumb\"},\"inLanguage\":\"de-CH\",\"potentialAction\":[{\"@type\":\"ReadAction\",\"target\":[\"https:\\\/\\\/www.graaaf.com\\\/de\\\/dienstleistungen\\\/digital-analytics\\\/\"]}]},{\"@type\":\"BreadcrumbList\",\"@id\":\"https:\\\/\\\/www.graaaf.com\\\/de\\\/dienstleistungen\\\/digital-analytics\\\/#breadcrumb\",\"itemListElement\":[{\"@type\":\"ListItem\",\"position\":1,\"name\":\"Home\",\"item\":\"https:\\\/\\\/www.graaaf.com\\\/de\\\/homepage-v4\\\/\"},{\"@type\":\"ListItem\",\"position\":2,\"name\":\"Dienstleistungen\",\"item\":\"https:\\\/\\\/www.graaaf.com\\\/de\\\/dienstleistungen\\\/\"},{\"@type\":\"ListItem\",\"position\":3,\"name\":\"Digital Analytics\"}]},{\"@type\":\"WebSite\",\"@id\":\"https:\\\/\\\/www.graaaf.com\\\/de\\\/#website\",\"url\":\"https:\\\/\\\/www.graaaf.com\\\/de\\\/\",\"name\":\"GRAAAF\",\"description\":\"A digital marketing and communication agency\",\"publisher\":{\"@id\":\"https:\\\/\\\/www.graaaf.com\\\/de\\\/#organization\"},\"potentialAction\":[{\"@type\":\"SearchAction\",\"target\":{\"@type\":\"EntryPoint\",\"urlTemplate\":\"https:\\\/\\\/www.graaaf.com\\\/de\\\/?s={search_term_string}\"},\"query-input\":{\"@type\":\"PropertyValueSpecification\",\"valueRequired\":true,\"valueName\":\"search_term_string\"}}],\"inLanguage\":\"de-CH\"},{\"@type\":\"Organization\",\"@id\":\"https:\\\/\\\/www.graaaf.com\\\/de\\\/#organization\",\"name\":\"GRAAAF\",\"url\":\"https:\\\/\\\/www.graaaf.com\\\/de\\\/\",\"logo\":{\"@type\":\"ImageObject\",\"inLanguage\":\"de-CH\",\"@id\":\"https:\\\/\\\/www.graaaf.com\\\/de\\\/#\\\/schema\\\/logo\\\/image\\\/\",\"url\":\"https:\\\/\\\/www.graaaf.com\\\/wordpress\\\/wp-content\\\/uploads\\\/2018\\\/05\\\/logo-website-graaaf-2018-positif.png\",\"contentUrl\":\"https:\\\/\\\/www.graaaf.com\\\/wordpress\\\/wp-content\\\/uploads\\\/2018\\\/05\\\/logo-website-graaaf-2018-positif.png\",\"width\":341,\"height\":66,\"caption\":\"GRAAAF\"},\"image\":{\"@id\":\"https:\\\/\\\/www.graaaf.com\\\/de\\\/#\\\/schema\\\/logo\\\/image\\\/\"},\"sameAs\":[\"https:\\\/\\\/www.facebook.com\\\/graaafcom\",\"https:\\\/\\\/www.linkedin.com\\\/company\\\/graaaf\\\/\"]}]}<\/script>\n<!-- \/ Yoast SEO plugin. -->","yoast_head_json":{"title":"Digital Analytics - Verstehen Sie Ihren Traffic - Graaaf","description":"Erhalten Sie Einblicke und verstehen Sie den Traffic auf Ihrer Website. Wenn Sie Ihren Traffic verstehen, erhalten Sie wichtige Daten zur Optimierung Ihrer Online-Pr\u00e4senz.","robots":{"index":"index","follow":"follow","max-snippet":"max-snippet:-1","max-image-preview":"max-image-preview:large","max-video-preview":"max-video-preview:-1"},"canonical":"https:\/\/www.graaaf.com\/de\/dienstleistungen\/digital-analytics\/","og_locale":"de_DE","og_type":"article","og_title":"Digital Analytics - Verstehen Sie Ihren Traffic - Graaaf","og_description":"Erhalten Sie Einblicke und verstehen Sie den Traffic auf Ihrer Website. Wenn Sie Ihren Traffic verstehen, erhalten Sie wichtige Daten zur Optimierung Ihrer Online-Pr\u00e4senz.","og_url":"https:\/\/www.graaaf.com\/de\/dienstleistungen\/digital-analytics\/","og_site_name":"Graaaf","article_publisher":"https:\/\/www.facebook.com\/graaafcom","article_modified_time":"2024-08-06T16:44:41+00:00","og_image":[{"width":2560,"height":1431,"url":"https:\/\/www.graaaf.com\/wordpress\/wp-content\/uploads\/2024\/03\/header-google-ads-2x-1-scaled.jpg","type":"image\/jpeg"}],"twitter_card":"summary_large_image","schema":{"@context":"https:\/\/schema.org","@graph":[{"@type":"WebPage","@id":"https:\/\/www.graaaf.com\/de\/dienstleistungen\/digital-analytics\/","url":"https:\/\/www.graaaf.com\/de\/dienstleistungen\/digital-analytics\/","name":"Digital Analytics - Verstehen Sie Ihren Traffic - Graaaf","isPartOf":{"@id":"https:\/\/www.graaaf.com\/de\/#website"},"datePublished":"2024-04-29T13:59:00+00:00","dateModified":"2024-08-06T16:44:41+00:00","description":"Erhalten Sie Einblicke und verstehen Sie den Traffic auf Ihrer Website. Wenn Sie Ihren Traffic verstehen, erhalten Sie wichtige Daten zur Optimierung Ihrer Online-Pr\u00e4senz.","breadcrumb":{"@id":"https:\/\/www.graaaf.com\/de\/dienstleistungen\/digital-analytics\/#breadcrumb"},"inLanguage":"de-CH","potentialAction":[{"@type":"ReadAction","target":["https:\/\/www.graaaf.com\/de\/dienstleistungen\/digital-analytics\/"]}]},{"@type":"BreadcrumbList","@id":"https:\/\/www.graaaf.com\/de\/dienstleistungen\/digital-analytics\/#breadcrumb","itemListElement":[{"@type":"ListItem","position":1,"name":"Home","item":"https:\/\/www.graaaf.com\/de\/homepage-v4\/"},{"@type":"ListItem","position":2,"name":"Dienstleistungen","item":"https:\/\/www.graaaf.com\/de\/dienstleistungen\/"},{"@type":"ListItem","position":3,"name":"Digital Analytics"}]},{"@type":"WebSite","@id":"https:\/\/www.graaaf.com\/de\/#website","url":"https:\/\/www.graaaf.com\/de\/","name":"GRAAAF","description":"A digital marketing and communication agency","publisher":{"@id":"https:\/\/www.graaaf.com\/de\/#organization"},"potentialAction":[{"@type":"SearchAction","target":{"@type":"EntryPoint","urlTemplate":"https:\/\/www.graaaf.com\/de\/?s={search_term_string}"},"query-input":{"@type":"PropertyValueSpecification","valueRequired":true,"valueName":"search_term_string"}}],"inLanguage":"de-CH"},{"@type":"Organization","@id":"https:\/\/www.graaaf.com\/de\/#organization","name":"GRAAAF","url":"https:\/\/www.graaaf.com\/de\/","logo":{"@type":"ImageObject","inLanguage":"de-CH","@id":"https:\/\/www.graaaf.com\/de\/#\/schema\/logo\/image\/","url":"https:\/\/www.graaaf.com\/wordpress\/wp-content\/uploads\/2018\/05\/logo-website-graaaf-2018-positif.png","contentUrl":"https:\/\/www.graaaf.com\/wordpress\/wp-content\/uploads\/2018\/05\/logo-website-graaaf-2018-positif.png","width":341,"height":66,"caption":"GRAAAF"},"image":{"@id":"https:\/\/www.graaaf.com\/de\/#\/schema\/logo\/image\/"},"sameAs":["https:\/\/www.facebook.com\/graaafcom","https:\/\/www.linkedin.com\/company\/graaaf\/"]}]}},"_links":{"self":[{"href":"https:\/\/www.graaaf.com\/de\/wp-json\/wp\/v2\/pages\/10326","targetHints":{"allow":["GET"]}}],"collection":[{"href":"https:\/\/www.graaaf.com\/de\/wp-json\/wp\/v2\/pages"}],"about":[{"href":"https:\/\/www.graaaf.com\/de\/wp-json\/wp\/v2\/types\/page"}],"author":[{"embeddable":true,"href":"https:\/\/www.graaaf.com\/de\/wp-json\/wp\/v2\/users\/1"}],"replies":[{"embeddable":true,"href":"https:\/\/www.graaaf.com\/de\/wp-json\/wp\/v2\/comments?post=10326"}],"version-history":[{"count":0,"href":"https:\/\/www.graaaf.com\/de\/wp-json\/wp\/v2\/pages\/10326\/revisions"}],"up":[{"embeddable":true,"href":"https:\/\/www.graaaf.com\/de\/wp-json\/wp\/v2\/pages\/10271"}],"wp:attachment":[{"href":"https:\/\/www.graaaf.com\/de\/wp-json\/wp\/v2\/media?parent=10326"}],"curies":[{"name":"wp","href":"https:\/\/api.w.org\/{rel}","templated":true}]}}