{"id":10336,"date":"2024-04-29T16:01:04","date_gmt":"2024-04-29T14:01:04","guid":{"rendered":"https:\/\/www.graaaf.com\/ressourcen\/datenschutzbestimmungen\/"},"modified":"2024-04-29T16:01:06","modified_gmt":"2024-04-29T14:01:06","slug":"datenschutzbestimmungen","status":"publish","type":"page","link":"https:\/\/www.graaaf.com\/de\/ressourcen\/datenschutzbestimmungen\/","title":{"rendered":"Datenschutzbestimmungen"},"content":{"rendered":"<div class=\"wpb-content-wrapper\">[vc_row thb_full_width=&#8221;true&#8221; thb_column_padding=&#8221;true&#8221; css=&#8221;.vc_custom_1539004633242{padding-top: 5vh !important;padding-bottom: 5vh !important;}&#8221; el_class=&#8221;services-heading&#8221;][vc_column][vc_row_inner][vc_column_inner][vc_column_text]\n<h1>Datenschutzbestimmungen<\/h1>\n[\/vc_column_text][\/vc_column_inner][\/vc_row_inner][\/vc_column][\/vc_row][vc_row][vc_column][vc_empty_space][vc_column_text]\n<h2>Wie wir Ihre Informationen verwenden<\/h2>\n<p>Wir nehmen unsere Rolle beim Schutz der pers\u00f6nlichen Daten meiner Kunden ernst. Alle pers\u00f6nlichen Informationen, sensiblen Gesch\u00e4ftsdaten und Bildmaterial, das wir von unseren Kunden erhalten, werden ausschlie\u00dflich im Zusammenhang mit unseren Bed\u00fcrfnissen als Kreative f\u00fcr ein Projekt verwendet. Von Zeit zu Zeit m\u00f6chten wir Sie mit Informationen und Aktualisierungen zu unserer Agentur versorgen. Wir bem\u00fchen uns, nur diejenigen per E-Mail zu kontaktieren, die ihr Interesse am Erhalt solcher Informationen bekundet und dem zugestimmt haben. Sie k\u00f6nnen den Erhalt dieser E-Mails jederzeit abbestellen. Wir werden niemals pers\u00f6nliche Daten zu Marketingzwecken an Dritte weitergeben. Die einzige Ausnahme f\u00fcr die Weitergabe von pers\u00f6nlichen Daten an Dritte, die oben nicht erw\u00e4hnt wurde, w\u00e4re der unwahrscheinliche Fall, dass wir gesetzlich dazu verpflichtet w\u00e4ren.<\/p>\n<h2>Wie wir Ihre Informationen sch\u00fctzen und speichern<\/h2>\n<p>Sofern Sie nicht ausdr\u00fccklich in schriftlicher Form etwas anderes w\u00fcnschen, werden alle Informationen, die Sie uns als Kunde mitteilen, elektronisch aufgezeichnet und lokal und remote auf Servern sowie online mit Google Drive gespeichert. Wir wenden das gleiche Ma\u00df an Datenschutz, Schutz und Sicherheit auf alle Kunden an, unabh\u00e4ngig davon, ob sie in der Schweiz, der EU oder anderswo auf der Welt ans\u00e4ssig sind. Alle Papierakten werden in Aktenschr\u00e4nken aufbewahrt, zu denen nur wir Zugang haben. Unsere Mobiltelefone sind durch einen PIN-Code gesch\u00fctzt, Computer und Server durch Passw\u00f6rter und gegebenenfalls durch eine zweistufige Verifizierung.<\/p>\n<h2>Wie lange wir Ihre Daten speichern<\/h2>\n<p>Nach Schweizer Recht speichern wir gesch\u00e4fts- und finanzbezogene Daten f\u00fcr 10 Jahre. Wenn Sie kein Kunde mehr sind, k\u00f6nnen Sie jederzeit verlangen, dass wir Ihre projektbezogenen\/pers\u00f6nlichen Daten l\u00f6schen. Zu diesem Zeitpunkt werden wir Ihre elektronischen und alle vorhandenen Papierdateien vernichten und alle E-Mails und elektronischen Dokumente von Ihnen l\u00f6schen, die pers\u00f6nliche Informationen enthalten.<\/p>\n<h2>Google Analytics<\/h2>\n<p>Google Analytics liefert uns grundlegende allgemeine anonyme Daten \u00fcber die Besucher unserer Website, einschlie\u00dflich des Standorts des Landes, wie oft jemand meine Website besucht hat, welche Seiten er besucht hat und wie lange. Wir erhalten keine pers\u00f6nlichen Daten von Google Analytics und \u00fcberwachen regelm\u00e4\u00dfig die Google Analytics-Datenschutzeinstellungen f\u00fcr unsere Website, um sicherzustellen, dass sie auf die engsten Einstellungen eingestellt sind.<\/p>\n<h2>Ihre Rechte<\/h2>\n<p>Gem\u00e4\u00df GDPR haben Sie das Recht, Folgendes zu verlangen: &#8211; Zugang zu den personenbezogenen Daten, die wir \u00fcber Sie gespeichert haben, den wir Ihnen innerhalb von 30 Tagen gew\u00e4hren. &#8211; Dass Sie nicht bez\u00fcglich unserer Dienstleistungen oder Produkte kontaktiert werden. &#8211; Ihre pers\u00f6nlichen Daten entweder zu l\u00f6schen, wenn sie elektronisch vorliegen, oder zu vernichten, wenn sie auf Papier vorliegen. Wir w\u00fcrden nur wesentliche Informationen f\u00fcr den Fall eines Rechtsstreits aufbewahren. Es ist unser gutes Recht, alle kreativen Werke als deren Urheber zu behalten. &#8211; Wenn Sie eines dieser Rechte aus\u00fcben m\u00f6chten, senden Sie uns bitte eine E-Mail an <a href=\"mailto:hello@graaaf.com\">hello@graaaf.com.<\/a><\/p>\n<p>Wenn Sie weitere oder spezifische Fragen zu unserer Datenschutzrichtlinie haben, kontaktieren Sie uns bitte unter <a href=\"mailto:hello@graaaf.com\">hello@graaaf.com.<\/a> Ich danke Ihnen.[\/vc_column_text][vc_empty_space][\/vc_column][\/vc_row]\n<\/div>","protected":false},"excerpt":{"rendered":"<p>[vc_row thb_full_width=&#8221;true&#8221; thb_column_padding=&#8221;true&#8221; css=&#8221;.vc_custom_1539004633242{padding-top: 5vh !important;padding-bottom: 5vh !important;}&#8221; el_class=&#8221;services-heading&#8221;][vc_column][vc_row_inner][vc_column_inner][vc_column_text] Datenschutzbestimmungen [\/vc_column_text][\/vc_column_inner][\/vc_row_inner][\/vc_column][\/vc_row][vc_row][vc_column][vc_empty_space][vc_column_text] Wie wir Ihre Informationen verwenden Wir nehmen unsere Rolle beim Schutz der pers\u00f6nlichen Daten meiner Kunden ernst. Alle pers\u00f6nlichen Informationen, sensiblen Gesch\u00e4ftsdaten und Bildmaterial, das wir von unseren Kunden erhalten, werden ausschlie\u00dflich im Zusammenhang mit unseren Bed\u00fcrfnissen als Kreative f\u00fcr ein Projekt verwendet. Von&hellip;<\/p>\n","protected":false},"author":1,"featured_media":0,"parent":10332,"menu_order":99,"comment_status":"closed","ping_status":"closed","template":"","meta":{"_acf_changed":false,"footnotes":""},"class_list":["post-10336","page","type-page","status-publish","hentry"],"acf":[],"yoast_head":"<!-- This site is optimized with the Yoast SEO plugin v27.5 - https:\/\/yoast.com\/product\/yoast-seo-wordpress\/ -->\n<title>Datenschutzbestimmungen - Wir sch\u00fctzen Ihre - Graaaf<\/title>\n<meta name=\"description\" content=\"Wir nehmen unsere Rolle beim Schutz der pers\u00f6nlichen Daten meiner Kunden ernst. Alle pers\u00f6nlichen Informationen und sensiblen Gesch\u00e4ftsdaten werden mit Sorgfalt behandelt.\" \/>\n<meta name=\"robots\" content=\"index, follow, max-snippet:-1, max-image-preview:large, max-video-preview:-1\" \/>\n<link rel=\"canonical\" href=\"https:\/\/www.graaaf.com\/de\/ressourcen\/datenschutzbestimmungen\/\" \/>\n<meta property=\"og:locale\" content=\"de_DE\" \/>\n<meta property=\"og:type\" content=\"article\" \/>\n<meta property=\"og:title\" content=\"Datenschutzbestimmungen - Wir sch\u00fctzen Ihre - Graaaf\" \/>\n<meta property=\"og:description\" content=\"Wir nehmen unsere Rolle beim Schutz der pers\u00f6nlichen Daten meiner Kunden ernst. Alle pers\u00f6nlichen Informationen und sensiblen Gesch\u00e4ftsdaten werden mit Sorgfalt behandelt.\" \/>\n<meta property=\"og:url\" content=\"https:\/\/www.graaaf.com\/de\/ressourcen\/datenschutzbestimmungen\/\" \/>\n<meta property=\"og:site_name\" content=\"Graaaf\" \/>\n<meta property=\"article:publisher\" content=\"https:\/\/www.facebook.com\/graaafcom\" \/>\n<meta property=\"article:modified_time\" content=\"2024-04-29T14:01:06+00:00\" \/>\n<meta property=\"og:image\" content=\"https:\/\/www.graaaf.com\/wordpress\/wp-content\/uploads\/2024\/03\/header-google-ads-2x-1-scaled.jpg\" \/>\n\t<meta property=\"og:image:width\" content=\"2560\" \/>\n\t<meta property=\"og:image:height\" content=\"1431\" \/>\n\t<meta property=\"og:image:type\" content=\"image\/jpeg\" \/>\n<meta name=\"twitter:card\" content=\"summary_large_image\" \/>\n<script type=\"application\/ld+json\" class=\"yoast-schema-graph\">{\"@context\":\"https:\\\/\\\/schema.org\",\"@graph\":[{\"@type\":\"WebPage\",\"@id\":\"https:\\\/\\\/www.graaaf.com\\\/de\\\/ressourcen\\\/datenschutzbestimmungen\\\/\",\"url\":\"https:\\\/\\\/www.graaaf.com\\\/de\\\/ressourcen\\\/datenschutzbestimmungen\\\/\",\"name\":\"Datenschutzbestimmungen - Wir sch\u00fctzen Ihre - Graaaf\",\"isPartOf\":{\"@id\":\"https:\\\/\\\/www.graaaf.com\\\/de\\\/#website\"},\"datePublished\":\"2024-04-29T14:01:04+00:00\",\"dateModified\":\"2024-04-29T14:01:06+00:00\",\"description\":\"Wir nehmen unsere Rolle beim Schutz der pers\u00f6nlichen Daten meiner Kunden ernst. Alle pers\u00f6nlichen Informationen und sensiblen Gesch\u00e4ftsdaten werden mit Sorgfalt behandelt.\",\"breadcrumb\":{\"@id\":\"https:\\\/\\\/www.graaaf.com\\\/de\\\/ressourcen\\\/datenschutzbestimmungen\\\/#breadcrumb\"},\"inLanguage\":\"de-CH\",\"potentialAction\":[{\"@type\":\"ReadAction\",\"target\":[\"https:\\\/\\\/www.graaaf.com\\\/de\\\/ressourcen\\\/datenschutzbestimmungen\\\/\"]}]},{\"@type\":\"BreadcrumbList\",\"@id\":\"https:\\\/\\\/www.graaaf.com\\\/de\\\/ressourcen\\\/datenschutzbestimmungen\\\/#breadcrumb\",\"itemListElement\":[{\"@type\":\"ListItem\",\"position\":1,\"name\":\"Home\",\"item\":\"https:\\\/\\\/www.graaaf.com\\\/de\\\/homepage-v4\\\/\"},{\"@type\":\"ListItem\",\"position\":2,\"name\":\"Ressourcen\",\"item\":\"https:\\\/\\\/www.graaaf.com\\\/de\\\/ressourcen\\\/\"},{\"@type\":\"ListItem\",\"position\":3,\"name\":\"Datenschutzbestimmungen\"}]},{\"@type\":\"WebSite\",\"@id\":\"https:\\\/\\\/www.graaaf.com\\\/de\\\/#website\",\"url\":\"https:\\\/\\\/www.graaaf.com\\\/de\\\/\",\"name\":\"GRAAAF\",\"description\":\"A digital marketing and communication agency\",\"publisher\":{\"@id\":\"https:\\\/\\\/www.graaaf.com\\\/de\\\/#organization\"},\"potentialAction\":[{\"@type\":\"SearchAction\",\"target\":{\"@type\":\"EntryPoint\",\"urlTemplate\":\"https:\\\/\\\/www.graaaf.com\\\/de\\\/?s={search_term_string}\"},\"query-input\":{\"@type\":\"PropertyValueSpecification\",\"valueRequired\":true,\"valueName\":\"search_term_string\"}}],\"inLanguage\":\"de-CH\"},{\"@type\":\"Organization\",\"@id\":\"https:\\\/\\\/www.graaaf.com\\\/de\\\/#organization\",\"name\":\"GRAAAF\",\"url\":\"https:\\\/\\\/www.graaaf.com\\\/de\\\/\",\"logo\":{\"@type\":\"ImageObject\",\"inLanguage\":\"de-CH\",\"@id\":\"https:\\\/\\\/www.graaaf.com\\\/de\\\/#\\\/schema\\\/logo\\\/image\\\/\",\"url\":\"https:\\\/\\\/www.graaaf.com\\\/wordpress\\\/wp-content\\\/uploads\\\/2018\\\/05\\\/logo-website-graaaf-2018-positif.png\",\"contentUrl\":\"https:\\\/\\\/www.graaaf.com\\\/wordpress\\\/wp-content\\\/uploads\\\/2018\\\/05\\\/logo-website-graaaf-2018-positif.png\",\"width\":341,\"height\":66,\"caption\":\"GRAAAF\"},\"image\":{\"@id\":\"https:\\\/\\\/www.graaaf.com\\\/de\\\/#\\\/schema\\\/logo\\\/image\\\/\"},\"sameAs\":[\"https:\\\/\\\/www.facebook.com\\\/graaafcom\",\"https:\\\/\\\/www.linkedin.com\\\/company\\\/graaaf\\\/\"]}]}<\/script>\n<!-- \/ Yoast SEO plugin. -->","yoast_head_json":{"title":"Datenschutzbestimmungen - Wir sch\u00fctzen Ihre - Graaaf","description":"Wir nehmen unsere Rolle beim Schutz der pers\u00f6nlichen Daten meiner Kunden ernst. Alle pers\u00f6nlichen Informationen und sensiblen Gesch\u00e4ftsdaten werden mit Sorgfalt behandelt.","robots":{"index":"index","follow":"follow","max-snippet":"max-snippet:-1","max-image-preview":"max-image-preview:large","max-video-preview":"max-video-preview:-1"},"canonical":"https:\/\/www.graaaf.com\/de\/ressourcen\/datenschutzbestimmungen\/","og_locale":"de_DE","og_type":"article","og_title":"Datenschutzbestimmungen - Wir sch\u00fctzen Ihre - Graaaf","og_description":"Wir nehmen unsere Rolle beim Schutz der pers\u00f6nlichen Daten meiner Kunden ernst. Alle pers\u00f6nlichen Informationen und sensiblen Gesch\u00e4ftsdaten werden mit Sorgfalt behandelt.","og_url":"https:\/\/www.graaaf.com\/de\/ressourcen\/datenschutzbestimmungen\/","og_site_name":"Graaaf","article_publisher":"https:\/\/www.facebook.com\/graaafcom","article_modified_time":"2024-04-29T14:01:06+00:00","og_image":[{"width":2560,"height":1431,"url":"https:\/\/www.graaaf.com\/wordpress\/wp-content\/uploads\/2024\/03\/header-google-ads-2x-1-scaled.jpg","type":"image\/jpeg"}],"twitter_card":"summary_large_image","schema":{"@context":"https:\/\/schema.org","@graph":[{"@type":"WebPage","@id":"https:\/\/www.graaaf.com\/de\/ressourcen\/datenschutzbestimmungen\/","url":"https:\/\/www.graaaf.com\/de\/ressourcen\/datenschutzbestimmungen\/","name":"Datenschutzbestimmungen - Wir sch\u00fctzen Ihre - Graaaf","isPartOf":{"@id":"https:\/\/www.graaaf.com\/de\/#website"},"datePublished":"2024-04-29T14:01:04+00:00","dateModified":"2024-04-29T14:01:06+00:00","description":"Wir nehmen unsere Rolle beim Schutz der pers\u00f6nlichen Daten meiner Kunden ernst. Alle pers\u00f6nlichen Informationen und sensiblen Gesch\u00e4ftsdaten werden mit Sorgfalt behandelt.","breadcrumb":{"@id":"https:\/\/www.graaaf.com\/de\/ressourcen\/datenschutzbestimmungen\/#breadcrumb"},"inLanguage":"de-CH","potentialAction":[{"@type":"ReadAction","target":["https:\/\/www.graaaf.com\/de\/ressourcen\/datenschutzbestimmungen\/"]}]},{"@type":"BreadcrumbList","@id":"https:\/\/www.graaaf.com\/de\/ressourcen\/datenschutzbestimmungen\/#breadcrumb","itemListElement":[{"@type":"ListItem","position":1,"name":"Home","item":"https:\/\/www.graaaf.com\/de\/homepage-v4\/"},{"@type":"ListItem","position":2,"name":"Ressourcen","item":"https:\/\/www.graaaf.com\/de\/ressourcen\/"},{"@type":"ListItem","position":3,"name":"Datenschutzbestimmungen"}]},{"@type":"WebSite","@id":"https:\/\/www.graaaf.com\/de\/#website","url":"https:\/\/www.graaaf.com\/de\/","name":"GRAAAF","description":"A digital marketing and communication agency","publisher":{"@id":"https:\/\/www.graaaf.com\/de\/#organization"},"potentialAction":[{"@type":"SearchAction","target":{"@type":"EntryPoint","urlTemplate":"https:\/\/www.graaaf.com\/de\/?s={search_term_string}"},"query-input":{"@type":"PropertyValueSpecification","valueRequired":true,"valueName":"search_term_string"}}],"inLanguage":"de-CH"},{"@type":"Organization","@id":"https:\/\/www.graaaf.com\/de\/#organization","name":"GRAAAF","url":"https:\/\/www.graaaf.com\/de\/","logo":{"@type":"ImageObject","inLanguage":"de-CH","@id":"https:\/\/www.graaaf.com\/de\/#\/schema\/logo\/image\/","url":"https:\/\/www.graaaf.com\/wordpress\/wp-content\/uploads\/2018\/05\/logo-website-graaaf-2018-positif.png","contentUrl":"https:\/\/www.graaaf.com\/wordpress\/wp-content\/uploads\/2018\/05\/logo-website-graaaf-2018-positif.png","width":341,"height":66,"caption":"GRAAAF"},"image":{"@id":"https:\/\/www.graaaf.com\/de\/#\/schema\/logo\/image\/"},"sameAs":["https:\/\/www.facebook.com\/graaafcom","https:\/\/www.linkedin.com\/company\/graaaf\/"]}]}},"_links":{"self":[{"href":"https:\/\/www.graaaf.com\/de\/wp-json\/wp\/v2\/pages\/10336","targetHints":{"allow":["GET"]}}],"collection":[{"href":"https:\/\/www.graaaf.com\/de\/wp-json\/wp\/v2\/pages"}],"about":[{"href":"https:\/\/www.graaaf.com\/de\/wp-json\/wp\/v2\/types\/page"}],"author":[{"embeddable":true,"href":"https:\/\/www.graaaf.com\/de\/wp-json\/wp\/v2\/users\/1"}],"replies":[{"embeddable":true,"href":"https:\/\/www.graaaf.com\/de\/wp-json\/wp\/v2\/comments?post=10336"}],"version-history":[{"count":0,"href":"https:\/\/www.graaaf.com\/de\/wp-json\/wp\/v2\/pages\/10336\/revisions"}],"up":[{"embeddable":true,"href":"https:\/\/www.graaaf.com\/de\/wp-json\/wp\/v2\/pages\/10332"}],"wp:attachment":[{"href":"https:\/\/www.graaaf.com\/de\/wp-json\/wp\/v2\/media?parent=10336"}],"curies":[{"name":"wp","href":"https:\/\/api.w.org\/{rel}","templated":true}]}}