{"id":10985,"date":"2024-08-06T18:19:05","date_gmt":"2024-08-06T16:19:05","guid":{"rendered":"https:\/\/www.graaaf.com\/page-daccueil-v4\/"},"modified":"2026-01-22T13:00:42","modified_gmt":"2026-01-22T12:00:42","slug":"homepage-v4","status":"publish","type":"page","link":"https:\/\/www.graaaf.com\/fr\/","title":{"rendered":"Page d&#8217;accueil"},"content":{"rendered":"<div class=\"wpb-content-wrapper\">[vc_row thb_full_width=&#8221;true&#8221; thb_row_padding=&#8221;true&#8221; thb_column_padding=&#8221;true&#8221; full_height=&#8221;yes&#8221; el_class=&#8221;home-starfield&#8221;][vc_column css=&#8221;.vc_custom_1543413602279{margin-bottom: 0px !important;padding-bottom: 0px !important;}&#8221;][vc_raw_html]PGxpbmsgcmVsPSJzdHlsZXNoZWV0IiBtZWRpYT0ic2NyZWVuIiBocmVmPSJodHRwczovL3d3dy5ncmFhYWYuY29tL3Rlc3RzL3BhcnRpY2xlc18xX3NlbGYtY29udGFpbmVkL2Nzcy9zdHlsZS5jc3MiPgoKPCEtLSBzY3JpcHRzIC0tPgo8c2NyaXB0IHNyYz0iaHR0cHM6Ly93d3cuZ3JhYWFmLmNvbS90ZXN0cy9wYXJ0aWNsZXNfMV9zZWxmLWNvbnRhaW5lZC9wYXJ0aWNsZXMuanMiPjwvc2NyaXB0Pgo8c2NyaXB0IHNyYz0iaHR0cHM6Ly93d3cuZ3JhYWFmLmNvbS90ZXN0cy9wYXJ0aWNsZXNfMV9zZWxmLWNvbnRhaW5lZC9qcy9hcHAuanMiPjwvc2NyaXB0PgoKCgo8IS0tIHBhcnRpY2xlcy5qcyBjb250YWluZXIgLS0+CjxkaXYgY2xhc3M9ImFhX3NlYyI+Cgk8ZGl2IGNsYXNzPSJhYV90ZXh0Ij4KPGltZyBzcmM9Imh0dHBzOi8vd3d3LmdyYWFhZi5jb20vdGVzdHMvcGFydGljbGVzXzFfc2VsZi1jb250YWluZWQvaW1hZ2VzL2JlY29tZS12aXNpYmxlLW9ubGluZS1tb2JpbGUucG5nIiBjbGFzcz0idmlzaWJsZS1tb2JpbGUiPgogICAgPGltZyBzcmM9Imh0dHBzOi8vd3d3LmdyYWFhZi5jb20vdGVzdHMvcGFydGljbGVzXzFfc2VsZi1jb250YWluZWQvaW1hZ2VzL2JlY29tZS12aXNpYmxlLW9ubGluZS5wbmciIGNsYXNzPSJoaWRkZW4tbW9iaWxlIj4KCTwvZGl2Pgo8L2Rpdj4KCjxkaXYgaWQ9InBhcnRpY2xlcy1qcyI+PC9kaXY+Cg==[\/vc_raw_html][\/vc_column][\/vc_row][vc_row thb_full_width=&#8221;true&#8221; css=&#8221;.vc_custom_1557388772963{margin-top: -4em !important;padding-top: 10vh !important;padding-bottom: 10vh !important;}&#8221;][vc_column width=&#8221;1\/4&#8243;][\/vc_column][vc_column width=&#8221;1\/2&#8243; css=&#8221;.vc_custom_1557388549430{padding-top: 8vh !important;padding-right: 8vh !important;padding-bottom: 8vh !important;padding-left: 8vh !important;background-color: #00fbce !important;}&#8221; el_class=&#8221;home-intro-box&#8221;][vc_column_text]\n<h2 style=\"text-align: left;\"><span style=\"color: #ffffff;\">Salut !<\/span><br \/>\n<span style=\"color: #271184;\">Nous sommes une agence de marketing digital bas\u00e9e \u00e0 B\u00e2le, en Suisse.<\/span><\/h2>\n<p>Nous sommes petits et agiles. Mais nous pouvons faire face \u00e0 des projets plus importants si n\u00e9cessaire, en faisant appel \u00e0 notre r\u00e9seau d&#8217;experts.<\/p>\n<p><span class=\"arrow-blue\" style=\"color: #ffffff;\"><a href=\"https:\/\/www.graaaf.com\/fr\/agence\/\">En savoir plus<\/a><\/span>[\/vc_column_text][\/vc_column][vc_column width=&#8221;1\/4&#8243;][\/vc_column][\/vc_row][vc_row thb_full_width=&#8221;true&#8221; thb_column_padding=&#8221;true&#8221; css=&#8221;.vc_custom_1543417131603{padding-top: 10em !important;padding-bottom: 10em !important;}&#8221; el_class=&#8221;box-services&#8221;][vc_column][vc_column_text]\n<h2 style=\"text-align: center;\">Les services que nous proposons<\/h2>\n[\/vc_column_text][vc_row_inner][vc_column_inner width=&#8221;1\/3&#8243;]\t<div id=\"thb-fancy-box-69d8851cdfc4c\" class=\"thb-fancy-box  fancy-dark fancy-style1  thb-top-left    has-link\">\n\t\t\t\t<a href=\"https:\/\/www.graaaf.com\/services\/google-ads\/\" class=\"thb-fancy-link\n\t\t\t\t\t\t\t\" target=\"_self\">\n\t\t\t\t\t\t\t<div class=\"thb-animated-arrow circular arrow-right\"><svg xmlns=\"http:\/\/www.w3.org\/2000\/svg\" xmlns:xlink=\"http:\/\/www.w3.org\/1999\/xlink\" x=\"0px\" y=\"0px\"\n\t width=\"30px\" height=\"18px\" viewBox=\"0 0 30 18\" enable-background=\"new 0 0 30 18\" xml:space=\"preserve\">\n<path class=\"handle\" d=\"M2.511,9.007l7.185-7.221c0.407-0.409,0.407-1.071,0-1.48s-1.068-0.409-1.476,0L0.306,8.259\n\tc-0.408,0.41-0.408,1.072,0,1.481l7.914,7.952c0.407,0.408,1.068,0.408,1.476,0s0.407-1.07,0-1.479L2.511,9.007z\"\/>\n<path class=\"bar\" fill-rule=\"evenodd\" clip-rule=\"evenodd\" d=\"M30,9c0,0.553-0.447,1-1,1H1c-0.551,0-1-0.447-1-1c0-0.552,0.449-1,1-1h28.002\n\tC29.554,8,30,8.448,30,9z\"\/>\n<\/svg>\n<\/div>\n\t\t\t\t\t<\/a>\n\t\t\t\t<div class=\"thb-fancy-image-container\n\t\t\">\n\t\t\t<div class=\"thb-fancy-image\">\n\t\t\t\t\t\t\t<\/div>\n\t\t<\/div>\n\t\t\t\t<div class=\"thb-fancy-hover\"><\/div>\n\t\t\t\t<div class=\"thb-fancy-content\n\t\t\">\n\t\t\t\t\t\t<div class=\"thb-fancy-text-content\">\n\t\t\t\t\n<h3>Annonces Google<\/h3>\n<p>Vous avez besoin de devenir rapidement visible en ligne ? Les campagnes Google Adwords sont un outil puissant pour faire conna\u00eetre votre site web \u00e0 votre public.<\/p>\t\t\t<\/div>\n\t\t<\/div>\n\t\t<style>\n\t\t\t#thb-fancy-box-69d8851cdfc4c,\n\t\t\t#thb-fancy-box-69d8851cdfc4c.fancy-style5 .thb-fancy-image-container,\n\t\t\t#thb-fancy-box-69d8851cdfc4c .atvImg-container,\n\t\t\t#thb-fancy-box-69d8851cdfc4c .atvImg-layers {\n\t\t\t\tmin-height: 350px;\n\t\t\t}\n\t\t\t\t\t\t\t\t\t\t\t\t\t\t\t#thb-fancy-box-69d8851cdfc4c .thb-fancy-hover {\n\t\t\t\t\t\tbackground:rgba(0,253,233,0.08);background:linear-gradient( -135deg,rgba(0,242,251,0.16),rgba(0,253,233,0.08) );\t\t\t\t\t}\n\t\t\t\t\t\t\t\t\t\t\t\t\t\t\t<\/style>\n\t<\/div>\n\n\t[\/vc_column_inner][vc_column_inner width=&#8221;1\/3&#8243;]\t<div id=\"thb-fancy-box-69d8851cdfe9e\" class=\"thb-fancy-box  fancy-dark fancy-style1  thb-top-left    has-link\">\n\t\t\t\t<a href=\"https:\/\/www.graaaf.com\/services\/facebook-advertising\/\" class=\"thb-fancy-link\n\t\t\t\t\t\t\t\" target=\"_self\">\n\t\t\t\t\t\t\t<div class=\"thb-animated-arrow circular arrow-right\"><svg xmlns=\"http:\/\/www.w3.org\/2000\/svg\" xmlns:xlink=\"http:\/\/www.w3.org\/1999\/xlink\" x=\"0px\" y=\"0px\"\n\t width=\"30px\" height=\"18px\" viewBox=\"0 0 30 18\" enable-background=\"new 0 0 30 18\" xml:space=\"preserve\">\n<path class=\"handle\" d=\"M2.511,9.007l7.185-7.221c0.407-0.409,0.407-1.071,0-1.48s-1.068-0.409-1.476,0L0.306,8.259\n\tc-0.408,0.41-0.408,1.072,0,1.481l7.914,7.952c0.407,0.408,1.068,0.408,1.476,0s0.407-1.07,0-1.479L2.511,9.007z\"\/>\n<path class=\"bar\" fill-rule=\"evenodd\" clip-rule=\"evenodd\" d=\"M30,9c0,0.553-0.447,1-1,1H1c-0.551,0-1-0.447-1-1c0-0.552,0.449-1,1-1h28.002\n\tC29.554,8,30,8.448,30,9z\"\/>\n<\/svg>\n<\/div>\n\t\t\t\t\t<\/a>\n\t\t\t\t<div class=\"thb-fancy-image-container\n\t\t\">\n\t\t\t<div class=\"thb-fancy-image\">\n\t\t\t\t\t\t\t<\/div>\n\t\t<\/div>\n\t\t\t\t<div class=\"thb-fancy-hover\"><\/div>\n\t\t\t\t<div class=\"thb-fancy-content\n\t\t\">\n\t\t\t\t\t\t<div class=\"thb-fancy-text-content\">\n\t\t\t\t\n<h3>Publicit\u00e9 sur Facebook<\/h3>\n<p>Avez-vous des difficult\u00e9s \u00e0 \u00eatre visible sur les r\u00e9seaux sociaux ? La publicit\u00e9 sur Facebook peut \u00eatre une bonne solution pour atteindre un public cibl\u00e9.<\/p>\t\t\t<\/div>\n\t\t<\/div>\n\t\t<style>\n\t\t\t#thb-fancy-box-69d8851cdfe9e,\n\t\t\t#thb-fancy-box-69d8851cdfe9e.fancy-style5 .thb-fancy-image-container,\n\t\t\t#thb-fancy-box-69d8851cdfe9e .atvImg-container,\n\t\t\t#thb-fancy-box-69d8851cdfe9e .atvImg-layers {\n\t\t\t\tmin-height: 350px;\n\t\t\t}\n\t\t\t\t\t\t\t\t\t\t\t\t\t\t\t#thb-fancy-box-69d8851cdfe9e .thb-fancy-hover {\n\t\t\t\t\t\tbackground:rgba(0,253,233,0.08);background:linear-gradient( -135deg,rgba(0,242,251,0.16),rgba(0,253,233,0.08) );\t\t\t\t\t}\n\t\t\t\t\t\t\t\t\t\t\t\t\t\t\t<\/style>\n\t<\/div>\n\n\t[\/vc_column_inner][vc_column_inner width=&#8221;1\/3&#8243;]\t<div id=\"thb-fancy-box-69d8851cdffe1\" class=\"thb-fancy-box  fancy-dark fancy-style1  thb-top-left    has-link\">\n\t\t\t\t<a href=\"https:\/\/www.graaaf.com\/services\/search-engine-optimization-seo\/\" class=\"thb-fancy-link\n\t\t\t\t\t\t\t\" target=\"_self\">\n\t\t\t\t\t\t\t<div class=\"thb-animated-arrow circular arrow-right\"><svg xmlns=\"http:\/\/www.w3.org\/2000\/svg\" xmlns:xlink=\"http:\/\/www.w3.org\/1999\/xlink\" x=\"0px\" y=\"0px\"\n\t width=\"30px\" height=\"18px\" viewBox=\"0 0 30 18\" enable-background=\"new 0 0 30 18\" xml:space=\"preserve\">\n<path class=\"handle\" d=\"M2.511,9.007l7.185-7.221c0.407-0.409,0.407-1.071,0-1.48s-1.068-0.409-1.476,0L0.306,8.259\n\tc-0.408,0.41-0.408,1.072,0,1.481l7.914,7.952c0.407,0.408,1.068,0.408,1.476,0s0.407-1.07,0-1.479L2.511,9.007z\"\/>\n<path class=\"bar\" fill-rule=\"evenodd\" clip-rule=\"evenodd\" d=\"M30,9c0,0.553-0.447,1-1,1H1c-0.551,0-1-0.447-1-1c0-0.552,0.449-1,1-1h28.002\n\tC29.554,8,30,8.448,30,9z\"\/>\n<\/svg>\n<\/div>\n\t\t\t\t\t<\/a>\n\t\t\t\t<div class=\"thb-fancy-image-container\n\t\t\">\n\t\t\t<div class=\"thb-fancy-image\">\n\t\t\t\t\t\t\t<\/div>\n\t\t<\/div>\n\t\t\t\t<div class=\"thb-fancy-hover\"><\/div>\n\t\t\t\t<div class=\"thb-fancy-content\n\t\t\">\n\t\t\t\t\t\t<div class=\"thb-fancy-text-content\">\n\t\t\t\t\n<h3>Optimisation des moteurs de recherche<\/h3>\n<p>Voulez-vous atteindre la premi\u00e8re place dans les r\u00e9sultats de recherche organique de Google ?<\/p>\t\t\t<\/div>\n\t\t<\/div>\n\t\t<style>\n\t\t\t#thb-fancy-box-69d8851cdffe1,\n\t\t\t#thb-fancy-box-69d8851cdffe1.fancy-style5 .thb-fancy-image-container,\n\t\t\t#thb-fancy-box-69d8851cdffe1 .atvImg-container,\n\t\t\t#thb-fancy-box-69d8851cdffe1 .atvImg-layers {\n\t\t\t\tmin-height: 350px;\n\t\t\t}\n\t\t\t\t\t\t\t\t\t\t\t\t\t\t\t#thb-fancy-box-69d8851cdffe1 .thb-fancy-hover {\n\t\t\t\t\t\tbackground:rgba(0,253,233,0.08);background:linear-gradient( -135deg,rgba(0,242,251,0.16),rgba(0,253,233,0.08) );\t\t\t\t\t}\n\t\t\t\t\t\t\t\t\t\t\t\t\t\t\t<\/style>\n\t<\/div>\n\n\t[\/vc_column_inner][\/vc_row_inner][\/vc_column][\/vc_row][vc_row thb_full_width=&#8221;true&#8221; thb_row_padding=&#8221;true&#8221; thb_column_padding=&#8221;true&#8221; parallax=&#8221;content-moving-fade&#8221; css=&#8221;.vc_custom_1535038962939{padding-top: 200px !important;padding-bottom: 200px !important;background-color: rgba(0,251,206,0.1) !important;*background-color: rgb(0,251,206) !important;}&#8221; el_class=&#8221;box-clients&#8221;][vc_column][vc_row_inner][vc_column_inner][vc_column_text animation=&#8221;animation fade-in&#8221;]\n<h3>Nos clients<\/h3>\n[\/vc_column_text][\/vc_column_inner][\/vc_row_inner][vc_row_inner][vc_column_inner el_class=&#8221;box-clients-list&#8221; width=&#8221;1\/3&#8243;][vc_column_text]G-Star[\/vc_column_text][vc_column_text]EuroAirport[\/vc_column_text][vc_column_text]Universit\u00e9 de Gen\u00e8ve[\/vc_column_text][vc_column_text]Verkehrsbetriebe Luzern[\/vc_column_text][vc_column_text]<a href=\"https:\/\/www.graaaf.com\/fr\/projects\/communication-numerique-et-renforcement-de-la-communaute\/\">Museomix <\/a><a href=\"https:\/\/www.graaaf.com\/fr\/projects\/communication-numerique-et-renforcement-de-la-communaute\/\"><img loading=\"lazy\" decoding=\"async\" class=\"alignnone wp-image-8155\" src=\"https:\/\/www.graaaf.com\/wordpress\/wp-content\/uploads\/2018\/08\/invader-arrow-light.png\" alt=\"Fl\u00e8che vers la droite\" width=\"16\" height=\"11\"><\/a>[\/vc_column_text][vc_column_text]<a href=\"https:\/\/www.graaaf.com\/fr\/projects\/une-plateforme-de-collecte-de-fonds-pour-une-ong-suisse\/\">Terre des hommes <\/a><a href=\"https:\/\/www.graaaf.com\/fr\/projects\/une-plateforme-de-collecte-de-fonds-pour-une-ong-suisse\/\"><img loading=\"lazy\" decoding=\"async\" class=\"alignnone wp-image-8155\" src=\"https:\/\/www.graaaf.com\/wordpress\/wp-content\/uploads\/2018\/08\/invader-arrow-light.png\" alt=\"Fl\u00e8che vers la droite\" width=\"16\" height=\"11\"><\/a>[\/vc_column_text][vc_column_text]Kookut[\/vc_column_text][\/vc_column_inner][vc_column_inner el_class=&#8221;box-clients-list&#8221; width=&#8221;1\/3&#8243; offset=&#8221;vc_hidden-xs&#8221;][vc_column_text]Roxy Theater[\/vc_column_text][vc_column_text]Fluxdock[\/vc_column_text][vc_column_text]Indiz[\/vc_column_text][vc_column_text css=&#8221;&#8221;]<a href=\"https:\/\/www.graaaf.com\/fr\/projects\/fusionner-une-boutique-woocommerce-et-une-boutique-shopify\/\">Kyburz Made <\/a> <a href=\"https:\/\/www.graaaf.com\/fr\/projects\/fusionner-une-boutique-woocommerce-et-une-boutique-shopify\/\"><img loading=\"lazy\" decoding=\"async\" class=\"alignnone wp-image-8155\" src=\"https:\/\/www.graaaf.com\/wordpress\/wp-content\/uploads\/2018\/08\/invader-arrow-light.png\" alt=\"Fl\u00e8che vers la droite\" width=\"16\" height=\"11\"><\/a>[\/vc_column_text][vc_column_text]Equilibre Nuithonie[\/vc_column_text][vc_column_text]Mietsh\u00e4user Syndikat[\/vc_column_text][vc_column_text]Reactis[\/vc_column_text][\/vc_column_inner][vc_column_inner el_class=&#8221;box-clients-list&#8221; width=&#8221;1\/3&#8243;][vc_column_text]<a href=\"https:\/\/www.graaaf.com\/fr\/projects\/un-configurateur-de-montre-3d-personnalise\/\">Initium <\/a><a href=\"https:\/\/www.graaaf.com\/fr\/projects\/marketing-en-ligne-pour-les-cours-dhorlogerie\/\"><img loading=\"lazy\" decoding=\"async\" class=\"alignnone wp-image-8155\" src=\"https:\/\/www.graaaf.com\/wordpress\/wp-content\/uploads\/2018\/08\/invader-arrow-light.png\" alt=\"Fl\u00e8che vers la droite\" width=\"16\" height=\"11\"><\/a>[\/vc_column_text][vc_column_text css=&#8221;&#8221;]<a href=\"https:\/\/www.graaaf.com\/fr\/projects\/medtech-pharma-website-design-basel\/\">EqVita AG<\/a> <a href=\"https:\/\/www.graaaf.com\/fr\/projects\/medtech-pharma-website-design-basel\/\"><img loading=\"lazy\" decoding=\"async\" class=\"alignnone wp-image-8155\" src=\"https:\/\/www.graaaf.com\/wordpress\/wp-content\/uploads\/2018\/08\/invader-arrow-light.png\" alt=\"Fl\u00e8che vers la droite\" width=\"16\" height=\"11\"><\/a>[\/vc_column_text][vc_column_text]Teeshirt Lowrider[\/vc_column_text][vc_column_text]<a href=\"https:\/\/www.graaaf.com\/fr\/projects\/video-promotionnelle-dentreprise\/\">Center for Human Drug Research <\/a><a href=\"https:\/\/www.graaaf.com\/fr\/projects\/video-promotionnelle-dentreprise\/\"><img loading=\"lazy\" decoding=\"async\" class=\"alignnone wp-image-8155\" src=\"https:\/\/www.graaaf.com\/wordpress\/wp-content\/uploads\/2018\/08\/invader-arrow-light.png\" alt=\"Fl\u00e8che vers la droite\" width=\"16\" height=\"11\"><\/a>[\/vc_column_text][vc_column_text]Tetra Pack[\/vc_column_text][vc_column_text]REI Solar Investments[\/vc_column_text][vc_column_text]United Security Providers[\/vc_column_text][\/vc_column_inner][\/vc_row_inner][\/vc_column][\/vc_row]\n<\/div>","protected":false},"excerpt":{"rendered":"<p>[vc_row thb_full_width=&#8221;true&#8221; thb_row_padding=&#8221;true&#8221; thb_column_padding=&#8221;true&#8221; full_height=&#8221;yes&#8221; el_class=&#8221;home-starfield&#8221;][vc_column css=&#8221;.vc_custom_1543413602279{margin-bottom: 0px !important;padding-bottom: 0px !important;}&#8221;][vc_raw_html]PGxpbmsgcmVsPSJzdHlsZXNoZWV0IiBtZWRpYT0ic2NyZWVuIiBocmVmPSJodHRwczovL3d3dy5ncmFhYWYuY29tL3Rlc3RzL3BhcnRpY2xlc18xX3NlbGYtY29udGFpbmVkL2Nzcy9zdHlsZS5jc3MiPgoKPCEtLSBzY3JpcHRzIC0tPgo8c2NyaXB0IHNyYz0iaHR0cHM6Ly93d3cuZ3JhYWFmLmNvbS90ZXN0cy9wYXJ0aWNsZXNfMV9zZWxmLWNvbnRhaW5lZC9wYXJ0aWNsZXMuanMiPjwvc2NyaXB0Pgo8c2NyaXB0IHNyYz0iaHR0cHM6Ly93d3cuZ3JhYWFmLmNvbS90ZXN0cy9wYXJ0aWNsZXNfMV9zZWxmLWNvbnRhaW5lZC9qcy9hcHAuanMiPjwvc2NyaXB0PgoKCgo8IS0tIHBhcnRpY2xlcy5qcyBjb250YWluZXIgLS0+CjxkaXYgY2xhc3M9ImFhX3NlYyI+Cgk8ZGl2IGNsYXNzPSJhYV90ZXh0Ij4KPGltZyBzcmM9Imh0dHBzOi8vd3d3LmdyYWFhZi5jb20vdGVzdHMvcGFydGljbGVzXzFfc2VsZi1jb250YWluZWQvaW1hZ2VzL2JlY29tZS12aXNpYmxlLW9ubGluZS1tb2JpbGUucG5nIiBjbGFzcz0idmlzaWJsZS1tb2JpbGUiPgogICAgPGltZyBzcmM9Imh0dHBzOi8vd3d3LmdyYWFhZi5jb20vdGVzdHMvcGFydGljbGVzXzFfc2VsZi1jb250YWluZWQvaW1hZ2VzL2JlY29tZS12aXNpYmxlLW9ubGluZS5wbmciIGNsYXNzPSJoaWRkZW4tbW9iaWxlIj4KCTwvZGl2Pgo8L2Rpdj4KCjxkaXYgaWQ9InBhcnRpY2xlcy1qcyI+PC9kaXY+Cg==[\/vc_raw_html][\/vc_column][\/vc_row][vc_row thb_full_width=&#8221;true&#8221; css=&#8221;.vc_custom_1557388772963{margin-top: -4em !important;padding-top: 10vh !important;padding-bottom: 10vh !important;}&#8221;][vc_column width=&#8221;1\/4&#8243;][\/vc_column][vc_column width=&#8221;1\/2&#8243; css=&#8221;.vc_custom_1557388549430{padding-top: 8vh !important;padding-right: 8vh !important;padding-bottom: 8vh !important;padding-left: 8vh !important;background-color: #00fbce !important;}&#8221; el_class=&#8221;home-intro-box&#8221;][vc_column_text] Salut ! Nous sommes une agence de marketing digital bas\u00e9e \u00e0 B\u00e2le, en Suisse. Nous sommes petits et agiles. Mais nous pouvons&hellip;<\/p>\n","protected":false},"author":1,"featured_media":11013,"parent":0,"menu_order":0,"comment_status":"closed","ping_status":"closed","template":"","meta":{"_acf_changed":false,"footnotes":""},"class_list":["post-10985","page","type-page","status-publish","has-post-thumbnail","hentry"],"acf":[],"yoast_head":"<!-- This site is optimized with the Yoast SEO plugin v27.3 - https:\/\/yoast.com\/product\/yoast-seo-wordpress\/ -->\n<title>Agence de marketing digital - Devenez visible en ligne - Graaaf<\/title>\n<meta name=\"description\" content=\"Nous sommes des experts en marketing en ligne. Nous pouvons vous aider \u00e0 d\u00e9velopper votre activit\u00e9 et \u00e0 augmenter le taux de conversion de votre site web. Nous sommes une agence de marketing num\u00e9rique.\" \/>\n<meta name=\"robots\" content=\"index, follow, max-snippet:-1, max-image-preview:large, max-video-preview:-1\" \/>\n<link rel=\"canonical\" href=\"https:\/\/www.graaaf.com\/fr\/\" \/>\n<meta property=\"og:locale\" content=\"fr_FR\" \/>\n<meta property=\"og:type\" content=\"article\" \/>\n<meta property=\"og:title\" content=\"Agence de marketing digital - Devenez visible en ligne - Graaaf\" \/>\n<meta property=\"og:description\" content=\"Nous sommes des experts en marketing en ligne. Nous pouvons vous aider \u00e0 d\u00e9velopper votre activit\u00e9 et \u00e0 augmenter le taux de conversion de votre site web. Nous sommes une agence de marketing num\u00e9rique.\" \/>\n<meta property=\"og:url\" content=\"https:\/\/www.graaaf.com\/fr\/\" \/>\n<meta property=\"og:site_name\" content=\"Graaaf\" \/>\n<meta property=\"article:publisher\" content=\"https:\/\/www.facebook.com\/graaafcom\" \/>\n<meta property=\"article:modified_time\" content=\"2026-01-22T12:00:42+00:00\" \/>\n<meta property=\"og:image\" content=\"https:\/\/www.graaaf.com\/wordpress\/wp-content\/uploads\/2024\/03\/header-google-ads.jpg\" \/>\n\t<meta property=\"og:image:width\" content=\"1442\" \/>\n\t<meta property=\"og:image:height\" content=\"807\" \/>\n\t<meta property=\"og:image:type\" content=\"image\/jpeg\" \/>\n<meta name=\"twitter:card\" content=\"summary_large_image\" \/>\n<script type=\"application\/ld+json\" class=\"yoast-schema-graph\">{\"@context\":\"https:\\\/\\\/schema.org\",\"@graph\":[{\"@type\":\"WebPage\",\"@id\":\"https:\\\/\\\/www.graaaf.com\\\/fr\\\/\",\"url\":\"https:\\\/\\\/www.graaaf.com\\\/fr\\\/\",\"name\":\"Agence de marketing digital - Devenez visible en ligne - Graaaf\",\"isPartOf\":{\"@id\":\"https:\\\/\\\/www.graaaf.com\\\/fr\\\/#website\"},\"primaryImageOfPage\":{\"@id\":\"https:\\\/\\\/www.graaaf.com\\\/fr\\\/#primaryimage\"},\"image\":{\"@id\":\"https:\\\/\\\/www.graaaf.com\\\/fr\\\/#primaryimage\"},\"thumbnailUrl\":\"https:\\\/\\\/www.graaaf.com\\\/wordpress\\\/wp-content\\\/uploads\\\/2024\\\/03\\\/header-google-ads.jpg\",\"datePublished\":\"2024-08-06T16:19:05+00:00\",\"dateModified\":\"2026-01-22T12:00:42+00:00\",\"description\":\"Nous sommes des experts en marketing en ligne. Nous pouvons vous aider \u00e0 d\u00e9velopper votre activit\u00e9 et \u00e0 augmenter le taux de conversion de votre site web. Nous sommes une agence de marketing num\u00e9rique.\",\"breadcrumb\":{\"@id\":\"https:\\\/\\\/www.graaaf.com\\\/fr\\\/#breadcrumb\"},\"inLanguage\":\"fr-CH\",\"potentialAction\":[{\"@type\":\"ReadAction\",\"target\":[\"https:\\\/\\\/www.graaaf.com\\\/fr\\\/\"]}]},{\"@type\":\"ImageObject\",\"inLanguage\":\"fr-CH\",\"@id\":\"https:\\\/\\\/www.graaaf.com\\\/fr\\\/#primaryimage\",\"url\":\"https:\\\/\\\/www.graaaf.com\\\/wordpress\\\/wp-content\\\/uploads\\\/2024\\\/03\\\/header-google-ads.jpg\",\"contentUrl\":\"https:\\\/\\\/www.graaaf.com\\\/wordpress\\\/wp-content\\\/uploads\\\/2024\\\/03\\\/header-google-ads.jpg\",\"width\":1442,\"height\":807},{\"@type\":\"BreadcrumbList\",\"@id\":\"https:\\\/\\\/www.graaaf.com\\\/fr\\\/#breadcrumb\",\"itemListElement\":[{\"@type\":\"ListItem\",\"position\":1,\"name\":\"Home\",\"item\":\"https:\\\/\\\/www.graaaf.com\\\/fr\\\/homepage-v4\\\/\"},{\"@type\":\"ListItem\",\"position\":2,\"name\":\"Page d&#8217;accueil\"}]},{\"@type\":\"WebSite\",\"@id\":\"https:\\\/\\\/www.graaaf.com\\\/fr\\\/#website\",\"url\":\"https:\\\/\\\/www.graaaf.com\\\/fr\\\/\",\"name\":\"GRAAAF\",\"description\":\"A digital marketing and communication agency\",\"publisher\":{\"@id\":\"https:\\\/\\\/www.graaaf.com\\\/fr\\\/#organization\"},\"potentialAction\":[{\"@type\":\"SearchAction\",\"target\":{\"@type\":\"EntryPoint\",\"urlTemplate\":\"https:\\\/\\\/www.graaaf.com\\\/fr\\\/?s={search_term_string}\"},\"query-input\":{\"@type\":\"PropertyValueSpecification\",\"valueRequired\":true,\"valueName\":\"search_term_string\"}}],\"inLanguage\":\"fr-CH\"},{\"@type\":\"Organization\",\"@id\":\"https:\\\/\\\/www.graaaf.com\\\/fr\\\/#organization\",\"name\":\"GRAAAF\",\"url\":\"https:\\\/\\\/www.graaaf.com\\\/fr\\\/\",\"logo\":{\"@type\":\"ImageObject\",\"inLanguage\":\"fr-CH\",\"@id\":\"https:\\\/\\\/www.graaaf.com\\\/fr\\\/#\\\/schema\\\/logo\\\/image\\\/\",\"url\":\"https:\\\/\\\/www.graaaf.com\\\/wordpress\\\/wp-content\\\/uploads\\\/2018\\\/05\\\/logo-website-graaaf-2018-positif.png\",\"contentUrl\":\"https:\\\/\\\/www.graaaf.com\\\/wordpress\\\/wp-content\\\/uploads\\\/2018\\\/05\\\/logo-website-graaaf-2018-positif.png\",\"width\":341,\"height\":66,\"caption\":\"GRAAAF\"},\"image\":{\"@id\":\"https:\\\/\\\/www.graaaf.com\\\/fr\\\/#\\\/schema\\\/logo\\\/image\\\/\"},\"sameAs\":[\"https:\\\/\\\/www.facebook.com\\\/graaafcom\",\"https:\\\/\\\/www.linkedin.com\\\/company\\\/graaaf\\\/\"]}]}<\/script>\n<!-- \/ Yoast SEO plugin. -->","yoast_head_json":{"title":"Agence de marketing digital - Devenez visible en ligne - Graaaf","description":"Nous sommes des experts en marketing en ligne. Nous pouvons vous aider \u00e0 d\u00e9velopper votre activit\u00e9 et \u00e0 augmenter le taux de conversion de votre site web. Nous sommes une agence de marketing num\u00e9rique.","robots":{"index":"index","follow":"follow","max-snippet":"max-snippet:-1","max-image-preview":"max-image-preview:large","max-video-preview":"max-video-preview:-1"},"canonical":"https:\/\/www.graaaf.com\/fr\/","og_locale":"fr_FR","og_type":"article","og_title":"Agence de marketing digital - Devenez visible en ligne - Graaaf","og_description":"Nous sommes des experts en marketing en ligne. Nous pouvons vous aider \u00e0 d\u00e9velopper votre activit\u00e9 et \u00e0 augmenter le taux de conversion de votre site web. Nous sommes une agence de marketing num\u00e9rique.","og_url":"https:\/\/www.graaaf.com\/fr\/","og_site_name":"Graaaf","article_publisher":"https:\/\/www.facebook.com\/graaafcom","article_modified_time":"2026-01-22T12:00:42+00:00","og_image":[{"width":1442,"height":807,"url":"https:\/\/www.graaaf.com\/wordpress\/wp-content\/uploads\/2024\/03\/header-google-ads.jpg","type":"image\/jpeg"}],"twitter_card":"summary_large_image","schema":{"@context":"https:\/\/schema.org","@graph":[{"@type":"WebPage","@id":"https:\/\/www.graaaf.com\/fr\/","url":"https:\/\/www.graaaf.com\/fr\/","name":"Agence de marketing digital - Devenez visible en ligne - Graaaf","isPartOf":{"@id":"https:\/\/www.graaaf.com\/fr\/#website"},"primaryImageOfPage":{"@id":"https:\/\/www.graaaf.com\/fr\/#primaryimage"},"image":{"@id":"https:\/\/www.graaaf.com\/fr\/#primaryimage"},"thumbnailUrl":"https:\/\/www.graaaf.com\/wordpress\/wp-content\/uploads\/2024\/03\/header-google-ads.jpg","datePublished":"2024-08-06T16:19:05+00:00","dateModified":"2026-01-22T12:00:42+00:00","description":"Nous sommes des experts en marketing en ligne. Nous pouvons vous aider \u00e0 d\u00e9velopper votre activit\u00e9 et \u00e0 augmenter le taux de conversion de votre site web. Nous sommes une agence de marketing num\u00e9rique.","breadcrumb":{"@id":"https:\/\/www.graaaf.com\/fr\/#breadcrumb"},"inLanguage":"fr-CH","potentialAction":[{"@type":"ReadAction","target":["https:\/\/www.graaaf.com\/fr\/"]}]},{"@type":"ImageObject","inLanguage":"fr-CH","@id":"https:\/\/www.graaaf.com\/fr\/#primaryimage","url":"https:\/\/www.graaaf.com\/wordpress\/wp-content\/uploads\/2024\/03\/header-google-ads.jpg","contentUrl":"https:\/\/www.graaaf.com\/wordpress\/wp-content\/uploads\/2024\/03\/header-google-ads.jpg","width":1442,"height":807},{"@type":"BreadcrumbList","@id":"https:\/\/www.graaaf.com\/fr\/#breadcrumb","itemListElement":[{"@type":"ListItem","position":1,"name":"Home","item":"https:\/\/www.graaaf.com\/fr\/homepage-v4\/"},{"@type":"ListItem","position":2,"name":"Page d&#8217;accueil"}]},{"@type":"WebSite","@id":"https:\/\/www.graaaf.com\/fr\/#website","url":"https:\/\/www.graaaf.com\/fr\/","name":"GRAAAF","description":"A digital marketing and communication agency","publisher":{"@id":"https:\/\/www.graaaf.com\/fr\/#organization"},"potentialAction":[{"@type":"SearchAction","target":{"@type":"EntryPoint","urlTemplate":"https:\/\/www.graaaf.com\/fr\/?s={search_term_string}"},"query-input":{"@type":"PropertyValueSpecification","valueRequired":true,"valueName":"search_term_string"}}],"inLanguage":"fr-CH"},{"@type":"Organization","@id":"https:\/\/www.graaaf.com\/fr\/#organization","name":"GRAAAF","url":"https:\/\/www.graaaf.com\/fr\/","logo":{"@type":"ImageObject","inLanguage":"fr-CH","@id":"https:\/\/www.graaaf.com\/fr\/#\/schema\/logo\/image\/","url":"https:\/\/www.graaaf.com\/wordpress\/wp-content\/uploads\/2018\/05\/logo-website-graaaf-2018-positif.png","contentUrl":"https:\/\/www.graaaf.com\/wordpress\/wp-content\/uploads\/2018\/05\/logo-website-graaaf-2018-positif.png","width":341,"height":66,"caption":"GRAAAF"},"image":{"@id":"https:\/\/www.graaaf.com\/fr\/#\/schema\/logo\/image\/"},"sameAs":["https:\/\/www.facebook.com\/graaafcom","https:\/\/www.linkedin.com\/company\/graaaf\/"]}]}},"_links":{"self":[{"href":"https:\/\/www.graaaf.com\/fr\/wp-json\/wp\/v2\/pages\/10985","targetHints":{"allow":["GET"]}}],"collection":[{"href":"https:\/\/www.graaaf.com\/fr\/wp-json\/wp\/v2\/pages"}],"about":[{"href":"https:\/\/www.graaaf.com\/fr\/wp-json\/wp\/v2\/types\/page"}],"author":[{"embeddable":true,"href":"https:\/\/www.graaaf.com\/fr\/wp-json\/wp\/v2\/users\/1"}],"replies":[{"embeddable":true,"href":"https:\/\/www.graaaf.com\/fr\/wp-json\/wp\/v2\/comments?post=10985"}],"version-history":[{"count":0,"href":"https:\/\/www.graaaf.com\/fr\/wp-json\/wp\/v2\/pages\/10985\/revisions"}],"wp:featuredmedia":[{"embeddable":true,"href":"https:\/\/www.graaaf.com\/fr\/wp-json\/wp\/v2\/media\/11013"}],"wp:attachment":[{"href":"https:\/\/www.graaaf.com\/fr\/wp-json\/wp\/v2\/media?parent=10985"}],"curies":[{"name":"wp","href":"https:\/\/api.w.org\/{rel}","templated":true}]}}