{"id":10993,"date":"2024-08-06T18:21:30","date_gmt":"2024-08-06T16:21:30","guid":{"rendered":"https:\/\/www.graaaf.com\/agence\/"},"modified":"2026-01-28T14:21:00","modified_gmt":"2026-01-28T13:21:00","slug":"agency","status":"publish","type":"page","link":"https:\/\/www.graaaf.com\/fr\/agency\/","title":{"rendered":"Agence"},"content":{"rendered":"<div class=\"wpb-content-wrapper\">[vc_row thb_full_width=&#8221;true&#8221; thb_column_padding=&#8221;true&#8221; el_class=&#8221;portfolio-heading&#8221;][vc_column][vc_row_inner][vc_column_inner width=&#8221;1\/6&#8243;][\/vc_column_inner][vc_column_inner width=&#8221;2\/3&#8243;][vc_column_text]\n<h1>GRAAAF<\/h1>\n<h2>Agence de marketing num\u00e9rique agile<\/h2>\n<h3>Nous sommes petits et agiles. Mais nous pouvons prendre en charge des projets plus importants si n\u00e9cessaire, en faisant appel \u00e0 notre r\u00e9seau d&#8217;experts.<\/h3>\n[\/vc_column_text][\/vc_column_inner][vc_column_inner width=&#8221;1\/6&#8243;][\/vc_column_inner][\/vc_row_inner][\/vc_column][\/vc_row][vc_row][vc_column width=&#8221;1\/6&#8243;][\/vc_column][vc_column width=&#8221;2\/3&#8243;][vc_column_text]Nous aidons les organisations \u00e0 devenir visibles en ligne depuis notre cr\u00e9ation en 2015. Qu&#8217;il s&#8217;agisse d&#8217;esquisser une strat\u00e9gie, de concevoir des pages d&#8217;atterrissage ou de mettre en \u0153uvre des campagnes Google Ads, nous pouvons vous aider.<\/p>\n<p>Yann, le fondateur, a plus de 15 ans d&#8217;exp\u00e9rience dans la communication digitale et la gestion de projets.<\/p>\n<p>Nous sommes une entreprise enti\u00e8rement remote[\/vc_column_text][\/vc_column][vc_column width=&#8221;1\/6&#8243;][\/vc_column][\/vc_row][vc_row thb_full_width=&#8221;true&#8221; css=&#8221;.vc_custom_1539262606315{padding-top: 10vh !important;padding-bottom: 10vh !important;background-color: #ffffff !important;}&#8221;][vc_column][vc_row_inner][vc_column_inner width=&#8221;1\/3&#8243;]\t<div class=\"thb-counter counter-style1 thb-side left\" id=\"thb-counter-69ed1f75d0705\" data-separator=\"true\" data-format=\"(,ddd).dd\">\n\t\t\t\t\t<div class=\"counter-container\">\n\t\t\t\t\t\t\t\t<div class=\"h1\" data-count=\"0\" data-speed=\"2000\">0<\/div>\n\t\t\t\t\t\t\t<\/div>\n\t\t\t<h6>Bureau fixe<\/h6>\n\t\t\t\t\t\t\t\t\t\t<style>\n\t\t\t#thb-counter-69ed1f75d0705 .odometer.odometer-auto-theme.odometer-animating-up .odometer-ribbon-inner,\n\t\t\t#thb-counter-69ed1f75d0705 .odometer.odometer-theme-minimal.odometer-animating-up .odometer-ribbon-inner {\n\t\t\t\ttransition: transform 2s;\n\t\t\t}\n\t\t\t\t\t\t\t\t\t\t\t\t\t\t<\/style>\n\t<\/div>\n\t[\/vc_column_inner][vc_column_inner width=&#8221;1\/3&#8243;]\t<div class=\"thb-counter counter-style1 thb-side left\" id=\"thb-counter-69ed1f75d079b\" data-separator=\"true\" data-format=\"(,ddd).dd\">\n\t\t\t\t\t<div class=\"counter-container\">\n\t\t\t\t\t\t\t\t<div class=\"h1\" data-count=\"40+\" data-speed=\"2000\">0<\/div>\n\t\t\t\t\t\t\t<\/div>\n\t\t\t<h6>Clients aid\u00e9s<\/h6>\n\t\t\t\t\t\t\t\t\t\t<style>\n\t\t\t#thb-counter-69ed1f75d079b .odometer.odometer-auto-theme.odometer-animating-up .odometer-ribbon-inner,\n\t\t\t#thb-counter-69ed1f75d079b .odometer.odometer-theme-minimal.odometer-animating-up .odometer-ribbon-inner {\n\t\t\t\ttransition: transform 2s;\n\t\t\t}\n\t\t\t\t\t\t\t\t\t\t\t\t\t\t<\/style>\n\t<\/div>\n\t[\/vc_column_inner][vc_column_inner width=&#8221;1\/3&#8243;]\t<div class=\"thb-counter counter-style1 thb-side left\" id=\"thb-counter-69ed1f75d07ef\" data-separator=\"\" data-format=\"(,ddd).dd\">\n\t\t\t\t\t<div class=\"counter-container\">\n\t\t\t\t\t\t\t\t<div class=\"h1\" data-count=\"2015\" data-speed=\"2000\">0<\/div>\n\t\t\t\t\t\t\t<\/div>\n\t\t\t<h6>Fond\u00e9e en<\/h6>\n\t\t\t\t\t\t\t\t\t\t<style>\n\t\t\t#thb-counter-69ed1f75d07ef .odometer.odometer-auto-theme.odometer-animating-up .odometer-ribbon-inner,\n\t\t\t#thb-counter-69ed1f75d07ef .odometer.odometer-theme-minimal.odometer-animating-up .odometer-ribbon-inner {\n\t\t\t\ttransition: transform 2s;\n\t\t\t}\n\t\t\t\t\t\t\t\t\t\t\t\t\t\t<\/style>\n\t<\/div>\n\t[\/vc_column_inner][\/vc_row_inner][\/vc_column][\/vc_row][vc_row][vc_column][vc_empty_space][vc_empty_space][\/vc_column][\/vc_row][vc_row thb_full_width=&#8221;true&#8221; thb_column_padding=&#8221;true&#8221; full_height=&#8221;yes&#8221;][vc_column][vc_row_inner][vc_column_inner width=&#8221;1\/6&#8243;][\/vc_column_inner][vc_column_inner width=&#8221;2\/3&#8243;][vc_column_text]\n<h2>L&#8217;\u00e9quipe<\/h2>\n[\/vc_column_text][\/vc_column_inner][vc_column_inner width=&#8221;1\/6&#8243;][\/vc_column_inner][\/vc_row_inner][vc_row_inner][vc_column_inner width=&#8221;1\/6&#8243;][\/vc_column_inner][vc_column_inner width=&#8221;1\/3&#8243;][vc_column_text css=&#8221;&#8221;]<img loading=\"lazy\" decoding=\"async\" class=\"alignnone wp-image-8501 size-full\" src=\"https:\/\/www.graaaf.com\/wordpress\/wp-content\/uploads\/2018\/10\/yann-portrait-e1539267167232.jpg\" alt=\"\" width=\"531\" height=\"531\" srcset=\"https:\/\/www.graaaf.com\/wordpress\/wp-content\/uploads\/2018\/10\/yann-portrait-e1539267167232.jpg 531w, https:\/\/www.graaaf.com\/wordpress\/wp-content\/uploads\/2018\/10\/yann-portrait-e1539267167232-150x150.jpg 150w, https:\/\/www.graaaf.com\/wordpress\/wp-content\/uploads\/2018\/10\/yann-portrait-e1539267167232-300x300.jpg 300w, https:\/\/www.graaaf.com\/wordpress\/wp-content\/uploads\/2018\/10\/yann-portrait-e1539267167232-200x200.jpg 200w, https:\/\/www.graaaf.com\/wordpress\/wp-content\/uploads\/2018\/10\/yann-portrait-e1539267167232-100x100.jpg 100w, https:\/\/www.graaaf.com\/wordpress\/wp-content\/uploads\/2018\/10\/yann-portrait-e1539267167232-380x380.jpg 380w, https:\/\/www.graaaf.com\/wordpress\/wp-content\/uploads\/2018\/10\/yann-portrait-e1539267167232-20x20.jpg 20w, https:\/\/www.graaaf.com\/wordpress\/wp-content\/uploads\/2018\/10\/yann-portrait-e1539267167232-190x190.jpg 190w\" sizes=\"auto, (max-width: 531px) 100vw, 531px\" \/><\/p>\n<h4>Yann Graf<\/h4>\n<p>Fondateur + Consultant en marketing num\u00e9rique<br \/>\n<a href=\"tel:+41615019511\">+41 61 501 95 11<\/a><br \/>\n<a href=\"mailto:yann@graaaf.com\">hello@graaaf.com<\/a><br \/>\n<a href=\"https:\/\/www.linkedin.com\/in\/yanngraf\/\">Linkedin<\/a>[\/vc_column_text][\/vc_column_inner][vc_column_inner width=&#8221;1\/3&#8243;][vc_raw_html]PGxpbmsgcmVsPSJzdHlsZXNoZWV0IiBtZWRpYT0ic2NyZWVuIiBocmVmPSJodHRwczovL3d3dy5ncmFhYWYuY29tL3Rlc3RzL3BhcnRpY2xlc18xX3NlbGYtY29udGFpbmVkLWFib3V0L2Nzcy9zdHlsZS5jc3MiPgoKPCEtLSBzY3JpcHRzIC0tPgo8c2NyaXB0IHNyYz0iaHR0cHM6Ly93d3cuZ3JhYWFmLmNvbS90ZXN0cy9wYXJ0aWNsZXNfMV9zZWxmLWNvbnRhaW5lZC1hYm91dC9wYXJ0aWNsZXMuanMiPjwvc2NyaXB0Pgo8c2NyaXB0IHNyYz0iaHR0cHM6Ly93d3cuZ3JhYWFmLmNvbS90ZXN0cy9wYXJ0aWNsZXNfMV9zZWxmLWNvbnRhaW5lZC1hYm91dC9qcy9hcHAuanMiPjwvc2NyaXB0PgoKCgo8IS0tIHBhcnRpY2xlcy5qcyBjb250YWluZXIgLS0+Cgo8ZGl2IGlkPSJwYXJ0aWNsZXMtanMiPjwvZGl2Pgo=[\/vc_raw_html][vc_column_text]\n<h4>Un r\u00e9seau d&#8217;experts<\/h4>\n<p>Concepteurs et illustrateurs<br \/>\nSp\u00e9cialistes du marketing num\u00e9rique<br \/>\nD\u00e9veloppeurs web<br \/>\nR\u00e9dacteurs et traducteurs[\/vc_column_text][\/vc_column_inner][vc_column_inner width=&#8221;1\/6&#8243;][\/vc_column_inner][\/vc_row_inner][\/vc_column][\/vc_row][vc_row disable_element=&#8221;yes&#8221;][vc_column width=&#8221;1\/6&#8243;][\/vc_column][vc_column width=&#8221;2\/3&#8243;][vc_column_text]\n<h2>Impact social<\/h2>\n<h3>\u00c9missions de carbone<\/h3>\n<ul>\n<li>Nous prenons le v\u00e9lo et le train le plus souvent possible. La voiture de fonction n&#8217;existe pas.<\/li>\n<li>Nous compensons les \u00e9missions de carbone restantes avec MyClimate.<\/li>\n<\/ul>\n<h3>Impact social<\/h3>\n<ul>\n<li>Notre compte bancaire est g\u00e9r\u00e9 par la Banque alternative. Nous avons choisi ce service pour ses normes \u00e9thiques \u00e9lev\u00e9es et sa mission sociale.<\/li>\n<\/ul>\n[\/vc_column_text][\/vc_column][vc_column width=&#8221;1\/6&#8243;][\/vc_column][\/vc_row][vc_row thb_full_width=&#8221;true&#8221; css=&#8221;.vc_custom_1539263331417{padding-top: 10vh !important;padding-bottom: 10vh !important;background-color: #eafefa !important;}&#8221;][vc_column][vc_row_inner][vc_column_inner width=&#8221;1\/6&#8243;][\/vc_column_inner][vc_column_inner width=&#8221;2\/3&#8243;][vc_column_text css=&#8221;&#8221;]\n<h2 style=\"text-align: left;\">Comment pouvons-nous vous aider aujourd&#8217;hui ?<\/h2>\n[\/vc_column_text][vc_raw_html css=&#8221;&#8221;]PHNjcmlwdCBjaGFyc2V0PSJ1dGYtOCIgdHlwZT0idGV4dC9qYXZhc2NyaXB0IiBzcmM9Ii8vanMtZXUxLmhzZm9ybXMubmV0L2Zvcm1zL2VtYmVkL3YyLmpzIj48L3NjcmlwdD48c2NyaXB0Pmhic3B0LmZvcm1zLmNyZWF0ZSh7CiAgICByZWdpb246ICJldTEiLAogICAgcG9ydGFsSWQ6ICIxNDUxMTc5OTgiLAogICAgZm9ybUlkOiAiMzk3MmFiNGEtYTYxZS00NDgyLWFlYjUtNjQ2OTAxMGUxYTEyIgogIH0pOwo8L3NjcmlwdD4=[\/vc_raw_html][vc_column_text css=&#8221;&#8221;][\/vc_column_text][\/vc_column_inner][vc_column_inner width=&#8221;1\/6&#8243;][\/vc_column_inner][\/vc_row_inner][\/vc_column][\/vc_row]\n<\/div>","protected":false},"excerpt":{"rendered":"<p>[vc_row thb_full_width=&#8221;true&#8221; thb_column_padding=&#8221;true&#8221; el_class=&#8221;portfolio-heading&#8221;][vc_column][vc_row_inner][vc_column_inner width=&#8221;1\/6&#8243;][\/vc_column_inner][vc_column_inner width=&#8221;2\/3&#8243;][vc_column_text] GRAAAF Agence de marketing num\u00e9rique agile Nous sommes petits et agiles. Mais nous pouvons prendre en charge des projets plus importants si n\u00e9cessaire, en faisant appel \u00e0 notre r\u00e9seau d&#8217;experts. [\/vc_column_text][\/vc_column_inner][vc_column_inner width=&#8221;1\/6&#8243;][\/vc_column_inner][\/vc_row_inner][\/vc_column][\/vc_row][vc_row][vc_column width=&#8221;1\/6&#8243;][\/vc_column][vc_column width=&#8221;2\/3&#8243;][vc_column_text]Nous aidons les organisations \u00e0 devenir visibles en ligne depuis notre cr\u00e9ation en 2015. Qu&#8217;il s&#8217;agisse&hellip;<\/p>\n","protected":false},"author":1,"featured_media":0,"parent":0,"menu_order":2,"comment_status":"closed","ping_status":"closed","template":"","meta":{"_acf_changed":false,"footnotes":""},"class_list":["post-10993","page","type-page","status-publish","hentry"],"acf":[],"yoast_head":"<!-- This site is optimized with the Yoast SEO plugin v27.4 - https:\/\/yoast.com\/product\/yoast-seo-wordpress\/ -->\n<title>A propos de Yann Graf - Un chef de projet num\u00e9rique cr\u00e9atif<\/title>\n<meta name=\"description\" content=\"Je travaille actuellement en tant que Product Owner Agile chez G-Star.com. Je suis le chef de projet digital en charge du d\u00e9ploiement du site web r\u00e9actif.\" \/>\n<meta name=\"robots\" content=\"index, follow, max-snippet:-1, max-image-preview:large, max-video-preview:-1\" \/>\n<link rel=\"canonical\" href=\"https:\/\/www.graaaf.com\/fr\/agency\/\" \/>\n<meta property=\"og:locale\" content=\"fr_FR\" \/>\n<meta property=\"og:type\" content=\"article\" \/>\n<meta property=\"og:title\" content=\"A propos de Yann Graf - Un chef de projet num\u00e9rique cr\u00e9atif\" \/>\n<meta property=\"og:description\" content=\"Je travaille actuellement en tant que Product Owner Agile chez G-Star.com. Je suis le chef de projet digital en charge du d\u00e9ploiement du site web r\u00e9actif.\" \/>\n<meta property=\"og:url\" content=\"https:\/\/www.graaaf.com\/fr\/agency\/\" \/>\n<meta property=\"og:site_name\" content=\"Graaaf\" \/>\n<meta property=\"article:publisher\" content=\"https:\/\/www.facebook.com\/graaafcom\" \/>\n<meta property=\"article:modified_time\" content=\"2026-01-28T13:21:00+00:00\" \/>\n<meta property=\"og:image\" content=\"https:\/\/www.graaaf.com\/wordpress\/wp-content\/uploads\/2018\/10\/yann-portrait-e1539267167232.jpg\" \/>\n\t<meta property=\"og:image:width\" content=\"531\" \/>\n\t<meta property=\"og:image:height\" content=\"531\" \/>\n\t<meta property=\"og:image:type\" content=\"image\/jpeg\" \/>\n<meta name=\"twitter:card\" content=\"summary_large_image\" \/>\n<script type=\"application\/ld+json\" class=\"yoast-schema-graph\">{\"@context\":\"https:\\\/\\\/schema.org\",\"@graph\":[{\"@type\":\"WebPage\",\"@id\":\"https:\\\/\\\/www.graaaf.com\\\/fr\\\/agency\\\/\",\"url\":\"https:\\\/\\\/www.graaaf.com\\\/fr\\\/agency\\\/\",\"name\":\"A propos de Yann Graf - Un chef de projet num\u00e9rique cr\u00e9atif\",\"isPartOf\":{\"@id\":\"https:\\\/\\\/www.graaaf.com\\\/fr\\\/#website\"},\"primaryImageOfPage\":{\"@id\":\"https:\\\/\\\/www.graaaf.com\\\/fr\\\/agency\\\/#primaryimage\"},\"image\":{\"@id\":\"https:\\\/\\\/www.graaaf.com\\\/fr\\\/agency\\\/#primaryimage\"},\"thumbnailUrl\":\"https:\\\/\\\/www.graaaf.com\\\/wordpress\\\/wp-content\\\/uploads\\\/2018\\\/10\\\/yann-portrait-e1539267167232.jpg\",\"datePublished\":\"2024-08-06T16:21:30+00:00\",\"dateModified\":\"2026-01-28T13:21:00+00:00\",\"description\":\"Je travaille actuellement en tant que Product Owner Agile chez G-Star.com. Je suis le chef de projet digital en charge du d\u00e9ploiement du site web r\u00e9actif.\",\"breadcrumb\":{\"@id\":\"https:\\\/\\\/www.graaaf.com\\\/fr\\\/agency\\\/#breadcrumb\"},\"inLanguage\":\"fr-CH\",\"potentialAction\":[{\"@type\":\"ReadAction\",\"target\":[\"https:\\\/\\\/www.graaaf.com\\\/fr\\\/agency\\\/\"]}]},{\"@type\":\"ImageObject\",\"inLanguage\":\"fr-CH\",\"@id\":\"https:\\\/\\\/www.graaaf.com\\\/fr\\\/agency\\\/#primaryimage\",\"url\":\"https:\\\/\\\/www.graaaf.com\\\/wordpress\\\/wp-content\\\/uploads\\\/2018\\\/10\\\/yann-portrait-e1539267167232.jpg\",\"contentUrl\":\"https:\\\/\\\/www.graaaf.com\\\/wordpress\\\/wp-content\\\/uploads\\\/2018\\\/10\\\/yann-portrait-e1539267167232.jpg\"},{\"@type\":\"BreadcrumbList\",\"@id\":\"https:\\\/\\\/www.graaaf.com\\\/fr\\\/agency\\\/#breadcrumb\",\"itemListElement\":[{\"@type\":\"ListItem\",\"position\":1,\"name\":\"Home\",\"item\":\"https:\\\/\\\/www.graaaf.com\\\/fr\\\/homepage-v4\\\/\"},{\"@type\":\"ListItem\",\"position\":2,\"name\":\"Agence\"}]},{\"@type\":\"WebSite\",\"@id\":\"https:\\\/\\\/www.graaaf.com\\\/fr\\\/#website\",\"url\":\"https:\\\/\\\/www.graaaf.com\\\/fr\\\/\",\"name\":\"GRAAAF\",\"description\":\"A digital marketing and communication agency\",\"publisher\":{\"@id\":\"https:\\\/\\\/www.graaaf.com\\\/fr\\\/#organization\"},\"potentialAction\":[{\"@type\":\"SearchAction\",\"target\":{\"@type\":\"EntryPoint\",\"urlTemplate\":\"https:\\\/\\\/www.graaaf.com\\\/fr\\\/?s={search_term_string}\"},\"query-input\":{\"@type\":\"PropertyValueSpecification\",\"valueRequired\":true,\"valueName\":\"search_term_string\"}}],\"inLanguage\":\"fr-CH\"},{\"@type\":\"Organization\",\"@id\":\"https:\\\/\\\/www.graaaf.com\\\/fr\\\/#organization\",\"name\":\"GRAAAF\",\"url\":\"https:\\\/\\\/www.graaaf.com\\\/fr\\\/\",\"logo\":{\"@type\":\"ImageObject\",\"inLanguage\":\"fr-CH\",\"@id\":\"https:\\\/\\\/www.graaaf.com\\\/fr\\\/#\\\/schema\\\/logo\\\/image\\\/\",\"url\":\"https:\\\/\\\/www.graaaf.com\\\/wordpress\\\/wp-content\\\/uploads\\\/2018\\\/05\\\/logo-website-graaaf-2018-positif.png\",\"contentUrl\":\"https:\\\/\\\/www.graaaf.com\\\/wordpress\\\/wp-content\\\/uploads\\\/2018\\\/05\\\/logo-website-graaaf-2018-positif.png\",\"width\":341,\"height\":66,\"caption\":\"GRAAAF\"},\"image\":{\"@id\":\"https:\\\/\\\/www.graaaf.com\\\/fr\\\/#\\\/schema\\\/logo\\\/image\\\/\"},\"sameAs\":[\"https:\\\/\\\/www.facebook.com\\\/graaafcom\",\"https:\\\/\\\/www.linkedin.com\\\/company\\\/graaaf\\\/\"]}]}<\/script>\n<!-- \/ Yoast SEO plugin. -->","yoast_head_json":{"title":"A propos de Yann Graf - Un chef de projet num\u00e9rique cr\u00e9atif","description":"Je travaille actuellement en tant que Product Owner Agile chez G-Star.com. Je suis le chef de projet digital en charge du d\u00e9ploiement du site web r\u00e9actif.","robots":{"index":"index","follow":"follow","max-snippet":"max-snippet:-1","max-image-preview":"max-image-preview:large","max-video-preview":"max-video-preview:-1"},"canonical":"https:\/\/www.graaaf.com\/fr\/agency\/","og_locale":"fr_FR","og_type":"article","og_title":"A propos de Yann Graf - Un chef de projet num\u00e9rique cr\u00e9atif","og_description":"Je travaille actuellement en tant que Product Owner Agile chez G-Star.com. Je suis le chef de projet digital en charge du d\u00e9ploiement du site web r\u00e9actif.","og_url":"https:\/\/www.graaaf.com\/fr\/agency\/","og_site_name":"Graaaf","article_publisher":"https:\/\/www.facebook.com\/graaafcom","article_modified_time":"2026-01-28T13:21:00+00:00","og_image":[{"width":531,"height":531,"url":"https:\/\/www.graaaf.com\/wordpress\/wp-content\/uploads\/2018\/10\/yann-portrait-e1539267167232.jpg","type":"image\/jpeg"}],"twitter_card":"summary_large_image","schema":{"@context":"https:\/\/schema.org","@graph":[{"@type":"WebPage","@id":"https:\/\/www.graaaf.com\/fr\/agency\/","url":"https:\/\/www.graaaf.com\/fr\/agency\/","name":"A propos de Yann Graf - Un chef de projet num\u00e9rique cr\u00e9atif","isPartOf":{"@id":"https:\/\/www.graaaf.com\/fr\/#website"},"primaryImageOfPage":{"@id":"https:\/\/www.graaaf.com\/fr\/agency\/#primaryimage"},"image":{"@id":"https:\/\/www.graaaf.com\/fr\/agency\/#primaryimage"},"thumbnailUrl":"https:\/\/www.graaaf.com\/wordpress\/wp-content\/uploads\/2018\/10\/yann-portrait-e1539267167232.jpg","datePublished":"2024-08-06T16:21:30+00:00","dateModified":"2026-01-28T13:21:00+00:00","description":"Je travaille actuellement en tant que Product Owner Agile chez G-Star.com. Je suis le chef de projet digital en charge du d\u00e9ploiement du site web r\u00e9actif.","breadcrumb":{"@id":"https:\/\/www.graaaf.com\/fr\/agency\/#breadcrumb"},"inLanguage":"fr-CH","potentialAction":[{"@type":"ReadAction","target":["https:\/\/www.graaaf.com\/fr\/agency\/"]}]},{"@type":"ImageObject","inLanguage":"fr-CH","@id":"https:\/\/www.graaaf.com\/fr\/agency\/#primaryimage","url":"https:\/\/www.graaaf.com\/wordpress\/wp-content\/uploads\/2018\/10\/yann-portrait-e1539267167232.jpg","contentUrl":"https:\/\/www.graaaf.com\/wordpress\/wp-content\/uploads\/2018\/10\/yann-portrait-e1539267167232.jpg"},{"@type":"BreadcrumbList","@id":"https:\/\/www.graaaf.com\/fr\/agency\/#breadcrumb","itemListElement":[{"@type":"ListItem","position":1,"name":"Home","item":"https:\/\/www.graaaf.com\/fr\/homepage-v4\/"},{"@type":"ListItem","position":2,"name":"Agence"}]},{"@type":"WebSite","@id":"https:\/\/www.graaaf.com\/fr\/#website","url":"https:\/\/www.graaaf.com\/fr\/","name":"GRAAAF","description":"A digital marketing and communication agency","publisher":{"@id":"https:\/\/www.graaaf.com\/fr\/#organization"},"potentialAction":[{"@type":"SearchAction","target":{"@type":"EntryPoint","urlTemplate":"https:\/\/www.graaaf.com\/fr\/?s={search_term_string}"},"query-input":{"@type":"PropertyValueSpecification","valueRequired":true,"valueName":"search_term_string"}}],"inLanguage":"fr-CH"},{"@type":"Organization","@id":"https:\/\/www.graaaf.com\/fr\/#organization","name":"GRAAAF","url":"https:\/\/www.graaaf.com\/fr\/","logo":{"@type":"ImageObject","inLanguage":"fr-CH","@id":"https:\/\/www.graaaf.com\/fr\/#\/schema\/logo\/image\/","url":"https:\/\/www.graaaf.com\/wordpress\/wp-content\/uploads\/2018\/05\/logo-website-graaaf-2018-positif.png","contentUrl":"https:\/\/www.graaaf.com\/wordpress\/wp-content\/uploads\/2018\/05\/logo-website-graaaf-2018-positif.png","width":341,"height":66,"caption":"GRAAAF"},"image":{"@id":"https:\/\/www.graaaf.com\/fr\/#\/schema\/logo\/image\/"},"sameAs":["https:\/\/www.facebook.com\/graaafcom","https:\/\/www.linkedin.com\/company\/graaaf\/"]}]}},"_links":{"self":[{"href":"https:\/\/www.graaaf.com\/fr\/wp-json\/wp\/v2\/pages\/10993","targetHints":{"allow":["GET"]}}],"collection":[{"href":"https:\/\/www.graaaf.com\/fr\/wp-json\/wp\/v2\/pages"}],"about":[{"href":"https:\/\/www.graaaf.com\/fr\/wp-json\/wp\/v2\/types\/page"}],"author":[{"embeddable":true,"href":"https:\/\/www.graaaf.com\/fr\/wp-json\/wp\/v2\/users\/1"}],"replies":[{"embeddable":true,"href":"https:\/\/www.graaaf.com\/fr\/wp-json\/wp\/v2\/comments?post=10993"}],"version-history":[{"count":0,"href":"https:\/\/www.graaaf.com\/fr\/wp-json\/wp\/v2\/pages\/10993\/revisions"}],"wp:attachment":[{"href":"https:\/\/www.graaaf.com\/fr\/wp-json\/wp\/v2\/media?parent=10993"}],"curies":[{"name":"wp","href":"https:\/\/api.w.org\/{rel}","templated":true}]}}