{"id":11052,"date":"2024-08-06T18:39:01","date_gmt":"2024-08-06T16:39:01","guid":{"rendered":"https:\/\/www.graaaf.com\/services\/publicite-sur-facebook\/"},"modified":"2024-08-06T18:39:03","modified_gmt":"2024-08-06T16:39:03","slug":"publicite-sur-facebook","status":"publish","type":"page","link":"https:\/\/www.graaaf.com\/fr\/services\/publicite-sur-facebook\/","title":{"rendered":"Publicit\u00e9 sur Facebook"},"content":{"rendered":"<div class=\"wpb-content-wrapper\">[vc_row thb_full_width=&#8221;true&#8221; thb_column_padding=&#8221;true&#8221; content_placement=&#8221;middle&#8221; thb_scroll_bottom=&#8221;true&#8221; thb_scroll_bottom_style=&#8221;style3&#8243; css=&#8221;.vc_custom_1557392689648{background-color: #f9f9f9 !important;}&#8221; el_class=&#8221;services-heading&#8221;][vc_column][vc_row_inner content_placement=&#8221;middle&#8221;][vc_column_inner width=&#8221;1\/2&#8243;][vc_column_text]\n<h1>Publicit\u00e9 sur Facebook<\/h1>\n<h2>Vous voulez que votre contenu soit vu sur Facebook ?<\/h2>\n[\/vc_column_text][\/vc_column_inner][vc_column_inner width=&#8221;1\/2&#8243;][vc_single_image image=&#8221;8174&#8243; img_size=&#8221;large&#8221; css_animation=&#8221;fadeIn&#8221;][\/vc_column_inner][\/vc_row_inner][\/vc_column][\/vc_row][vc_section css=&#8221;.vc_custom_1557393896732{padding-top: 10vh !important;padding-bottom: 10vh !important;}&#8221;][vc_row thb_full_width=&#8221;true&#8221; thb_column_padding=&#8221;true&#8221; css=&#8221;.vc_custom_1557392506034{background-color: #ffffff !important;}&#8221;][vc_column offset=&#8221;vc_hidden-xs&#8221;][vc_row_inner][vc_column_inner width=&#8221;1\/4&#8243;][\/vc_column_inner][vc_column_inner width=&#8221;1\/2&#8243;][vc_column_text]\n<p style=\"text-align: center;\">Vous avez besoin d&#8217;une plus grande visibilit\u00e9 sur les r\u00e9seaux sociaux ? La publicit\u00e9 sur Facebook peut constituer une bonne solution pour atteindre votre public cible. Votre message ne sera diffus\u00e9 qu&#8217;aupr\u00e8s de l&#8217;audience la plus pertinente.<\/p>\n[\/vc_column_text][\/vc_column_inner][vc_column_inner width=&#8221;1\/4&#8243;][\/vc_column_inner][\/vc_row_inner][vc_empty_space][vc_row_inner content_placement=&#8221;middle&#8221;][vc_column_inner width=&#8221;1\/6&#8243;][\/vc_column_inner][vc_column_inner width=&#8221;2\/6&#8243;][vc_column_text]\n<h2 style=\"text-align: right;\">Des campagnes efficaces<\/h2>\n<p style=\"text-align: right;\">Nous pouvons auditer votre profil Facebook actuel et \u00e9laborer un plan de mise en \u0153uvre. Nous structurons ensuite votre compte publicitaire et vos campagnes selon les meilleurs standards. Tout au long des campagnes, nous contr\u00f4lons en permanence leur efficacit\u00e9 et testons des variantes pour obtenir un impact maximal.<\/p>\n[\/vc_column_text][\/vc_column_inner][vc_column_inner width=&#8221;1\/3&#8243;][vc_icon icon_fontawesome=&#8221;fa fa-eye&#8221; color=&#8221;custom&#8221; background_style=&#8221;boxed&#8221; background_color=&#8221;custom&#8221; size=&#8221;lg&#8221; css_animation=&#8221;zoomIn&#8221; custom_color=&#8221;#00fbce&#8221;][\/vc_column_inner][vc_column_inner width=&#8221;1\/6&#8243;][\/vc_column_inner][\/vc_row_inner][vc_empty_space][vc_row_inner content_placement=&#8221;middle&#8221;][vc_column_inner width=&#8221;1\/6&#8243;][\/vc_column_inner][vc_column_inner width=&#8221;1\/3&#8243;][vc_icon icon_fontawesome=&#8221;fa fa-comments&#8221; color=&#8221;custom&#8221; background_style=&#8221;boxed&#8221; background_color=&#8221;custom&#8221; size=&#8221;lg&#8221; align=&#8221;right&#8221; css_animation=&#8221;fadeIn&#8221; custom_color=&#8221;#00fbce&#8221;][\/vc_column_inner][vc_column_inner width=&#8221;2\/6&#8243;][vc_column_text]\n<h2>Gestion des communaut\u00e9s<\/h2>\n<p> Avez-vous besoin d&#8217;une pr\u00e9sence continue sur votre cha\u00eene ? Nous pouvons vous aider \u00e0 rester au top gr\u00e2ce \u00e0 un contenu cr\u00e9atif. Nous pouvons r\u00e9diger une charte \u00e9ditoriale pour les m\u00e9dias sociaux, puis cr\u00e9er et publier le contenu pour vous.[\/vc_column_text][\/vc_column_inner][vc_column_inner width=&#8221;1\/6&#8243;][\/vc_column_inner][\/vc_row_inner][\/vc_column][\/vc_row][vc_row thb_full_width=&#8221;true&#8221; thb_column_padding=&#8221;true&#8221; css=&#8221;.vc_custom_1557392348505{background-color: #ffffff !important;}&#8221;][vc_column offset=&#8221;vc_hidden-lg vc_hidden-md vc_hidden-sm&#8221;][vc_row_inner][vc_column_inner][vc_column_text]\n<p style=\"text-align: left;\">Vous avez besoin d&#8217;une plus grande visibilit\u00e9 sur les r\u00e9seaux sociaux ? La publicit\u00e9 sur Facebook peut constituer une bonne solution pour atteindre votre public cible. Votre message ne sera diffus\u00e9 qu&#8217;aupr\u00e8s de l&#8217;audience la plus pertinente.<\/p>\n[\/vc_column_text][\/vc_column_inner][\/vc_row_inner][vc_empty_space][vc_row_inner content_placement=&#8221;middle&#8221;][vc_column_inner width=&#8221;1\/4&#8243; offset=&#8221;vc_col-xs-2&#8243;][vc_icon icon_fontawesome=&#8221;fa fa-eye&#8221; color=&#8221;custom&#8221; background_style=&#8221;boxed&#8221; background_color=&#8221;custom&#8221; size=&#8221;lg&#8221; align=&#8221;right&#8221; css_animation=&#8221;fadeIn&#8221; custom_color=&#8221;#00fbce&#8221;][\/vc_column_inner][vc_column_inner width=&#8221;3\/4&#8243; offset=&#8221;vc_col-xs-10&#8243;][vc_column_text]\n<h2 style=\"text-align: left;\">Des campagnes efficaces<\/h2>\n<p style=\"text-align: left;\">Nous pouvons auditer votre profil Facebook actuel et \u00e9laborer un plan de mise en \u0153uvre. Nous structurons ensuite votre compte publicitaire et vos campagnes selon les meilleurs standards. Tout au long des campagnes, nous contr\u00f4lons en permanence leur efficacit\u00e9 et testons des variantes pour obtenir un impact maximal.<\/p>\n[\/vc_column_text][\/vc_column_inner][\/vc_row_inner][vc_empty_space][vc_row_inner content_placement=&#8221;middle&#8221;][vc_column_inner width=&#8221;1\/4&#8243; offset=&#8221;vc_col-xs-2&#8243;][vc_icon icon_fontawesome=&#8221;fa fa-comments&#8221; color=&#8221;custom&#8221; background_style=&#8221;boxed&#8221; background_color=&#8221;custom&#8221; size=&#8221;lg&#8221; align=&#8221;right&#8221; css_animation=&#8221;fadeIn&#8221; custom_color=&#8221;#00fbce&#8221;][\/vc_column_inner][vc_column_inner width=&#8221;3\/4&#8243; offset=&#8221;vc_col-xs-10&#8243;][vc_column_text]\n<h2>Gestion des communaut\u00e9s<\/h2>\n<p> Avez-vous besoin d&#8217;une pr\u00e9sence continue sur votre cha\u00eene ? Nous pouvons vous aider \u00e0 rester au top gr\u00e2ce \u00e0 un contenu cr\u00e9atif. Nous pouvons r\u00e9diger une charte \u00e9ditoriale pour les m\u00e9dias sociaux, puis cr\u00e9er et publier le contenu pour vous.[\/vc_column_text][\/vc_column_inner][\/vc_row_inner][\/vc_column][\/vc_row][\/vc_section][vc_row thb_full_width=&#8221;true&#8221; thb_column_padding=&#8221;true&#8221; css=&#8221;.vc_custom_1536326905227{padding-top: 10vh !important;padding-bottom: 10vh !important;background-color: #f9f9f9 !important;}&#8221;][vc_column width=&#8221;1\/6&#8243;][\/vc_column][vc_column width=&#8221;2\/3&#8243;][vc_column_text]\n<h3 style=\"text-align: center;\">\u00c9tudes de cas<\/h3>\n[\/vc_column_text]\t\t<section class=\"thb-portfolio masonry row regular-padding thb-portfolio-style-style4 thb-true-aspect-  mfp-gallery\" data-loadmore=\"#loadmore-189\" data-filter=\"thb-filter-189\" data-layoutmode=\"packery\" data-thb-animation=\"thb-animate-from-bottom\" data-security=\"e52e53691e\">\n\t\t<div class=\"columns type-portfolio style4 small-12 large-6  portfolio-id-11045-69d888fb2f96e post-11045 portfolio status-publish has-post-thumbnail hentry tag-cat-digital-analytics-fr tag-cat-facebook-publicite tag-cat-seo-fr\" id=\"portfolio-11045\">\n\t<div class=\"portfolio-holder\">\n\t\t<div class=\"thb-portfolio-image\">\n\t\t\t\t\t\t<img loading=\"lazy\" decoding=\"async\" width=\"760\" height=\"700\" src=\"https:\/\/www.graaaf.com\/wordpress\/wp-content\/uploads\/2018\/05\/thumbnails_2018_2-aufil-760x700.jpg\" class=\"attachment-revolution-square-x2 size-revolution-square-x2 wp-post-image\" alt=\"\" srcset=\"https:\/\/www.graaaf.com\/wordpress\/wp-content\/uploads\/2018\/05\/thumbnails_2018_2-aufil-760x700.jpg 760w, https:\/\/www.graaaf.com\/wordpress\/wp-content\/uploads\/2018\/05\/thumbnails_2018_2-aufil-380x350.jpg 380w, https:\/\/www.graaaf.com\/wordpress\/wp-content\/uploads\/2018\/05\/thumbnails_2018_2-aufil-20x18.jpg 20w\" sizes=\"auto, (max-width: 760px) 100vw, 760px\" \/>\t\t\t<div class=\"thb-portfolio-hover\"><\/div>\n\t\t<\/div>\n\t\t<a href=\"https:\/\/www.graaaf.com\/fr\/projects\/unified-performing-online-presence\/\" class=\"thb-portfolio-link\"><\/a>\n\t\t<div class=\"thb-portfolio-content\">\n\t\t\t<h5>Un h\u00f4tel avec une pr\u00e9sence num\u00e9rique performante<\/h5>\n\t\t\t\t\t\t<svg xmlns=\"http:\/\/www.w3.org\/2000\/svg\" xmlns:xlink=\"http:\/\/www.w3.org\/1999\/xlink\" x=\"0px\" y=\"0px\"\n\t width=\"30px\" height=\"18px\" viewBox=\"0 0 30 18\" enable-background=\"new 0 0 30 18\" xml:space=\"preserve\">\n<path class=\"handle\" d=\"M20.305,16.212c-0.407,0.409-0.407,1.071,0,1.479s1.068,0.408,1.476,0l7.914-7.952c0.408-0.409,0.408-1.071,0-1.481\n\tl-7.914-7.952c-0.407-0.409-1.068-0.409-1.476,0s-0.407,1.071,0,1.48l7.185,7.221L20.305,16.212z\"\/>\n<path class=\"bar\" fill-rule=\"evenodd\" clip-rule=\"evenodd\" d=\"M1,8h28.001c0.551,0,1,0.448,1,1c0,0.553-0.449,1-1,1H1c-0.553,0-1-0.447-1-1\n\tC0,8.448,0.447,8,1,8z\"\/>\n<\/svg>\n\t\t<\/div>\n\t<\/div>\n\t\t<style>\n\t\t.portfolio-id-11045-69d888fb2f96e.style4 .thb-portfolio-hover {\n\t\t\tbackground:rgba(255,255,255,0.21);background:linear-gradient( 0deg,rgba(39,17,132,0.43),rgba(255,255,255,0.21) );\t\t}\n\t<\/style>\n\t<\/div>\n<div class=\"columns type-portfolio style4 small-12 large-6  portfolio-id-11030-69d888fb32198 post-11030 portfolio status-publish has-post-thumbnail hentry tag-cat-facebook-publicite tag-cat-google-adwords-fr tag-cat-seo-fr\" id=\"portfolio-11030\">\n\t<div class=\"portfolio-holder\">\n\t\t<div class=\"thb-portfolio-image\">\n\t\t\t\t\t\t<img loading=\"lazy\" decoding=\"async\" width=\"760\" height=\"700\" src=\"https:\/\/www.graaaf.com\/wordpress\/wp-content\/uploads\/2018\/05\/thumbnails_2018_2-initium-760x700.jpg\" class=\"attachment-revolution-square-x2 size-revolution-square-x2 wp-post-image\" alt=\"\" srcset=\"https:\/\/www.graaaf.com\/wordpress\/wp-content\/uploads\/2018\/05\/thumbnails_2018_2-initium-760x700.jpg 760w, https:\/\/www.graaaf.com\/wordpress\/wp-content\/uploads\/2018\/05\/thumbnails_2018_2-initium-380x350.jpg 380w, https:\/\/www.graaaf.com\/wordpress\/wp-content\/uploads\/2018\/05\/thumbnails_2018_2-initium-20x18.jpg 20w\" sizes=\"auto, (max-width: 760px) 100vw, 760px\" \/>\t\t\t<div class=\"thb-portfolio-hover\"><\/div>\n\t\t<\/div>\n\t\t<a href=\"https:\/\/www.graaaf.com\/fr\/projects\/marketing-en-ligne-pour-les-cours-dhorlogerie\/\" class=\"thb-portfolio-link\"><\/a>\n\t\t<div class=\"thb-portfolio-content\">\n\t\t\t<h5>Marketing en ligne pour les cours d&#8217;horlogerie<\/h5>\n\t\t\t\t\t\t<svg xmlns=\"http:\/\/www.w3.org\/2000\/svg\" xmlns:xlink=\"http:\/\/www.w3.org\/1999\/xlink\" x=\"0px\" y=\"0px\"\n\t width=\"30px\" height=\"18px\" viewBox=\"0 0 30 18\" enable-background=\"new 0 0 30 18\" xml:space=\"preserve\">\n<path class=\"handle\" d=\"M20.305,16.212c-0.407,0.409-0.407,1.071,0,1.479s1.068,0.408,1.476,0l7.914-7.952c0.408-0.409,0.408-1.071,0-1.481\n\tl-7.914-7.952c-0.407-0.409-1.068-0.409-1.476,0s-0.407,1.071,0,1.48l7.185,7.221L20.305,16.212z\"\/>\n<path class=\"bar\" fill-rule=\"evenodd\" clip-rule=\"evenodd\" d=\"M1,8h28.001c0.551,0,1,0.448,1,1c0,0.553-0.449,1-1,1H1c-0.553,0-1-0.447-1-1\n\tC0,8.448,0.447,8,1,8z\"\/>\n<\/svg>\n\t\t<\/div>\n\t<\/div>\n\t\t<style>\n\t\t.portfolio-id-11030-69d888fb32198.style4 .thb-portfolio-hover {\n\t\t\tbackground:rgba(255,255,255,0.11);background:linear-gradient( 0deg,rgba(255,255,255,0.18),rgba(255,255,255,0.11) );\t\t}\n\t<\/style>\n\t<\/div>\n\t<\/section>\n\t\n\t[\/vc_column][vc_column width=&#8221;1\/6&#8243;][\/vc_column][\/vc_row][vc_row thb_full_width=&#8221;true&#8221; css=&#8221;.vc_custom_1536931802422{padding-top: 10vh !important;padding-bottom: 10vh !important;background-color: #00fbce !important;}&#8221;][vc_column width=&#8221;1\/6&#8243;][\/vc_column][vc_column width=&#8221;2\/3&#8243;][vc_column_text]\n<p style=\"text-align: center;\"><strong>Peut-\u00eatre \u00eates-vous \u00e9galement int\u00e9ress\u00e9 par nos autres services ?<\/strong><\/p>\n<p style=\"text-align: center;\"><a href=\"https:\/\/www.graaaf.com\/fr\/services\/annonces-google\/\">Google Ads<\/a> ou l&#8217;<a href=\"https:\/\/www.graaaf.com\/fr\/services\/optimisation-des-moteurs-de-recherche-seo\/\">optimisation pour les moteurs de recherche<\/a>.<\/p>\n[\/vc_column_text][\/vc_column][vc_column width=&#8221;1\/6&#8243;][\/vc_column][\/vc_row]\n<\/div>","protected":false},"excerpt":{"rendered":"<p>[vc_row thb_full_width=&#8221;true&#8221; thb_column_padding=&#8221;true&#8221; content_placement=&#8221;middle&#8221; thb_scroll_bottom=&#8221;true&#8221; thb_scroll_bottom_style=&#8221;style3&#8243; css=&#8221;.vc_custom_1557392689648{background-color: #f9f9f9 !important;}&#8221; el_class=&#8221;services-heading&#8221;][vc_column][vc_row_inner content_placement=&#8221;middle&#8221;][vc_column_inner width=&#8221;1\/2&#8243;][vc_column_text] Publicit\u00e9 sur Facebook Vous voulez que votre contenu soit vu sur Facebook ? [\/vc_column_text][\/vc_column_inner][vc_column_inner width=&#8221;1\/2&#8243;][vc_single_image image=&#8221;8174&#8243; img_size=&#8221;large&#8221; css_animation=&#8221;fadeIn&#8221;][\/vc_column_inner][\/vc_row_inner][\/vc_column][\/vc_row][vc_section css=&#8221;.vc_custom_1557393896732{padding-top: 10vh !important;padding-bottom: 10vh !important;}&#8221;][vc_row thb_full_width=&#8221;true&#8221; thb_column_padding=&#8221;true&#8221; css=&#8221;.vc_custom_1557392506034{background-color: #ffffff !important;}&#8221;][vc_column offset=&#8221;vc_hidden-xs&#8221;][vc_row_inner][vc_column_inner width=&#8221;1\/4&#8243;][\/vc_column_inner][vc_column_inner width=&#8221;1\/2&#8243;][vc_column_text] Vous avez besoin d&#8217;une plus grande visibilit\u00e9 sur les r\u00e9seaux sociaux ?&hellip;<\/p>\n","protected":false},"author":1,"featured_media":0,"parent":10999,"menu_order":3,"comment_status":"closed","ping_status":"closed","template":"","meta":{"_acf_changed":false,"footnotes":""},"class_list":["post-11052","page","type-page","status-publish","hentry"],"acf":[],"yoast_head":"<!-- This site is optimized with the Yoast SEO plugin v27.3 - https:\/\/yoast.com\/product\/yoast-seo-wordpress\/ -->\n<title>Publicit\u00e9 Facebook - Devenez visible sur les r\u00e9seaux sociaux<\/title>\n<meta name=\"description\" content=\"Avez-vous des difficult\u00e9s \u00e0 \u00eatre visible sur les r\u00e9seaux sociaux ? La publicit\u00e9 sur Facebook peut \u00eatre une bonne solution pour atteindre un public cibl\u00e9.\" \/>\n<meta name=\"robots\" content=\"index, follow, max-snippet:-1, max-image-preview:large, max-video-preview:-1\" \/>\n<link rel=\"canonical\" href=\"https:\/\/www.graaaf.com\/fr\/services\/publicite-sur-facebook\/\" \/>\n<meta property=\"og:locale\" content=\"fr_FR\" \/>\n<meta property=\"og:type\" content=\"article\" \/>\n<meta property=\"og:title\" content=\"Publicit\u00e9 Facebook - Devenez visible sur les r\u00e9seaux sociaux\" \/>\n<meta property=\"og:description\" content=\"Avez-vous des difficult\u00e9s \u00e0 \u00eatre visible sur les r\u00e9seaux sociaux ? La publicit\u00e9 sur Facebook peut \u00eatre une bonne solution pour atteindre un public cibl\u00e9.\" \/>\n<meta property=\"og:url\" content=\"https:\/\/www.graaaf.com\/fr\/services\/publicite-sur-facebook\/\" \/>\n<meta property=\"og:site_name\" content=\"Graaaf\" \/>\n<meta property=\"article:publisher\" content=\"https:\/\/www.facebook.com\/graaafcom\" \/>\n<meta property=\"article:modified_time\" content=\"2024-08-06T16:39:03+00:00\" \/>\n<meta property=\"og:image\" content=\"https:\/\/www.graaaf.com\/wordpress\/wp-content\/uploads\/2024\/03\/header-google-ads-2x-1-scaled.jpg\" \/>\n\t<meta property=\"og:image:width\" content=\"2560\" \/>\n\t<meta property=\"og:image:height\" content=\"1431\" \/>\n\t<meta property=\"og:image:type\" content=\"image\/jpeg\" \/>\n<meta name=\"twitter:card\" content=\"summary_large_image\" \/>\n<script type=\"application\/ld+json\" class=\"yoast-schema-graph\">{\"@context\":\"https:\\\/\\\/schema.org\",\"@graph\":[{\"@type\":\"WebPage\",\"@id\":\"https:\\\/\\\/www.graaaf.com\\\/fr\\\/services\\\/publicite-sur-facebook\\\/\",\"url\":\"https:\\\/\\\/www.graaaf.com\\\/fr\\\/services\\\/publicite-sur-facebook\\\/\",\"name\":\"Publicit\u00e9 Facebook - Devenez visible sur les r\u00e9seaux sociaux\",\"isPartOf\":{\"@id\":\"https:\\\/\\\/www.graaaf.com\\\/fr\\\/#website\"},\"datePublished\":\"2024-08-06T16:39:01+00:00\",\"dateModified\":\"2024-08-06T16:39:03+00:00\",\"description\":\"Avez-vous des difficult\u00e9s \u00e0 \u00eatre visible sur les r\u00e9seaux sociaux ? La publicit\u00e9 sur Facebook peut \u00eatre une bonne solution pour atteindre un public cibl\u00e9.\",\"breadcrumb\":{\"@id\":\"https:\\\/\\\/www.graaaf.com\\\/fr\\\/services\\\/publicite-sur-facebook\\\/#breadcrumb\"},\"inLanguage\":\"fr-CH\",\"potentialAction\":[{\"@type\":\"ReadAction\",\"target\":[\"https:\\\/\\\/www.graaaf.com\\\/fr\\\/services\\\/publicite-sur-facebook\\\/\"]}]},{\"@type\":\"BreadcrumbList\",\"@id\":\"https:\\\/\\\/www.graaaf.com\\\/fr\\\/services\\\/publicite-sur-facebook\\\/#breadcrumb\",\"itemListElement\":[{\"@type\":\"ListItem\",\"position\":1,\"name\":\"Home\",\"item\":\"https:\\\/\\\/www.graaaf.com\\\/fr\\\/homepage-v4\\\/\"},{\"@type\":\"ListItem\",\"position\":2,\"name\":\"Services\",\"item\":\"https:\\\/\\\/www.graaaf.com\\\/fr\\\/services\\\/\"},{\"@type\":\"ListItem\",\"position\":3,\"name\":\"Publicit\u00e9 sur Facebook\"}]},{\"@type\":\"WebSite\",\"@id\":\"https:\\\/\\\/www.graaaf.com\\\/fr\\\/#website\",\"url\":\"https:\\\/\\\/www.graaaf.com\\\/fr\\\/\",\"name\":\"GRAAAF\",\"description\":\"A digital marketing and communication agency\",\"publisher\":{\"@id\":\"https:\\\/\\\/www.graaaf.com\\\/fr\\\/#organization\"},\"potentialAction\":[{\"@type\":\"SearchAction\",\"target\":{\"@type\":\"EntryPoint\",\"urlTemplate\":\"https:\\\/\\\/www.graaaf.com\\\/fr\\\/?s={search_term_string}\"},\"query-input\":{\"@type\":\"PropertyValueSpecification\",\"valueRequired\":true,\"valueName\":\"search_term_string\"}}],\"inLanguage\":\"fr-CH\"},{\"@type\":\"Organization\",\"@id\":\"https:\\\/\\\/www.graaaf.com\\\/fr\\\/#organization\",\"name\":\"GRAAAF\",\"url\":\"https:\\\/\\\/www.graaaf.com\\\/fr\\\/\",\"logo\":{\"@type\":\"ImageObject\",\"inLanguage\":\"fr-CH\",\"@id\":\"https:\\\/\\\/www.graaaf.com\\\/fr\\\/#\\\/schema\\\/logo\\\/image\\\/\",\"url\":\"https:\\\/\\\/www.graaaf.com\\\/wordpress\\\/wp-content\\\/uploads\\\/2018\\\/05\\\/logo-website-graaaf-2018-positif.png\",\"contentUrl\":\"https:\\\/\\\/www.graaaf.com\\\/wordpress\\\/wp-content\\\/uploads\\\/2018\\\/05\\\/logo-website-graaaf-2018-positif.png\",\"width\":341,\"height\":66,\"caption\":\"GRAAAF\"},\"image\":{\"@id\":\"https:\\\/\\\/www.graaaf.com\\\/fr\\\/#\\\/schema\\\/logo\\\/image\\\/\"},\"sameAs\":[\"https:\\\/\\\/www.facebook.com\\\/graaafcom\",\"https:\\\/\\\/www.linkedin.com\\\/company\\\/graaaf\\\/\"]}]}<\/script>\n<!-- \/ Yoast SEO plugin. -->","yoast_head_json":{"title":"Publicit\u00e9 Facebook - Devenez visible sur les r\u00e9seaux sociaux","description":"Avez-vous des difficult\u00e9s \u00e0 \u00eatre visible sur les r\u00e9seaux sociaux ? La publicit\u00e9 sur Facebook peut \u00eatre une bonne solution pour atteindre un public cibl\u00e9.","robots":{"index":"index","follow":"follow","max-snippet":"max-snippet:-1","max-image-preview":"max-image-preview:large","max-video-preview":"max-video-preview:-1"},"canonical":"https:\/\/www.graaaf.com\/fr\/services\/publicite-sur-facebook\/","og_locale":"fr_FR","og_type":"article","og_title":"Publicit\u00e9 Facebook - Devenez visible sur les r\u00e9seaux sociaux","og_description":"Avez-vous des difficult\u00e9s \u00e0 \u00eatre visible sur les r\u00e9seaux sociaux ? La publicit\u00e9 sur Facebook peut \u00eatre une bonne solution pour atteindre un public cibl\u00e9.","og_url":"https:\/\/www.graaaf.com\/fr\/services\/publicite-sur-facebook\/","og_site_name":"Graaaf","article_publisher":"https:\/\/www.facebook.com\/graaafcom","article_modified_time":"2024-08-06T16:39:03+00:00","og_image":[{"width":2560,"height":1431,"url":"https:\/\/www.graaaf.com\/wordpress\/wp-content\/uploads\/2024\/03\/header-google-ads-2x-1-scaled.jpg","type":"image\/jpeg"}],"twitter_card":"summary_large_image","schema":{"@context":"https:\/\/schema.org","@graph":[{"@type":"WebPage","@id":"https:\/\/www.graaaf.com\/fr\/services\/publicite-sur-facebook\/","url":"https:\/\/www.graaaf.com\/fr\/services\/publicite-sur-facebook\/","name":"Publicit\u00e9 Facebook - Devenez visible sur les r\u00e9seaux sociaux","isPartOf":{"@id":"https:\/\/www.graaaf.com\/fr\/#website"},"datePublished":"2024-08-06T16:39:01+00:00","dateModified":"2024-08-06T16:39:03+00:00","description":"Avez-vous des difficult\u00e9s \u00e0 \u00eatre visible sur les r\u00e9seaux sociaux ? La publicit\u00e9 sur Facebook peut \u00eatre une bonne solution pour atteindre un public cibl\u00e9.","breadcrumb":{"@id":"https:\/\/www.graaaf.com\/fr\/services\/publicite-sur-facebook\/#breadcrumb"},"inLanguage":"fr-CH","potentialAction":[{"@type":"ReadAction","target":["https:\/\/www.graaaf.com\/fr\/services\/publicite-sur-facebook\/"]}]},{"@type":"BreadcrumbList","@id":"https:\/\/www.graaaf.com\/fr\/services\/publicite-sur-facebook\/#breadcrumb","itemListElement":[{"@type":"ListItem","position":1,"name":"Home","item":"https:\/\/www.graaaf.com\/fr\/homepage-v4\/"},{"@type":"ListItem","position":2,"name":"Services","item":"https:\/\/www.graaaf.com\/fr\/services\/"},{"@type":"ListItem","position":3,"name":"Publicit\u00e9 sur Facebook"}]},{"@type":"WebSite","@id":"https:\/\/www.graaaf.com\/fr\/#website","url":"https:\/\/www.graaaf.com\/fr\/","name":"GRAAAF","description":"A digital marketing and communication agency","publisher":{"@id":"https:\/\/www.graaaf.com\/fr\/#organization"},"potentialAction":[{"@type":"SearchAction","target":{"@type":"EntryPoint","urlTemplate":"https:\/\/www.graaaf.com\/fr\/?s={search_term_string}"},"query-input":{"@type":"PropertyValueSpecification","valueRequired":true,"valueName":"search_term_string"}}],"inLanguage":"fr-CH"},{"@type":"Organization","@id":"https:\/\/www.graaaf.com\/fr\/#organization","name":"GRAAAF","url":"https:\/\/www.graaaf.com\/fr\/","logo":{"@type":"ImageObject","inLanguage":"fr-CH","@id":"https:\/\/www.graaaf.com\/fr\/#\/schema\/logo\/image\/","url":"https:\/\/www.graaaf.com\/wordpress\/wp-content\/uploads\/2018\/05\/logo-website-graaaf-2018-positif.png","contentUrl":"https:\/\/www.graaaf.com\/wordpress\/wp-content\/uploads\/2018\/05\/logo-website-graaaf-2018-positif.png","width":341,"height":66,"caption":"GRAAAF"},"image":{"@id":"https:\/\/www.graaaf.com\/fr\/#\/schema\/logo\/image\/"},"sameAs":["https:\/\/www.facebook.com\/graaafcom","https:\/\/www.linkedin.com\/company\/graaaf\/"]}]}},"_links":{"self":[{"href":"https:\/\/www.graaaf.com\/fr\/wp-json\/wp\/v2\/pages\/11052","targetHints":{"allow":["GET"]}}],"collection":[{"href":"https:\/\/www.graaaf.com\/fr\/wp-json\/wp\/v2\/pages"}],"about":[{"href":"https:\/\/www.graaaf.com\/fr\/wp-json\/wp\/v2\/types\/page"}],"author":[{"embeddable":true,"href":"https:\/\/www.graaaf.com\/fr\/wp-json\/wp\/v2\/users\/1"}],"replies":[{"embeddable":true,"href":"https:\/\/www.graaaf.com\/fr\/wp-json\/wp\/v2\/comments?post=11052"}],"version-history":[{"count":0,"href":"https:\/\/www.graaaf.com\/fr\/wp-json\/wp\/v2\/pages\/11052\/revisions"}],"up":[{"embeddable":true,"href":"https:\/\/www.graaaf.com\/fr\/wp-json\/wp\/v2\/pages\/10999"}],"wp:attachment":[{"href":"https:\/\/www.graaaf.com\/fr\/wp-json\/wp\/v2\/media?parent=11052"}],"curies":[{"name":"wp","href":"https:\/\/api.w.org\/{rel}","templated":true}]}}