{"id":11205,"date":"2024-08-07T17:03:13","date_gmt":"2024-08-07T15:03:13","guid":{"rendered":"https:\/\/www.graaaf.com\/projets\/"},"modified":"2026-03-16T16:30:40","modified_gmt":"2026-03-16T15:30:40","slug":"projets","status":"publish","type":"page","link":"https:\/\/www.graaaf.com\/fr\/projets\/","title":{"rendered":"Projets"},"content":{"rendered":"<div class=\"wpb-content-wrapper\">[vc_row thb_full_width=&#8221;true&#8221; thb_column_padding=&#8221;true&#8221; el_class=&#8221;portfolio-heading&#8221;][vc_column][vc_row_inner][vc_column_inner][vc_column_text]\n<h1 style=\"text-align: left;\">Projets<\/h1>\n<h2 style=\"text-align: left;\">Quelques-uns des projets sur lesquels nous avons travaill\u00e9<\/h2>\n[\/vc_column_text][vc_empty_space][vc_empty_space][vc_column_text css=&#8221;&#8221; el_class=&#8221;portfolio-project-list&#8221;]\n<ul>\n<li><a href=\"https:\/\/www.graaaf.com\/fr\/projects\/developper-une-marketplace-avec-du-seo-programmatique\/\">D\u00e9velopper une place de march\u00e9 avec le r\u00e9f\u00e9rencement programmatique <span class=\"brand\">Lumo Houses<\/span><\/a><\/li>\n<li><a href=\"https:\/\/www.graaaf.com\/fr\/projects\/site-web-solaire-bale\/\">Site web pour un installateur solaire <span class=\"brand\">REI Solar<\/span><\/a><\/li>\n<li><a href=\"https:\/\/www.graaaf.com\/fr\/projects\/medtech-pharma-website-design-basel\/\">Site web technique pour une startup de medtech <span class=\"brand\">EqVita AG<\/span><\/a><\/li>\n<li><a href=\"https:\/\/www.graaaf.com\/fr\/projects\/fusionner-une-boutique-woocommerce-et-une-boutique-shopify\/\">Fusionner une boutique WooCommerce et une boutique Shopify <span class=\"brand\">Kambium Kyburz<\/span><\/a><\/li>\n<li><a href=\"https:\/\/www.graaaf.com\/fr\/projects\/un-configurateur-de-montre-3d-personnalise\/\">Un configurateur de montres 3D personnalis\u00e9 <span class=\"brand\">Initium<\/span><\/a><\/li>\n<li><a href=\"https:\/\/www.graaaf.com\/fr\/projects\/communication-numerique-et-renforcement-de-la-communaute\/\">Amplifier une communaut\u00e9 en ligne forte <span class=\"brand\">Museomix<\/span><\/a><\/li>\n<li><a href=\"https:\/\/www.graaaf.com\/fr\/projects\/marketing-en-ligne-pour-les-cours-dhorlogerie\/\">Marketing en ligne pour les cours d&#8217;horlogerie <span class=\"brand\">Initium<\/span><\/a><\/li>\n<li><a href=\"https:\/\/www.graaaf.com\/fr\/projects\/un-hotel-avec-une-presence-numerique-performante\/\">H\u00f4tel avec une pr\u00e9sence num\u00e9rique performante <span class=\"brand\">Au fil de l&#8217;Eau<\/span><\/a><\/li>\n<li><a href=\"https:\/\/www.graaaf.com\/fr\/projects\/audit-de-la-presence-numerique-des-theatres-suisses\/\">Rapport sur l&#8217;\u00e9tat du num\u00e9rique pour les cin\u00e9mas suisses <span class=\"brand\">Personnal<\/span><\/a><\/li>\n<li><a href=\"https:\/\/www.graaaf.com\/fr\/projects\/une-plateforme-de-collecte-de-fonds-pour-une-ong-suisse\/\">Plate-forme de collecte de fonds pour l&#8217;ONG suisse <span class=\"brand\">Terre des hommes<\/span><\/a><\/li>\n<li><a href=\"https:\/\/www.graaaf.com\/fr\/projects\/video-promotionnelle-dentreprise\/\">Vid\u00e9o d&#8217;entreprise pour un institut de recherche sur les m\u00e9dicaments <span class=\"brand\">CHDR<\/span><\/a><\/li>\n<li><a href=\"https:\/\/www.graaaf.com\/fr\/projects\/podcast-video-sur-le-theme-du-developpement-durable\/\">Cr\u00e9ation d&#8217;un podcast vid\u00e9o sur le d\u00e9veloppement durable <span class=\"brand\">Caf\u00e9 Vert TV<\/span><\/a><\/li>\n<\/ul>\n[\/vc_column_text][\/vc_column_inner][\/vc_row_inner][\/vc_column][\/vc_row][vc_row thb_full_width=&#8221;true&#8221; css=&#8221;.vc_custom_1539253205367{padding-top: 10vh !important;padding-bottom: 10vh !important;background-color: #f9f9f9 !important;}&#8221; el_class=&#8221;portfolio-project-list&#8221;][vc_column][\/vc_column][\/vc_row][vc_row thb_full_width=&#8221;true&#8221; css=&#8221;.vc_custom_1726759405573{padding-top: 10vh !important;padding-bottom: 10vh !important;background-color: #00fbce !important;}&#8221; el_class=&#8221;portfolio-project-list&#8221;][vc_column width=&#8221;1\/6&#8243;][\/vc_column][vc_column width=&#8221;2\/3&#8243;]\t<div id=\"thb-testimonials-69e1a87a99893\" class=\"thb-testimonials thb-testimonial-style7 thb-carousel style7   \" data-columns=\"1\" data-pagination=\"true\" data-navigation=\"false\"\n\t\t\t\t\t\t data-autoplay=\"\" data-autoplay-speed=\"4000\" data-fade=\"true\" data-adaptive=\"false\">\n\t\t\t<div class=\"small-12  columns\">\n\t\t\t\t\t\t\t<div class=\"thb-testimonial \">\n\t\t\t\t\t\t\t\t\t\t\t\t\t\t\t\t\t\t\t\t\t\t\t\t<blockquote><p>Un grand pas en avant r\u00e9alis\u00e9 en grande partie gr\u00e2ce \u00e0 notre directeur technique Yann Graf, qui a g\u00e9r\u00e9 ce projet en interne d&#039;une main de ma\u00eetre.<\/p>\n<\/blockquote>\n\t\t\t\t\t\t\t\t\t\t\t\t\t\t\t\t\t\t\t\t<div class=\"testimonial-author\">\n\t\t\t\t\t\t\t\t\t\t\t\t\t\t\t\t\t<cite>Mathieu Gigandet<\/cite>\n\t\t\t\t\t\t\t\t\t\t\t\t\t\t\t\t<span class=\"title\">PDG d&#039;Initium Watches<\/span>\n\t\t\t\t\t\t\t<\/div>\n\t\t\t\t\t\t\t\t\t\t\t<\/div>\n\t\t\t<\/div>\n\n\t\t<div class=\"small-12  columns\">\n\t\t\t\t\t\t\t<div class=\"thb-testimonial \">\n\t\t\t\t\t\t\t\t\t\t\t\t\t\t\t\t\t\t\t\t\t\t\t\t<blockquote><p>GRAAAF nous a aid\u00e9 dans notre strat\u00e9gie num\u00e9rique et nous pouvons toujours compter sur leur expertise et leur exp\u00e9rience pour nous aider rapidement. Si vous avez besoin d&#039;aide en mati\u00e8re de marketing en ligne, ne cherchez pas plus loin. Nous vous recommandons vivement de faire appel \u00e0 GRAAAF !  <\/p>\n<\/blockquote>\n\t\t\t\t\t\t\t\t\t\t\t\t\t\t\t\t\t\t\t\t<div class=\"testimonial-author\">\n\t\t\t\t\t\t\t\t\t\t\t\t\t\t\t\t\t<cite>Ren\u00e9 de Ruijter<\/cite>\n\t\t\t\t\t\t\t\t\t\t\t\t\t\t\t\t<span class=\"title\">Fondateur de Hatrabbits<\/span>\n\t\t\t\t\t\t\t<\/div>\n\t\t\t\t\t\t\t\t\t\t\t<\/div>\n\t\t\t<\/div>\n\n\t\t<div class=\"small-12  columns\">\n\t\t\t\t\t\t\t<div class=\"thb-testimonial \">\n\t\t\t\t\t\t\t\t\t\t\t\t\t\t\t\t\t\t\t\t\t\t\t\t<blockquote><p>C&#039;est un grand plaisir de travailler avec Yann ! Que ce soit pour le marketing digital ou pour l&#039;identit\u00e9 visuelle du site web de mon entreprise, il est toujours tr\u00e8s \u00e0 l&#039;\u00e9coute et donne des conseils avis\u00e9s ! Je le recommande vivement !  <\/p>\n<\/blockquote>\n\t\t\t\t\t\t\t\t\t\t\t\t\t\t\t\t\t\t\t\t<div class=\"testimonial-author\">\n\t\t\t\t\t\t\t\t\t\t\t\t\t\t\t\t\t<cite>Rapha\u00ebl Gubinelli<\/cite>\n\t\t\t\t\t\t\t\t\t\t\t\t\t\t\t\t<span class=\"title\">Directeur g\u00e9n\u00e9ral d&#039;Erregi<\/span>\n\t\t\t\t\t\t\t<\/div>\n\t\t\t\t\t\t\t\t\t\t\t<\/div>\n\t\t\t<\/div>\n\n\t\t<\/div>\n\t[\/vc_column][vc_column width=&#8221;1\/6&#8243;][\/vc_column][\/vc_row][vc_section full_width=&#8221;stretch_row&#8221; css=&#8221;.vc_custom_1726761733249{padding-top: 100px !important;background-position: center !important;background-repeat: no-repeat !important;background-size: cover !important;}&#8221;][vc_row thb_row_padding=&#8221;true&#8221; css=&#8221;.vc_custom_1725893797777{margin-top: 0px !important;margin-bottom: 0px !important;padding-top: 0px !important;padding-right: 0px !important;padding-bottom: 0px !important;padding-left: 0px !important;}&#8221;][vc_column css=&#8221;.vc_custom_1725887639384{margin-top: 0px !important;margin-right: 0px !important;margin-bottom: 0px !important;margin-left: 0px !important;border-top-width: 0px !important;border-right-width: 0px !important;border-bottom-width: 0px !important;border-left-width: 0px !important;padding-top: 0px !important;padding-right: 0px !important;padding-bottom: 0px !important;padding-left: 0px !important;}&#8221;][vc_column_text css=&#8221;&#8221;]\n<h2 style=\"text-align: left;\">Plus de projets<\/h2>\n[\/vc_column_text][\/vc_column][\/vc_row][vc_row thb_row_padding=&#8221;true&#8221; css=&#8221;.vc_custom_1726761518071{margin-top: 0px !important;margin-bottom: 150px !important;padding-top: 0px !important;padding-right: 0px !important;padding-bottom: 0px !important;padding-left: 0px !important;}&#8221;][vc_column width=&#8221;1\/3&#8243; css=&#8221;.vc_custom_1726761381566{margin-top: 0px !important;margin-right: 20px !important;margin-bottom: 0px !important;margin-left: 0px !important;border-top-width: 1px !important;border-right-width: 1px !important;border-bottom-width: 1px !important;border-left-width: 1px !important;padding-top: 30px !important;padding-right: 30px !important;padding-bottom: 30px !important;padding-left: 30px !important;border-left-style: solid !important;border-right-style: solid !important;border-top-style: solid !important;border-bottom-style: solid !important;border-color: #0a0a0a !important;}&#8221;][vc_column_text css=&#8221;&#8221;]\n<h3 style=\"text-align: left;\">Immobilier<\/h3>\n<p style=\"text-align: left;\">Cr\u00e9ation de pages programmatiques et de contenu \u00e0 forte autorit\u00e9 pour g\u00e9n\u00e9rer un trafic de recherche pertinent.<\/p>\n[\/vc_column_text][vc_column_text css=&#8221;&#8221;]\n<h2>2 mio<\/h2>\n<p>Impressions g\u00e9n\u00e9r\u00e9es[\/vc_column_text][\/vc_column][vc_column width=&#8221;1\/3&#8243; css=&#8221;.vc_custom_1726761476948{border-top-width: 1px !important;border-right-width: 1px !important;border-bottom-width: 1px !important;border-left-width: 1px !important;padding-top: 30px !important;padding-right: 30px !important;padding-bottom: 30px !important;padding-left: 30px !important;border-left-style: solid !important;border-right-style: solid !important;border-top-style: solid !important;border-bottom-style: solid !important;border-color: #140651 !important;}&#8221;][vc_column_text css=&#8221;&#8221;]\n<h3 style=\"text-align: left;\">Secteur du divertissement<\/h3>\n<p style=\"text-align: left;\">Am\u00e9lioration de la structure des donn\u00e9es et des liens internes d&#8217;un site web complexe.<\/p>\n[\/vc_column_text][vc_column_text css=&#8221;&#8221;]\n<h2>3x<\/h2>\n<p>Trafic organique[\/vc_column_text][\/vc_column][vc_column width=&#8221;1\/3&#8243; css=&#8221;.vc_custom_1726761497648{border-top-width: 1px !important;border-right-width: 1px !important;border-bottom-width: 1px !important;border-left-width: 1px !important;padding-top: 30px !important;padding-right: 30px !important;padding-bottom: 30px !important;padding-left: 30px !important;border-left-style: solid !important;border-right-style: solid !important;border-top-style: solid !important;border-bottom-style: solid !important;border-color: #140651 !important;}&#8221;][vc_column_text css=&#8221;&#8221;]\n<h3 style=\"text-align: left;\">Coaching<\/h3>\n<p style=\"text-align: left;\">Augmentation du temps de chargement d&#8217;un site web, optimisation de la vitesse. Compl\u00e9t\u00e9 par une recherche de mots-cl\u00e9s. <\/p>\n[\/vc_column_text][vc_column_text css=&#8221;&#8221;]\n<h2>100%<\/h2>\n<p>Score de performance[\/vc_column_text][\/vc_column][\/vc_row][\/vc_section][vc_row thb_full_width=&#8221;true&#8221; thb_row_padding=&#8221;true&#8221; thb_column_padding=&#8221;true&#8221; parallax=&#8221;content-moving-fade&#8221; css=&#8221;.vc_custom_1726763115992{padding-top: 200px !important;padding-bottom: 200px !important;}&#8221; el_class=&#8221;box-clients&#8221;][vc_column][vc_row_inner][vc_column_inner][vc_column_text animation=&#8221;animation fade-in&#8221;]\n<h3>Nos clients<\/h3>\n[\/vc_column_text][\/vc_column_inner][\/vc_row_inner][vc_row_inner][vc_column_inner el_class=&#8221;box-clients-list&#8221; width=&#8221;1\/3&#8243;][vc_column_text]G-Star[\/vc_column_text][vc_column_text]EuroAirport[\/vc_column_text][vc_column_text]Universit\u00e9 de Gen\u00e8ve[\/vc_column_text][vc_column_text]Verkehrsbetriebe Luzern[\/vc_column_text][vc_column_text]<a href=\"https:\/\/www.graaaf.com\/fr\/projects\/communication-numerique-et-renforcement-de-la-communaute\/\">Museomix <\/a><a href=\"https:\/\/www.graaaf.com\/fr\/projects\/communication-numerique-et-renforcement-de-la-communaute\/\"><img loading=\"lazy\" decoding=\"async\" class=\"alignnone wp-image-8155\" src=\"https:\/\/www.graaaf.com\/wordpress\/wp-content\/uploads\/2018\/08\/invader-arrow-light.png\" alt=\"Fl\u00e8che vers la droite\" width=\"16\" height=\"11\"><\/a>[\/vc_column_text][vc_column_text]<a href=\"https:\/\/www.graaaf.com\/fr\/projects\/une-plateforme-de-collecte-de-fonds-pour-une-ong-suisse\/\">Terre des hommes <\/a><a href=\"https:\/\/www.graaaf.com\/fr\/projects\/une-plateforme-de-collecte-de-fonds-pour-une-ong-suisse\/\"><img loading=\"lazy\" decoding=\"async\" class=\"alignnone wp-image-8155\" src=\"https:\/\/www.graaaf.com\/wordpress\/wp-content\/uploads\/2018\/08\/invader-arrow-light.png\" alt=\"Fl\u00e8che vers la droite\" width=\"16\" height=\"11\"><\/a>[\/vc_column_text][vc_column_text]Kookut[\/vc_column_text][\/vc_column_inner][vc_column_inner el_class=&#8221;box-clients-list&#8221; width=&#8221;1\/3&#8243; offset=&#8221;vc_hidden-xs&#8221;][vc_column_text]Roxy Theater[\/vc_column_text][vc_column_text]Fluxdock[\/vc_column_text][vc_column_text]Indiz[\/vc_column_text][vc_column_text]Kyburz Made[\/vc_column_text][vc_column_text]Equilibre Nuithonie[\/vc_column_text][vc_column_text]Mietsh\u00e4user Syndikat[\/vc_column_text][vc_column_text]Reactis[\/vc_column_text][\/vc_column_inner][vc_column_inner el_class=&#8221;box-clients-list&#8221; width=&#8221;1\/3&#8243;][vc_column_text]<a href=\"https:\/\/www.graaaf.com\/fr\/projects\/un-configurateur-de-montre-3d-personnalise\/\">Initium <\/a><a href=\"https:\/\/www.graaaf.com\/fr\/projects\/marketing-en-ligne-pour-les-cours-dhorlogerie\/\"><img loading=\"lazy\" decoding=\"async\" class=\"alignnone wp-image-8155\" src=\"https:\/\/www.graaaf.com\/wordpress\/wp-content\/uploads\/2018\/08\/invader-arrow-light.png\" alt=\"Fl\u00e8che vers la droite\" width=\"16\" height=\"11\"><\/a>[\/vc_column_text][vc_column_text]Web Essentials[\/vc_column_text][vc_column_text]Teeshirt Lowrider[\/vc_column_text][vc_column_text]<a href=\"https:\/\/www.graaaf.com\/fr\/projects\/video-promotionnelle-dentreprise\/\">Center for Human Drug Research <\/a><a href=\"https:\/\/www.graaaf.com\/fr\/projects\/video-promotionnelle-dentreprise\/\"><img loading=\"lazy\" decoding=\"async\" class=\"alignnone wp-image-8155\" src=\"https:\/\/www.graaaf.com\/wordpress\/wp-content\/uploads\/2018\/08\/invader-arrow-light.png\" alt=\"Fl\u00e8che vers la droite\" width=\"16\" height=\"11\"><\/a>[\/vc_column_text][vc_column_text]Tetra Pack[\/vc_column_text][vc_column_text]REI Solar Investments[\/vc_column_text][vc_column_text]United Security Providers[\/vc_column_text][\/vc_column_inner][\/vc_row_inner][\/vc_column][\/vc_row][vc_section el_id=&#8221;leadform&#8221; css=&#8221;.vc_custom_1725982561652{background-color: #e8fffb !important;}&#8221;][vc_row css=&#8221;.vc_custom_1725982709935{padding-top: 10vh !important;padding-bottom: 6vh !important;}&#8221;][vc_column width=&#8221;1\/6&#8243;][\/vc_column][vc_column width=&#8221;2\/3&#8243;][vc_column_text css=&#8221;&#8221;]\n<h2>Obtenez plus d&#8217;\u00e9tudes de cas<\/h2>\n<p>Nous ne pouvons pas montrer publiquement tous nos projets. Mais nous pouvons vous les envoyer par e-mail ;)[\/vc_column_text][vc_btn title=&#8221;Obtenez les \u00e9tudes de cas&#8221; shape=&#8221;square&#8221; color=&#8221;info&#8221; size=&#8221;lg&#8221; css=&#8221;&#8221; link=&#8221;url:https%3A%2F%2Fwww.graaaf.com%2Ffr%2Fcontact%2F|title:Contact|&#8221;][\/vc_column][vc_column width=&#8221;1\/6&#8243;][\/vc_column][\/vc_row][\/vc_section]\n<\/div>","protected":false},"excerpt":{"rendered":"<p>[vc_row thb_full_width=&#8221;true&#8221; thb_column_padding=&#8221;true&#8221; el_class=&#8221;portfolio-heading&#8221;][vc_column][vc_row_inner][vc_column_inner][vc_column_text] Projets Quelques-uns des projets sur lesquels nous avons travaill\u00e9 [\/vc_column_text][vc_empty_space][vc_empty_space][vc_column_text css=&#8221;&#8221; el_class=&#8221;portfolio-project-list&#8221;] D\u00e9velopper une place de march\u00e9 avec le r\u00e9f\u00e9rencement programmatique Lumo Houses Site web pour un installateur solaire REI Solar Site web technique pour une startup de medtech EqVita AG Fusionner une boutique WooCommerce et une boutique Shopify Kambium Kyburz&hellip;<\/p>\n","protected":false},"author":1,"featured_media":0,"parent":0,"menu_order":3,"comment_status":"closed","ping_status":"closed","template":"","meta":{"_acf_changed":false,"footnotes":""},"class_list":["post-11205","page","type-page","status-publish","hentry"],"acf":[],"yoast_head":"<!-- This site is optimized with the Yoast SEO plugin v27.4 - https:\/\/yoast.com\/product\/yoast-seo-wordpress\/ -->\n<title>Travail et portfolio - Yann Graf - Consultant en strat\u00e9gie num\u00e9rique<\/title>\n<meta name=\"description\" content=\"Analyser votre parcours client, d\u00e9finir une architecture de l&#039;information Construire rapidement un prototype de votre id\u00e9e ou de votre campagne pour la tester\" \/>\n<meta name=\"robots\" content=\"index, follow, max-snippet:-1, max-image-preview:large, max-video-preview:-1\" \/>\n<link rel=\"canonical\" href=\"https:\/\/www.graaaf.com\/fr\/projets\/\" \/>\n<meta property=\"og:locale\" content=\"fr_FR\" \/>\n<meta property=\"og:type\" content=\"article\" \/>\n<meta property=\"og:title\" content=\"Travail et portfolio - Yann Graf - Consultant en strat\u00e9gie num\u00e9rique\" \/>\n<meta property=\"og:description\" content=\"Analyser votre parcours client, d\u00e9finir une architecture de l&#039;information Construire rapidement un prototype de votre id\u00e9e ou de votre campagne pour la tester\" \/>\n<meta property=\"og:url\" content=\"https:\/\/www.graaaf.com\/fr\/projets\/\" \/>\n<meta property=\"og:site_name\" content=\"Graaaf\" \/>\n<meta property=\"article:publisher\" content=\"https:\/\/www.facebook.com\/graaafcom\" \/>\n<meta property=\"article:modified_time\" content=\"2026-03-16T15:30:40+00:00\" \/>\n<meta property=\"og:image\" content=\"https:\/\/www.graaaf.com\/wordpress\/wp-content\/uploads\/2018\/08\/invader-arrow-light.png\" \/>\n\t<meta property=\"og:image:width\" content=\"88\" \/>\n\t<meta property=\"og:image:height\" content=\"60\" \/>\n\t<meta property=\"og:image:type\" content=\"image\/png\" \/>\n<meta name=\"twitter:card\" content=\"summary_large_image\" \/>\n<script type=\"application\/ld+json\" class=\"yoast-schema-graph\">{\"@context\":\"https:\\\/\\\/schema.org\",\"@graph\":[{\"@type\":\"WebPage\",\"@id\":\"https:\\\/\\\/www.graaaf.com\\\/fr\\\/projets\\\/\",\"url\":\"https:\\\/\\\/www.graaaf.com\\\/fr\\\/projets\\\/\",\"name\":\"Travail et portfolio - Yann Graf - Consultant en strat\u00e9gie num\u00e9rique\",\"isPartOf\":{\"@id\":\"https:\\\/\\\/www.graaaf.com\\\/fr\\\/#website\"},\"primaryImageOfPage\":{\"@id\":\"https:\\\/\\\/www.graaaf.com\\\/fr\\\/projets\\\/#primaryimage\"},\"image\":{\"@id\":\"https:\\\/\\\/www.graaaf.com\\\/fr\\\/projets\\\/#primaryimage\"},\"thumbnailUrl\":\"https:\\\/\\\/www.graaaf.com\\\/wordpress\\\/wp-content\\\/uploads\\\/2018\\\/08\\\/invader-arrow-light.png\",\"datePublished\":\"2024-08-07T15:03:13+00:00\",\"dateModified\":\"2026-03-16T15:30:40+00:00\",\"description\":\"Analyser votre parcours client, d\u00e9finir une architecture de l'information Construire rapidement un prototype de votre id\u00e9e ou de votre campagne pour la tester\",\"breadcrumb\":{\"@id\":\"https:\\\/\\\/www.graaaf.com\\\/fr\\\/projets\\\/#breadcrumb\"},\"inLanguage\":\"fr-CH\",\"potentialAction\":[{\"@type\":\"ReadAction\",\"target\":[\"https:\\\/\\\/www.graaaf.com\\\/fr\\\/projets\\\/\"]}]},{\"@type\":\"ImageObject\",\"inLanguage\":\"fr-CH\",\"@id\":\"https:\\\/\\\/www.graaaf.com\\\/fr\\\/projets\\\/#primaryimage\",\"url\":\"https:\\\/\\\/www.graaaf.com\\\/wordpress\\\/wp-content\\\/uploads\\\/2018\\\/08\\\/invader-arrow-light.png\",\"contentUrl\":\"https:\\\/\\\/www.graaaf.com\\\/wordpress\\\/wp-content\\\/uploads\\\/2018\\\/08\\\/invader-arrow-light.png\"},{\"@type\":\"BreadcrumbList\",\"@id\":\"https:\\\/\\\/www.graaaf.com\\\/fr\\\/projets\\\/#breadcrumb\",\"itemListElement\":[{\"@type\":\"ListItem\",\"position\":1,\"name\":\"Home\",\"item\":\"https:\\\/\\\/www.graaaf.com\\\/fr\\\/homepage-v4\\\/\"},{\"@type\":\"ListItem\",\"position\":2,\"name\":\"Projets\"}]},{\"@type\":\"WebSite\",\"@id\":\"https:\\\/\\\/www.graaaf.com\\\/fr\\\/#website\",\"url\":\"https:\\\/\\\/www.graaaf.com\\\/fr\\\/\",\"name\":\"GRAAAF\",\"description\":\"A digital marketing and communication agency\",\"publisher\":{\"@id\":\"https:\\\/\\\/www.graaaf.com\\\/fr\\\/#organization\"},\"potentialAction\":[{\"@type\":\"SearchAction\",\"target\":{\"@type\":\"EntryPoint\",\"urlTemplate\":\"https:\\\/\\\/www.graaaf.com\\\/fr\\\/?s={search_term_string}\"},\"query-input\":{\"@type\":\"PropertyValueSpecification\",\"valueRequired\":true,\"valueName\":\"search_term_string\"}}],\"inLanguage\":\"fr-CH\"},{\"@type\":\"Organization\",\"@id\":\"https:\\\/\\\/www.graaaf.com\\\/fr\\\/#organization\",\"name\":\"GRAAAF\",\"url\":\"https:\\\/\\\/www.graaaf.com\\\/fr\\\/\",\"logo\":{\"@type\":\"ImageObject\",\"inLanguage\":\"fr-CH\",\"@id\":\"https:\\\/\\\/www.graaaf.com\\\/fr\\\/#\\\/schema\\\/logo\\\/image\\\/\",\"url\":\"https:\\\/\\\/www.graaaf.com\\\/wordpress\\\/wp-content\\\/uploads\\\/2018\\\/05\\\/logo-website-graaaf-2018-positif.png\",\"contentUrl\":\"https:\\\/\\\/www.graaaf.com\\\/wordpress\\\/wp-content\\\/uploads\\\/2018\\\/05\\\/logo-website-graaaf-2018-positif.png\",\"width\":341,\"height\":66,\"caption\":\"GRAAAF\"},\"image\":{\"@id\":\"https:\\\/\\\/www.graaaf.com\\\/fr\\\/#\\\/schema\\\/logo\\\/image\\\/\"},\"sameAs\":[\"https:\\\/\\\/www.facebook.com\\\/graaafcom\",\"https:\\\/\\\/www.linkedin.com\\\/company\\\/graaaf\\\/\"]}]}<\/script>\n<!-- \/ Yoast SEO plugin. -->","yoast_head_json":{"title":"Travail et portfolio - Yann Graf - Consultant en strat\u00e9gie num\u00e9rique","description":"Analyser votre parcours client, d\u00e9finir une architecture de l'information Construire rapidement un prototype de votre id\u00e9e ou de votre campagne pour la tester","robots":{"index":"index","follow":"follow","max-snippet":"max-snippet:-1","max-image-preview":"max-image-preview:large","max-video-preview":"max-video-preview:-1"},"canonical":"https:\/\/www.graaaf.com\/fr\/projets\/","og_locale":"fr_FR","og_type":"article","og_title":"Travail et portfolio - Yann Graf - Consultant en strat\u00e9gie num\u00e9rique","og_description":"Analyser votre parcours client, d\u00e9finir une architecture de l'information Construire rapidement un prototype de votre id\u00e9e ou de votre campagne pour la tester","og_url":"https:\/\/www.graaaf.com\/fr\/projets\/","og_site_name":"Graaaf","article_publisher":"https:\/\/www.facebook.com\/graaafcom","article_modified_time":"2026-03-16T15:30:40+00:00","og_image":[{"width":88,"height":60,"url":"https:\/\/www.graaaf.com\/wordpress\/wp-content\/uploads\/2018\/08\/invader-arrow-light.png","type":"image\/png"}],"twitter_card":"summary_large_image","schema":{"@context":"https:\/\/schema.org","@graph":[{"@type":"WebPage","@id":"https:\/\/www.graaaf.com\/fr\/projets\/","url":"https:\/\/www.graaaf.com\/fr\/projets\/","name":"Travail et portfolio - Yann Graf - Consultant en strat\u00e9gie num\u00e9rique","isPartOf":{"@id":"https:\/\/www.graaaf.com\/fr\/#website"},"primaryImageOfPage":{"@id":"https:\/\/www.graaaf.com\/fr\/projets\/#primaryimage"},"image":{"@id":"https:\/\/www.graaaf.com\/fr\/projets\/#primaryimage"},"thumbnailUrl":"https:\/\/www.graaaf.com\/wordpress\/wp-content\/uploads\/2018\/08\/invader-arrow-light.png","datePublished":"2024-08-07T15:03:13+00:00","dateModified":"2026-03-16T15:30:40+00:00","description":"Analyser votre parcours client, d\u00e9finir une architecture de l'information Construire rapidement un prototype de votre id\u00e9e ou de votre campagne pour la tester","breadcrumb":{"@id":"https:\/\/www.graaaf.com\/fr\/projets\/#breadcrumb"},"inLanguage":"fr-CH","potentialAction":[{"@type":"ReadAction","target":["https:\/\/www.graaaf.com\/fr\/projets\/"]}]},{"@type":"ImageObject","inLanguage":"fr-CH","@id":"https:\/\/www.graaaf.com\/fr\/projets\/#primaryimage","url":"https:\/\/www.graaaf.com\/wordpress\/wp-content\/uploads\/2018\/08\/invader-arrow-light.png","contentUrl":"https:\/\/www.graaaf.com\/wordpress\/wp-content\/uploads\/2018\/08\/invader-arrow-light.png"},{"@type":"BreadcrumbList","@id":"https:\/\/www.graaaf.com\/fr\/projets\/#breadcrumb","itemListElement":[{"@type":"ListItem","position":1,"name":"Home","item":"https:\/\/www.graaaf.com\/fr\/homepage-v4\/"},{"@type":"ListItem","position":2,"name":"Projets"}]},{"@type":"WebSite","@id":"https:\/\/www.graaaf.com\/fr\/#website","url":"https:\/\/www.graaaf.com\/fr\/","name":"GRAAAF","description":"A digital marketing and communication agency","publisher":{"@id":"https:\/\/www.graaaf.com\/fr\/#organization"},"potentialAction":[{"@type":"SearchAction","target":{"@type":"EntryPoint","urlTemplate":"https:\/\/www.graaaf.com\/fr\/?s={search_term_string}"},"query-input":{"@type":"PropertyValueSpecification","valueRequired":true,"valueName":"search_term_string"}}],"inLanguage":"fr-CH"},{"@type":"Organization","@id":"https:\/\/www.graaaf.com\/fr\/#organization","name":"GRAAAF","url":"https:\/\/www.graaaf.com\/fr\/","logo":{"@type":"ImageObject","inLanguage":"fr-CH","@id":"https:\/\/www.graaaf.com\/fr\/#\/schema\/logo\/image\/","url":"https:\/\/www.graaaf.com\/wordpress\/wp-content\/uploads\/2018\/05\/logo-website-graaaf-2018-positif.png","contentUrl":"https:\/\/www.graaaf.com\/wordpress\/wp-content\/uploads\/2018\/05\/logo-website-graaaf-2018-positif.png","width":341,"height":66,"caption":"GRAAAF"},"image":{"@id":"https:\/\/www.graaaf.com\/fr\/#\/schema\/logo\/image\/"},"sameAs":["https:\/\/www.facebook.com\/graaafcom","https:\/\/www.linkedin.com\/company\/graaaf\/"]}]}},"_links":{"self":[{"href":"https:\/\/www.graaaf.com\/fr\/wp-json\/wp\/v2\/pages\/11205","targetHints":{"allow":["GET"]}}],"collection":[{"href":"https:\/\/www.graaaf.com\/fr\/wp-json\/wp\/v2\/pages"}],"about":[{"href":"https:\/\/www.graaaf.com\/fr\/wp-json\/wp\/v2\/types\/page"}],"author":[{"embeddable":true,"href":"https:\/\/www.graaaf.com\/fr\/wp-json\/wp\/v2\/users\/1"}],"replies":[{"embeddable":true,"href":"https:\/\/www.graaaf.com\/fr\/wp-json\/wp\/v2\/comments?post=11205"}],"version-history":[{"count":0,"href":"https:\/\/www.graaaf.com\/fr\/wp-json\/wp\/v2\/pages\/11205\/revisions"}],"wp:attachment":[{"href":"https:\/\/www.graaaf.com\/fr\/wp-json\/wp\/v2\/media?parent=11205"}],"curies":[{"name":"wp","href":"https:\/\/api.w.org\/{rel}","templated":true}]}}