{"id":11733,"date":"2024-09-16T13:23:50","date_gmt":"2024-09-16T11:23:50","guid":{"rendered":"https:\/\/www.graaaf.com\/contact\/"},"modified":"2026-01-22T11:05:31","modified_gmt":"2026-01-22T10:05:31","slug":"contact","status":"publish","type":"page","link":"https:\/\/www.graaaf.com\/fr\/contact\/","title":{"rendered":"Contact"},"content":{"rendered":"<div class=\"wpb-content-wrapper\">[vc_row thb_full_width=&#8221;true&#8221; thb_column_padding=&#8221;true&#8221; el_class=&#8221;portfolio-heading&#8221; css=&#8221;.vc_custom_1726485757295{padding-top: 250px !important;padding-bottom: 50px !important;}&#8221;][vc_column][vc_row_inner][vc_column_inner width=&#8221;1\/6&#8243;][\/vc_column_inner][vc_column_inner width=&#8221;2\/3&#8243;][vc_column_text css=&#8221;&#8221;]\n<h1>Prenez contact avec nous<\/h1>\n<h2>Parlez-nous de vos d\u00e9fis et de vos objectifs. Nous vous r\u00e9pondrons dans les 24 heures. <\/h2>\n[\/vc_column_text][vc_raw_html css=&#8221;&#8221;]PHNjcmlwdCBjaGFyc2V0PSJ1dGYtOCIgdHlwZT0idGV4dC9qYXZhc2NyaXB0IiBzcmM9Ii8vanMtZXUxLmhzZm9ybXMubmV0L2Zvcm1zL2VtYmVkL3YyLmpzIj48L3NjcmlwdD48c2NyaXB0Pmhic3B0LmZvcm1zLmNyZWF0ZSh7CiAgICByZWdpb246ICJldTEiLAogICAgcG9ydGFsSWQ6ICIxNDUxMTc5OTgiLAogICAgZm9ybUlkOiAiMzk3MmFiNGEtYTYxZS00NDgyLWFlYjUtNjQ2OTAxMGUxYTEyIgogIH0pOwo8L3NjcmlwdD4=[\/vc_raw_html][vc_column_text css=&#8221;&#8221;]Les donn\u00e9es ne sont en aucun cas transmises \u00e0 des tiers et sont utilis\u00e9es uniquement pour r\u00e9pondre \u00e0 votre demande de contact.[\/vc_column_text][\/vc_column_inner][vc_column_inner width=&#8221;1\/6&#8243;][\/vc_column_inner][\/vc_row_inner][\/vc_column][\/vc_row][vc_row css=&#8221;.vc_custom_1726485694447{padding-top: 50px !important;padding-bottom: 50px !important;}&#8221;][vc_column width=&#8221;1\/6&#8243;][\/vc_column][vc_column width=&#8221;2\/3&#8243;][vc_raw_html css=&#8221;&#8221;]PGgyPkF1dHJlcyBtb3llbnMgZGUgbm91cyBqb2luZHJlPC9oMj4KCjxwPkdSQUFBRgpTY2jDvHR6ZW53ZWcgMTxicj40MTIzIEFsbHNjaHdpbDxicj5TdWlzc2U8YnI+PC9wPgoKPHA+CmhlbGxvQGdyYWFhZi5jb208YnI+KzQxIDYxIDUwMSA5NSAxMQo8L3A+Cgo8cD4KVUlEIC8gVkFUIElEIDogQ0hFLTE4Ni45NTAuNzAwCjwvcD4=[\/vc_raw_html][\/vc_column][vc_column width=&#8221;1\/6&#8243;][\/vc_column][\/vc_row]\n<\/div>","protected":false},"excerpt":{"rendered":"<p>[vc_row thb_full_width=&#8221;true&#8221; thb_column_padding=&#8221;true&#8221; el_class=&#8221;portfolio-heading&#8221; css=&#8221;.vc_custom_1726485757295{padding-top: 250px !important;padding-bottom: 50px !important;}&#8221;][vc_column][vc_row_inner][vc_column_inner width=&#8221;1\/6&#8243;][\/vc_column_inner][vc_column_inner width=&#8221;2\/3&#8243;][vc_column_text css=&#8221;&#8221;] Prenez contact avec nous Parlez-nous de vos d\u00e9fis et de vos objectifs. Nous vous r\u00e9pondrons dans les 24 heures. [\/vc_column_text][vc_raw_html css=&#8221;&#8221;]PHNjcmlwdCBjaGFyc2V0PSJ1dGYtOCIgdHlwZT0idGV4dC9qYXZhc2NyaXB0IiBzcmM9Ii8vanMtZXUxLmhzZm9ybXMubmV0L2Zvcm1zL2VtYmVkL3YyLmpzIj48L3NjcmlwdD48c2NyaXB0Pmhic3B0LmZvcm1zLmNyZWF0ZSh7CiAgICByZWdpb246ICJldTEiLAogICAgcG9ydGFsSWQ6ICIxNDUxMTc5OTgiLAogICAgZm9ybUlkOiAiMzk3MmFiNGEtYTYxZS00NDgyLWFlYjUtNjQ2OTAxMGUxYTEyIgogIH0pOwo8L3NjcmlwdD4=[\/vc_raw_html][vc_column_text css=&#8221;&#8221;]Les donn\u00e9es ne sont en aucun cas transmises \u00e0 des tiers et sont utilis\u00e9es uniquement pour r\u00e9pondre \u00e0 votre demande de contact.[\/vc_column_text][\/vc_column_inner][vc_column_inner&hellip;<\/p>\n","protected":false},"author":1,"featured_media":0,"parent":0,"menu_order":0,"comment_status":"closed","ping_status":"closed","template":"","meta":{"_acf_changed":false,"footnotes":""},"class_list":["post-11733","page","type-page","status-publish","hentry"],"acf":[],"yoast_head":"<!-- This site is optimized with the Yoast SEO plugin v27.4 - https:\/\/yoast.com\/product\/yoast-seo-wordpress\/ -->\n<title>Contact - Graaaf<\/title>\n<meta name=\"robots\" content=\"index, follow, max-snippet:-1, max-image-preview:large, max-video-preview:-1\" \/>\n<link rel=\"canonical\" href=\"https:\/\/www.graaaf.com\/fr\/contact\/\" \/>\n<meta property=\"og:locale\" content=\"fr_FR\" \/>\n<meta property=\"og:type\" content=\"article\" \/>\n<meta property=\"og:title\" content=\"Contact - Graaaf\" \/>\n<meta property=\"og:description\" content=\"[vc_row thb_full_width=&#8221;true&#8221; thb_column_padding=&#8221;true&#8221; el_class=&#8221;portfolio-heading&#8221; css=&#8221;.vc_custom_1726485757295{padding-top: 250px !important;padding-bottom: 50px !important;}&#8221;][vc_column][vc_row_inner][vc_column_inner width=&#8221;1\/6&#8243;][\/vc_column_inner][vc_column_inner width=&#8221;2\/3&#8243;][vc_column_text css=&#8221;&#8221;] Prenez contact avec nous Parlez-nous de vos d\u00e9fis et de vos objectifs. Nous vous r\u00e9pondrons dans les 24 heures. [\/vc_column_text][vc_raw_html css=&#8221;&#8221;]PHNjcmlwdCBjaGFyc2V0PSJ1dGYtOCIgdHlwZT0idGV4dC9qYXZhc2NyaXB0IiBzcmM9Ii8vanMtZXUxLmhzZm9ybXMubmV0L2Zvcm1zL2VtYmVkL3YyLmpzIj48L3NjcmlwdD48c2NyaXB0Pmhic3B0LmZvcm1zLmNyZWF0ZSh7CiAgICByZWdpb246ICJldTEiLAogICAgcG9ydGFsSWQ6ICIxNDUxMTc5OTgiLAogICAgZm9ybUlkOiAiMzk3MmFiNGEtYTYxZS00NDgyLWFlYjUtNjQ2OTAxMGUxYTEyIgogIH0pOwo8L3NjcmlwdD4=[\/vc_raw_html][vc_column_text css=&#8221;&#8221;]Les donn\u00e9es ne sont en aucun cas transmises \u00e0 des tiers et sont utilis\u00e9es uniquement pour r\u00e9pondre \u00e0 votre demande de contact.[\/vc_column_text][\/vc_column_inner][vc_column_inner&hellip;\" \/>\n<meta property=\"og:url\" content=\"https:\/\/www.graaaf.com\/fr\/contact\/\" \/>\n<meta property=\"og:site_name\" content=\"Graaaf\" \/>\n<meta property=\"article:publisher\" content=\"https:\/\/www.facebook.com\/graaafcom\" \/>\n<meta property=\"article:modified_time\" content=\"2026-01-22T10:05:31+00:00\" \/>\n<meta property=\"og:image\" content=\"https:\/\/www.graaaf.com\/wordpress\/wp-content\/uploads\/2024\/03\/header-google-ads-2x-1-scaled.jpg\" \/>\n\t<meta property=\"og:image:width\" content=\"2560\" \/>\n\t<meta property=\"og:image:height\" content=\"1431\" \/>\n\t<meta property=\"og:image:type\" content=\"image\/jpeg\" \/>\n<meta name=\"twitter:card\" content=\"summary_large_image\" \/>\n<script type=\"application\/ld+json\" class=\"yoast-schema-graph\">{\"@context\":\"https:\\\/\\\/schema.org\",\"@graph\":[{\"@type\":\"WebPage\",\"@id\":\"https:\\\/\\\/www.graaaf.com\\\/fr\\\/contact\\\/\",\"url\":\"https:\\\/\\\/www.graaaf.com\\\/fr\\\/contact\\\/\",\"name\":\"Contact - Graaaf\",\"isPartOf\":{\"@id\":\"https:\\\/\\\/www.graaaf.com\\\/fr\\\/#website\"},\"datePublished\":\"2024-09-16T11:23:50+00:00\",\"dateModified\":\"2026-01-22T10:05:31+00:00\",\"breadcrumb\":{\"@id\":\"https:\\\/\\\/www.graaaf.com\\\/fr\\\/contact\\\/#breadcrumb\"},\"inLanguage\":\"fr-CH\",\"potentialAction\":[{\"@type\":\"ReadAction\",\"target\":[\"https:\\\/\\\/www.graaaf.com\\\/fr\\\/contact\\\/\"]}]},{\"@type\":\"BreadcrumbList\",\"@id\":\"https:\\\/\\\/www.graaaf.com\\\/fr\\\/contact\\\/#breadcrumb\",\"itemListElement\":[{\"@type\":\"ListItem\",\"position\":1,\"name\":\"Home\",\"item\":\"https:\\\/\\\/www.graaaf.com\\\/fr\\\/homepage-v4\\\/\"},{\"@type\":\"ListItem\",\"position\":2,\"name\":\"Contact\"}]},{\"@type\":\"WebSite\",\"@id\":\"https:\\\/\\\/www.graaaf.com\\\/fr\\\/#website\",\"url\":\"https:\\\/\\\/www.graaaf.com\\\/fr\\\/\",\"name\":\"GRAAAF\",\"description\":\"A digital marketing and communication agency\",\"publisher\":{\"@id\":\"https:\\\/\\\/www.graaaf.com\\\/fr\\\/#organization\"},\"potentialAction\":[{\"@type\":\"SearchAction\",\"target\":{\"@type\":\"EntryPoint\",\"urlTemplate\":\"https:\\\/\\\/www.graaaf.com\\\/fr\\\/?s={search_term_string}\"},\"query-input\":{\"@type\":\"PropertyValueSpecification\",\"valueRequired\":true,\"valueName\":\"search_term_string\"}}],\"inLanguage\":\"fr-CH\"},{\"@type\":\"Organization\",\"@id\":\"https:\\\/\\\/www.graaaf.com\\\/fr\\\/#organization\",\"name\":\"GRAAAF\",\"url\":\"https:\\\/\\\/www.graaaf.com\\\/fr\\\/\",\"logo\":{\"@type\":\"ImageObject\",\"inLanguage\":\"fr-CH\",\"@id\":\"https:\\\/\\\/www.graaaf.com\\\/fr\\\/#\\\/schema\\\/logo\\\/image\\\/\",\"url\":\"https:\\\/\\\/www.graaaf.com\\\/wordpress\\\/wp-content\\\/uploads\\\/2018\\\/05\\\/logo-website-graaaf-2018-positif.png\",\"contentUrl\":\"https:\\\/\\\/www.graaaf.com\\\/wordpress\\\/wp-content\\\/uploads\\\/2018\\\/05\\\/logo-website-graaaf-2018-positif.png\",\"width\":341,\"height\":66,\"caption\":\"GRAAAF\"},\"image\":{\"@id\":\"https:\\\/\\\/www.graaaf.com\\\/fr\\\/#\\\/schema\\\/logo\\\/image\\\/\"},\"sameAs\":[\"https:\\\/\\\/www.facebook.com\\\/graaafcom\",\"https:\\\/\\\/www.linkedin.com\\\/company\\\/graaaf\\\/\"]}]}<\/script>\n<!-- \/ Yoast SEO plugin. -->","yoast_head_json":{"title":"Contact - Graaaf","robots":{"index":"index","follow":"follow","max-snippet":"max-snippet:-1","max-image-preview":"max-image-preview:large","max-video-preview":"max-video-preview:-1"},"canonical":"https:\/\/www.graaaf.com\/fr\/contact\/","og_locale":"fr_FR","og_type":"article","og_title":"Contact - Graaaf","og_description":"[vc_row thb_full_width=&#8221;true&#8221; thb_column_padding=&#8221;true&#8221; el_class=&#8221;portfolio-heading&#8221; css=&#8221;.vc_custom_1726485757295{padding-top: 250px !important;padding-bottom: 50px !important;}&#8221;][vc_column][vc_row_inner][vc_column_inner width=&#8221;1\/6&#8243;][\/vc_column_inner][vc_column_inner width=&#8221;2\/3&#8243;][vc_column_text css=&#8221;&#8221;] Prenez contact avec nous Parlez-nous de vos d\u00e9fis et de vos objectifs. Nous vous r\u00e9pondrons dans les 24 heures. [\/vc_column_text][vc_raw_html css=&#8221;&#8221;]PHNjcmlwdCBjaGFyc2V0PSJ1dGYtOCIgdHlwZT0idGV4dC9qYXZhc2NyaXB0IiBzcmM9Ii8vanMtZXUxLmhzZm9ybXMubmV0L2Zvcm1zL2VtYmVkL3YyLmpzIj48L3NjcmlwdD48c2NyaXB0Pmhic3B0LmZvcm1zLmNyZWF0ZSh7CiAgICByZWdpb246ICJldTEiLAogICAgcG9ydGFsSWQ6ICIxNDUxMTc5OTgiLAogICAgZm9ybUlkOiAiMzk3MmFiNGEtYTYxZS00NDgyLWFlYjUtNjQ2OTAxMGUxYTEyIgogIH0pOwo8L3NjcmlwdD4=[\/vc_raw_html][vc_column_text css=&#8221;&#8221;]Les donn\u00e9es ne sont en aucun cas transmises \u00e0 des tiers et sont utilis\u00e9es uniquement pour r\u00e9pondre \u00e0 votre demande de contact.[\/vc_column_text][\/vc_column_inner][vc_column_inner&hellip;","og_url":"https:\/\/www.graaaf.com\/fr\/contact\/","og_site_name":"Graaaf","article_publisher":"https:\/\/www.facebook.com\/graaafcom","article_modified_time":"2026-01-22T10:05:31+00:00","og_image":[{"width":2560,"height":1431,"url":"https:\/\/www.graaaf.com\/wordpress\/wp-content\/uploads\/2024\/03\/header-google-ads-2x-1-scaled.jpg","type":"image\/jpeg"}],"twitter_card":"summary_large_image","schema":{"@context":"https:\/\/schema.org","@graph":[{"@type":"WebPage","@id":"https:\/\/www.graaaf.com\/fr\/contact\/","url":"https:\/\/www.graaaf.com\/fr\/contact\/","name":"Contact - Graaaf","isPartOf":{"@id":"https:\/\/www.graaaf.com\/fr\/#website"},"datePublished":"2024-09-16T11:23:50+00:00","dateModified":"2026-01-22T10:05:31+00:00","breadcrumb":{"@id":"https:\/\/www.graaaf.com\/fr\/contact\/#breadcrumb"},"inLanguage":"fr-CH","potentialAction":[{"@type":"ReadAction","target":["https:\/\/www.graaaf.com\/fr\/contact\/"]}]},{"@type":"BreadcrumbList","@id":"https:\/\/www.graaaf.com\/fr\/contact\/#breadcrumb","itemListElement":[{"@type":"ListItem","position":1,"name":"Home","item":"https:\/\/www.graaaf.com\/fr\/homepage-v4\/"},{"@type":"ListItem","position":2,"name":"Contact"}]},{"@type":"WebSite","@id":"https:\/\/www.graaaf.com\/fr\/#website","url":"https:\/\/www.graaaf.com\/fr\/","name":"GRAAAF","description":"A digital marketing and communication agency","publisher":{"@id":"https:\/\/www.graaaf.com\/fr\/#organization"},"potentialAction":[{"@type":"SearchAction","target":{"@type":"EntryPoint","urlTemplate":"https:\/\/www.graaaf.com\/fr\/?s={search_term_string}"},"query-input":{"@type":"PropertyValueSpecification","valueRequired":true,"valueName":"search_term_string"}}],"inLanguage":"fr-CH"},{"@type":"Organization","@id":"https:\/\/www.graaaf.com\/fr\/#organization","name":"GRAAAF","url":"https:\/\/www.graaaf.com\/fr\/","logo":{"@type":"ImageObject","inLanguage":"fr-CH","@id":"https:\/\/www.graaaf.com\/fr\/#\/schema\/logo\/image\/","url":"https:\/\/www.graaaf.com\/wordpress\/wp-content\/uploads\/2018\/05\/logo-website-graaaf-2018-positif.png","contentUrl":"https:\/\/www.graaaf.com\/wordpress\/wp-content\/uploads\/2018\/05\/logo-website-graaaf-2018-positif.png","width":341,"height":66,"caption":"GRAAAF"},"image":{"@id":"https:\/\/www.graaaf.com\/fr\/#\/schema\/logo\/image\/"},"sameAs":["https:\/\/www.facebook.com\/graaafcom","https:\/\/www.linkedin.com\/company\/graaaf\/"]}]}},"_links":{"self":[{"href":"https:\/\/www.graaaf.com\/fr\/wp-json\/wp\/v2\/pages\/11733","targetHints":{"allow":["GET"]}}],"collection":[{"href":"https:\/\/www.graaaf.com\/fr\/wp-json\/wp\/v2\/pages"}],"about":[{"href":"https:\/\/www.graaaf.com\/fr\/wp-json\/wp\/v2\/types\/page"}],"author":[{"embeddable":true,"href":"https:\/\/www.graaaf.com\/fr\/wp-json\/wp\/v2\/users\/1"}],"replies":[{"embeddable":true,"href":"https:\/\/www.graaaf.com\/fr\/wp-json\/wp\/v2\/comments?post=11733"}],"version-history":[{"count":0,"href":"https:\/\/www.graaaf.com\/fr\/wp-json\/wp\/v2\/pages\/11733\/revisions"}],"wp:attachment":[{"href":"https:\/\/www.graaaf.com\/fr\/wp-json\/wp\/v2\/media?parent=11733"}],"curies":[{"name":"wp","href":"https:\/\/api.w.org\/{rel}","templated":true}]}}